{"id":18595,"date":"2025-05-05T09:23:29","date_gmt":"2025-05-05T09:23:29","guid":{"rendered":"https:\/\/mobecor.ee\/?post_type=product&#038;p=18595"},"modified":"2026-04-13T08:39:45","modified_gmt":"2026-04-13T05:39:45","slug":"seinakapp-kammono-m4-wo30-35n","status":"publish","type":"product","link":"https:\/\/mobecor.ee\/en\/toode\/seinakapp-kammono-m4-wo30-35n\/","title":{"rendered":"Seinakapp Kammono M4 WO30\/35N"},"content":{"rendered":"<p>1-uksega k\u00f5rgendus\/\u00fclakapp k\u00f5rgetele kappidele.<br \/>\nUks avaneb \u00fcles.<br \/>\nEsipind\u00a0on valmistatud akr\u00fc\u00fclkattega m\u00f6\u00f6bliplaadist (18mm).<br \/>\nEsipind\u00a0on n\u00e4puj\u00e4ljevaba ja kriimustuskindel.<br \/>\nKahepoolselt viimistletud (m\u00f5lemad pooled sama v\u00e4rvi), puudutades sametised.<br \/>\nServadel ABS kant.<br \/>\nEsipindade v\u00e4rvivalik: Breeze Beige; Sahara Cream; Ice Grey; Macaron Green; Safari Grey; Rustic Red; Havana Coffee; Victoria Grey; Forest Green; Pearl Black; Bitter; Royal Grey; Linden; Sky Blue; Olive Green.<br \/>\nKorpus: m\u00f6\u00f6bliplaadist (16 mm).<br \/>\n<span lang=\"et-EE\">Korpuse v\u00e4rvivalik: valge; hall; kaszmir B (bee\u017e); cappuccino; must.<\/span><br \/>\n<span lang=\"et-EE\">K\u00e4epide: metallist.<\/span><br \/>\nToodetud: Poolas.<br \/>\nToode tarnitakse detailidena.<\/p>\n","protected":false},"excerpt":{"rendered":"<p>Laius: 30 cm.<br \/>\nS\u00fcgavus: 58 cm.<br \/>\nK\u00f5rgus: 35 cm.<br \/>\nTarneaeg: 4-8 n\u00e4dalat.<\/p>\n","protected":false},"featured_media":14266,"template":"","meta":{"_acf_changed":false,"inline_featured_image":false},"series":[],"product_brand":[2952],"product_cat":[406],"product_tag":[],"class_list":{"0":"post-18595","1":"product","2":"type-product","3":"status-publish","4":"has-post-thumbnail","6":"product_brand-meblekam","7":"product_cat-kammono-m4-seinakapid-35-cm","9":"first","10":"instock","11":"taxable","12":"shipping-taxable","13":"purchasable","14":"product-type-simple"},"acf":[],"_links":{"self":[{"href":"https:\/\/mobecor.ee\/en\/wp-json\/wp\/v2\/product\/18595","targetHints":{"allow":["GET"]}}],"collection":[{"href":"https:\/\/mobecor.ee\/en\/wp-json\/wp\/v2\/product"}],"about":[{"href":"https:\/\/mobecor.ee\/en\/wp-json\/wp\/v2\/types\/product"}],"wp:featuredmedia":[{"embeddable":true,"href":"https:\/\/mobecor.ee\/en\/wp-json\/wp\/v2\/media\/14266"}],"wp:attachment":[{"href":"https:\/\/mobecor.ee\/en\/wp-json\/wp\/v2\/media?parent=18595"}],"wp:term":[{"taxonomy":"series","embeddable":true,"href":"https:\/\/mobecor.ee\/en\/wp-json\/wp\/v2\/series?post=18595"},{"taxonomy":"product_brand","embeddable":true,"href":"https:\/\/mobecor.ee\/en\/wp-json\/wp\/v2\/product_brand?post=18595"},{"taxonomy":"product_cat","embeddable":true,"href":"https:\/\/mobecor.ee\/en\/wp-json\/wp\/v2\/product_cat?post=18595"},{"taxonomy":"product_tag","embeddable":true,"href":"https:\/\/mobecor.ee\/en\/wp-json\/wp\/v2\/product_tag?post=18595"}],"curies":[{"name":"wp","href":"https:\/\/api.w.org\/{rel}","templated":true}]}}