{"id":18786,"date":"2025-05-05T09:32:04","date_gmt":"2025-05-05T09:32:04","guid":{"rendered":"https:\/\/mobecor.ee\/?post_type=product&#038;p=18786"},"modified":"2026-04-13T08:01:45","modified_gmt":"2026-04-13T05:01:45","slug":"npm-uks-kammono-k2-fzmyw45","status":"publish","type":"product","link":"https:\/\/mobecor.ee\/en\/toode\/npm-uks-kammono-k2-fzmyw45\/","title":{"rendered":"N\u00f5udepesumasina uks Kammono K2 FZMYW45"},"content":{"rendered":"<ul>\n<li style=\"font-size: 14px;\">Uks integreeritavale n\u00f5udepesumasinale.<\/li>\n<li style=\"font-size: 14px;\">NB! Uks kinnitatakse integreeritava n\u00f5udepesumasina k\u00fclge. Ei sisalda korpust.<\/li>\n<li style=\"font-size: 14px;\"><span style=\"font-size: 14px;\">Esipinnad: valmistatud kvaliteetsest 18 mm paksusest lamineeritud m\u00f6\u00f6bliplaadist.<\/span><\/li>\n<li style=\"font-size: 14px;\"><span style=\"font-size: 14px;\">Servad kaetud 3 mm musta v\u00e4rvi ABS\u00a0kandiga, kasutatud on veekindlat PUR liimi.<\/span><\/li>\n<li style=\"font-size: 14px;\"><span style=\"font-size: 14px;\">Esipindade v\u00e4rvivalik: tamm hikkori; tamm nebraska, tamm kuldne; tamm arlington; tamm estana; tamm belmont; tamm vicenza; kalasaba tamm; san sebastian; marmur christal.<\/span><\/li>\n<li style=\"font-size: 14px;\"><span style=\"font-size: 14px;\"><span lang=\"et-EE\">K\u00e4epide: serva k\u00e4epide, alumiiniumist. Musta v\u00e4rvi, integreeritud servaga.<\/span><\/span><\/li>\n<li style=\"font-size: 14px;\"><span lang=\"et-EE\" style=\"font-size: 14px;\">Sokkel ei kuulu hinna sisse. V\u00f5imalik juurde tellida\u00a0<a href=\"https:\/\/mobecor.ee\/toode\/sokkel-kammono\/\" target=\"_blank\" rel=\"alternate noopener noreferrer\">SIIT<\/a>\u00a0v\u00f5i k\u00fcljesokkel\u00a0<a href=\"https:\/\/mobecor.ee\/toode\/kuljesokkel-kammono\/\" target=\"_blank\" rel=\"alternate noopener noreferrer\">SIIT<\/a>.<\/span><\/li>\n<li style=\"font-size: 14px;\"><span lang=\"et-EE\" style=\"font-size: 14px;\"><span lang=\"et-EE\">V<\/span><span lang=\"et-EE\">\u00f5imalik juurde tellida t\u00f6\u00f6pind\u00a0<a href=\"https:\/\/mobecor.ee\/tootekategooria\/koogimoobel\/tootasapinnad\/\" target=\"_blank\" rel=\"noopener noreferrer\">SIIT<\/a>.<\/span><\/span><\/li>\n<li style=\"font-size: 14px;\"><span style=\"font-size: 14px;\">Toodetud: Poolas.<\/span><\/li>\n<li style=\"font-size: 14px;\"><span style=\"font-size: 14px;\">Toode tarnitakse detailidena.<\/span><\/li>\n<li style=\"font-size: 14px;\"><span style=\"font-size: 14px;\">K\u00f5rgus: 71 cm.<\/span><\/li>\n<li style=\"font-size: 14px;\"><span style=\"font-size: 14px;\">S\u00fcgavus: 1,8 cm.<\/span><\/li>\n<li style=\"font-size: 14px;\"><span style=\"font-size: 14px;\">Laius: 45 cm.<\/span><\/li>\n<li style=\"font-size: 14px;\"><span style=\"font-size: 14px;\">Tarneaeg: 4-8 n\u00e4dalat.<\/span><\/li>\n<\/ul>\n","protected":false},"excerpt":{"rendered":"<p>Uks integreeritavale n\u00f5udepesumasinale. NB! Uks kinnitatakse integreeritava n\u00f5udepesumasina k\u00fclge. Ei sisalda korpust. Esipinnad: valmistatud kvaliteetsest 18 mm paksusest lamineeritud m\u00f6\u00f6bliplaadist&#8230;.<\/p>\n","protected":false},"featured_media":14068,"template":"","meta":{"_acf_changed":false,"inline_featured_image":false},"series":[],"product_brand":[2952],"product_cat":[411],"product_tag":[],"class_list":{"0":"post-18786","1":"product","2":"type-product","3":"status-publish","4":"has-post-thumbnail","6":"product_brand-meblekam","7":"product_cat-kammono-k2-madalad-kapid","9":"first","10":"instock","11":"taxable","12":"shipping-taxable","13":"purchasable","14":"product-type-simple"},"acf":[],"_links":{"self":[{"href":"https:\/\/mobecor.ee\/en\/wp-json\/wp\/v2\/product\/18786","targetHints":{"allow":["GET"]}}],"collection":[{"href":"https:\/\/mobecor.ee\/en\/wp-json\/wp\/v2\/product"}],"about":[{"href":"https:\/\/mobecor.ee\/en\/wp-json\/wp\/v2\/types\/product"}],"wp:featuredmedia":[{"embeddable":true,"href":"https:\/\/mobecor.ee\/en\/wp-json\/wp\/v2\/media\/14068"}],"wp:attachment":[{"href":"https:\/\/mobecor.ee\/en\/wp-json\/wp\/v2\/media?parent=18786"}],"wp:term":[{"taxonomy":"series","embeddable":true,"href":"https:\/\/mobecor.ee\/en\/wp-json\/wp\/v2\/series?post=18786"},{"taxonomy":"product_brand","embeddable":true,"href":"https:\/\/mobecor.ee\/en\/wp-json\/wp\/v2\/product_brand?post=18786"},{"taxonomy":"product_cat","embeddable":true,"href":"https:\/\/mobecor.ee\/en\/wp-json\/wp\/v2\/product_cat?post=18786"},{"taxonomy":"product_tag","embeddable":true,"href":"https:\/\/mobecor.ee\/en\/wp-json\/wp\/v2\/product_tag?post=18786"}],"curies":[{"name":"wp","href":"https:\/\/api.w.org\/{rel}","templated":true}]}}