{"id":18927,"date":"2025-05-05T09:39:00","date_gmt":"2025-05-05T09:39:00","guid":{"rendered":"https:\/\/mobecor.ee\/?post_type=product&#038;p=18927"},"modified":"2026-01-09T07:56:42","modified_gmt":"2026-01-09T05:56:42","slug":"komplekt-tatiana-240","status":"publish","type":"product","link":"https:\/\/mobecor.ee\/en\/toode\/komplekt-tatiana-240\/","title":{"rendered":"K\u00f6\u00f6gikomplekt Tatiana 240"},"content":{"rendered":"<p>Komplekti kuulub:<br \/>\n* 2-uksega seinakapp, laius 80 cm;<br \/>\n* 1-uksega seinakapp (kubukapp) laius 60 cm;<br \/>\n* 1-uksega seinakapp, laius 60 cm;<br \/>\n* 1-uksega seinakapp laius 40 cm;<br \/>\n* 2-uksega valamukapp, laius 80 cm;<br \/>\n* 1-uksega p\u00f5randakapp, laius 60 cm;<br \/>\n* 1-ukse ja 1- sahtliga p\u00f5randakapp, laius 40 cm;<br \/>\n* 28 mm paksusega t\u00f6\u00f6pind laiusega 80 cm ja 100,1 cm.<br \/>\nKappide j\u00e4rjestust on v\u00f5imalik muuta vastavalt omale soovile.<br \/>\nNB! Valamu ja tehnika ei kuulu komplekti.<br \/>\nMaterjal: lamineeritud m\u00f6\u00f6bliplaat + MDF.<br \/>\n\u00dclemiste kappide esipindade v\u00e4rv: p\u00e4hkel.<br \/>\nAlumiste kappide esipindade v\u00e4rv: ka\u0161miir.<br \/>\nKorpuse v\u00e4rv: tamm sonoma.<br \/>\nToodetud: Poolas.<\/p>\n","protected":false},"excerpt":{"rendered":"<p>Laius:\u00a0240 cm.<br \/>\nTarneaeg: laos kohe olemas.<\/p>\n","protected":false},"featured_media":14002,"template":"","meta":{"_acf_changed":false,"inline_featured_image":false},"series":[],"product_brand":[2942],"product_cat":[196,2931],"product_tag":[],"class_list":{"0":"post-18927","1":"product","2":"type-product","3":"status-publish","4":"has-post-thumbnail","6":"product_brand-halmar","7":"product_cat-koogikomplektid","8":"product_cat-koogimoobel-laos","10":"first","11":"instock","12":"taxable","13":"shipping-taxable","14":"purchasable","15":"product-type-simple"},"acf":[],"_links":{"self":[{"href":"https:\/\/mobecor.ee\/en\/wp-json\/wp\/v2\/product\/18927","targetHints":{"allow":["GET"]}}],"collection":[{"href":"https:\/\/mobecor.ee\/en\/wp-json\/wp\/v2\/product"}],"about":[{"href":"https:\/\/mobecor.ee\/en\/wp-json\/wp\/v2\/types\/product"}],"wp:featuredmedia":[{"embeddable":true,"href":"https:\/\/mobecor.ee\/en\/wp-json\/wp\/v2\/media\/14002"}],"wp:attachment":[{"href":"https:\/\/mobecor.ee\/en\/wp-json\/wp\/v2\/media?parent=18927"}],"wp:term":[{"taxonomy":"series","embeddable":true,"href":"https:\/\/mobecor.ee\/en\/wp-json\/wp\/v2\/series?post=18927"},{"taxonomy":"product_brand","embeddable":true,"href":"https:\/\/mobecor.ee\/en\/wp-json\/wp\/v2\/product_brand?post=18927"},{"taxonomy":"product_cat","embeddable":true,"href":"https:\/\/mobecor.ee\/en\/wp-json\/wp\/v2\/product_cat?post=18927"},{"taxonomy":"product_tag","embeddable":true,"href":"https:\/\/mobecor.ee\/en\/wp-json\/wp\/v2\/product_tag?post=18927"}],"curies":[{"name":"wp","href":"https:\/\/api.w.org\/{rel}","templated":true}]}}