{"id":19031,"date":"2025-05-05T09:44:29","date_gmt":"2025-05-05T09:44:29","guid":{"rendered":"https:\/\/mobecor.ee\/?post_type=product&#038;p=19031"},"modified":"2026-04-13T08:59:46","modified_gmt":"2026-04-13T05:59:46","slug":"kammono-p4-d80","status":"publish","type":"product","link":"https:\/\/mobecor.ee\/en\/toode\/kammono-p4-d80\/","title":{"rendered":"P\u00f5randakapp Kammono-P4 D80"},"content":{"rendered":"<ul>\n<li style=\"font-size: 14px;\"><span style=\"font-size: 14px;\">Kapil on 2 ust. <\/span><span style=\"font-size: 14px;\">Uksed on vaikselt sulguvad.<\/span><\/li>\n<li style=\"font-size: 14px;\"><span style=\"font-size: 14px;\">K\u00e4epidemed: metallist.<\/span><\/li>\n<li style=\"font-size: 14px;\"><span style=\"font-size: 14px;\">Esipinnad: m\u00f6\u00f6bliplaat 18 mm, kaetud PET-fooliumiga (matt) v\u00f5i akr\u00fc\u00fcllaminaadiga (k\u00f5rgl\u00e4ikega).<\/span><\/li>\n<li style=\"font-size: 14px;\"><span style=\"font-size: 14px;\">Korpus: 16 mm m\u00f6\u00f6bliplaat.<\/span><\/li>\n<li style=\"font-size: 14px;\"><span style=\"font-size: 14px;\"><span lang=\"et-EE\">Esipindade v\u00e4rvivalik P4: kreem matt; kaszmir matt; skalny matt; bazalt matt; valge matt; helehall matt; tumehall matt; must matt; l\u00e4ikiv valge; l\u00e4ikiv hall; l\u00e4ikiv kaszmir.<\/span><\/span><\/li>\n<li style=\"font-size: 14px;\"><span style=\"font-size: 14px;\"><span lang=\"et-EE\">Korpuse v\u00e4rvivalik: valge; hall; kaszmir B; cappuccino; must.<\/span><\/span><\/li>\n<li style=\"font-size: 14px;\"><span style=\"font-size: 14px;\"><span lang=\"et-EE\">V<\/span><span lang=\"et-EE\">\u00f5imalik juurde tellida t\u00f6\u00f6pind\u00a0<a href=\"https:\/\/mobecor.ee\/tootekategooria\/koogimoobel\/tootasapinnad\/\" target=\"_blank\" rel=\"noopener noreferrer\">SIIT<\/a>.<\/span><\/span><\/li>\n<li style=\"font-size: 14px;\"><span style=\"font-size: 14px;\">Kapil on reguleeritavad jalad. Valikus k\u00f5rgusega 10 v\u00f5i 15 cm.<\/span><\/li>\n<li style=\"font-size: 14px;\"><span style=\"font-size: 14px;\"><span lang=\"et-EE\">Sokkel ei kuulu hinna sisse. V\u00f5imalik juurde tellida\u00a0<a href=\"https:\/\/mobecor.ee\/toode\/sokkel-kammono\/\" target=\"_blank\" rel=\"alternate noopener noreferrer\">SIIT<\/a>\u00a0v\u00f5i k\u00fcljesokkel\u00a0<a href=\"https:\/\/mobecor.ee\/toode\/kuljesokkel-kammono\/\" target=\"_blank\" rel=\"alternate noopener noreferrer\">SIIT<\/a>.<\/span><\/span><\/li>\n<li style=\"font-size: 14px;\"><span style=\"font-size: 14px;\">Toodetud: Poolas.<\/span><\/li>\n<li style=\"font-size: 14px;\"><span style=\"font-size: 14px;\">Toode tarnitakse detailidena.<\/span><\/li>\n<li style=\"font-size: 14px;\"><span style=\"font-size: 14px;\">K\u00f5rgus: 71 cm.<\/span><\/li>\n<li style=\"font-size: 14px;\"><span style=\"font-size: 14px;\">S\u00fcgavus:\u00a051 cm.<\/span><\/li>\n<li style=\"font-size: 14px;\"><span style=\"font-size: 14px;\">Laius: 80 cm.<\/span><\/li>\n<li style=\"font-size: 14px;\"><span style=\"font-size: 14px;\">Tarneaeg: 4-8 n\u00e4dalat.<\/span><\/li>\n<\/ul>\n","protected":false},"excerpt":{"rendered":"<p>Kapil on 2 ust. Uksed on vaikselt sulguvad. K\u00e4epidemed: metallist. Esipinnad: m\u00f6\u00f6bliplaat 18 mm, kaetud PET-fooliumiga (matt) v\u00f5i akr\u00fc\u00fcllaminaadiga (k\u00f5rgl\u00e4ikega)&#8230;.<\/p>\n","protected":false},"featured_media":13718,"template":"","meta":{"_acf_changed":false,"inline_featured_image":false},"series":[],"product_brand":[2952],"product_cat":[421],"product_tag":[],"class_list":{"0":"post-19031","1":"product","2":"type-product","3":"status-publish","4":"has-post-thumbnail","6":"product_brand-meblekam","7":"product_cat-kammono-p4-porandakapid","9":"first","10":"instock","11":"taxable","12":"shipping-taxable","13":"purchasable","14":"product-type-simple"},"acf":[],"_links":{"self":[{"href":"https:\/\/mobecor.ee\/en\/wp-json\/wp\/v2\/product\/19031","targetHints":{"allow":["GET"]}}],"collection":[{"href":"https:\/\/mobecor.ee\/en\/wp-json\/wp\/v2\/product"}],"about":[{"href":"https:\/\/mobecor.ee\/en\/wp-json\/wp\/v2\/types\/product"}],"wp:featuredmedia":[{"embeddable":true,"href":"https:\/\/mobecor.ee\/en\/wp-json\/wp\/v2\/media\/13718"}],"wp:attachment":[{"href":"https:\/\/mobecor.ee\/en\/wp-json\/wp\/v2\/media?parent=19031"}],"wp:term":[{"taxonomy":"series","embeddable":true,"href":"https:\/\/mobecor.ee\/en\/wp-json\/wp\/v2\/series?post=19031"},{"taxonomy":"product_brand","embeddable":true,"href":"https:\/\/mobecor.ee\/en\/wp-json\/wp\/v2\/product_brand?post=19031"},{"taxonomy":"product_cat","embeddable":true,"href":"https:\/\/mobecor.ee\/en\/wp-json\/wp\/v2\/product_cat?post=19031"},{"taxonomy":"product_tag","embeddable":true,"href":"https:\/\/mobecor.ee\/en\/wp-json\/wp\/v2\/product_tag?post=19031"}],"curies":[{"name":"wp","href":"https:\/\/api.w.org\/{rel}","templated":true}]}}