{"id":19056,"date":"2025-05-05T09:45:49","date_gmt":"2025-05-05T09:45:49","guid":{"rendered":"https:\/\/mobecor.ee\/?post_type=product&#038;p=19056"},"modified":"2026-03-12T12:19:37","modified_gmt":"2026-03-12T10:19:37","slug":"padi-pure-dream","status":"publish","type":"product","link":"https:\/\/mobecor.ee\/en\/toode\/padi-pure-dream\/","title":{"rendered":"Padi Pure Dream"},"content":{"rendered":"<p>Padja Pure Dream t\u00e4idis:<br \/>\n* v\u00e4limised kihid &#8211; valge hanesulg.<br \/>\n* keskmine kiht &#8211;\u00a0 hall pardisulg.<br \/>\nPadjal on 4 kihti kangast, kate on 100% puuvill\/sisemine kangas 100% pol\u00fcester.<br \/>\nHooldus: masinpesu ja kuivatamine.<br \/>\nP\u00e4rast pesu kuivatage trummelkuivatis, kuni t\u00e4idis on t\u00e4ielikult kuivanud. Masinpesu, max 60\u00b0C, tavaprogramm. Kasutage pesemisel 1\/3 tavap\u00e4rasest pesuainekogusest.<br \/>\nPadjal on tugevad \u00f5mblused, mis takistavad t\u00e4idise v\u00e4ljap\u00e4\u00e4su ning v\u00f5imaldavad padjal s\u00e4ilitada kuju ja pehmuse ka p\u00e4rast korduvat pesu.<br \/>\nPadja eluea pikendamiseks on soovitatav patja regulaarselt tuulutada ja kasutada padjap\u00fc\u00fcre.<br \/>\nNeed padjad sobivad ideaalselt igal aastaajal, pakkudes pehmust ja tuge kaelale ja selgroole, parandades une kvaliteeti.<\/p>\n<p>&nbsp;<\/p>\n","protected":false},"excerpt":{"rendered":"<p>Padja k\u00f5rgus: kuni 17 cm.<br \/>\nLaius: 70 cm.<br \/>\nS\u00fcgavus: 50 cm.<br \/>\nTarneaeg: kuni\u00a04 n\u00e4dalat.<\/p>\n","protected":false},"featured_media":13864,"template":"","meta":{"_acf_changed":false,"inline_featured_image":false},"series":[],"product_brand":[2858],"product_cat":[413],"product_tag":[],"class_list":{"0":"post-19056","1":"product","2":"type-product","3":"status-publish","4":"has-post-thumbnail","6":"product_brand-sendeko","7":"product_cat-sendeko-padjad","9":"first","10":"instock","11":"taxable","12":"shipping-taxable","13":"purchasable","14":"product-type-simple"},"acf":[],"_links":{"self":[{"href":"https:\/\/mobecor.ee\/en\/wp-json\/wp\/v2\/product\/19056","targetHints":{"allow":["GET"]}}],"collection":[{"href":"https:\/\/mobecor.ee\/en\/wp-json\/wp\/v2\/product"}],"about":[{"href":"https:\/\/mobecor.ee\/en\/wp-json\/wp\/v2\/types\/product"}],"wp:featuredmedia":[{"embeddable":true,"href":"https:\/\/mobecor.ee\/en\/wp-json\/wp\/v2\/media\/13864"}],"wp:attachment":[{"href":"https:\/\/mobecor.ee\/en\/wp-json\/wp\/v2\/media?parent=19056"}],"wp:term":[{"taxonomy":"series","embeddable":true,"href":"https:\/\/mobecor.ee\/en\/wp-json\/wp\/v2\/series?post=19056"},{"taxonomy":"product_brand","embeddable":true,"href":"https:\/\/mobecor.ee\/en\/wp-json\/wp\/v2\/product_brand?post=19056"},{"taxonomy":"product_cat","embeddable":true,"href":"https:\/\/mobecor.ee\/en\/wp-json\/wp\/v2\/product_cat?post=19056"},{"taxonomy":"product_tag","embeddable":true,"href":"https:\/\/mobecor.ee\/en\/wp-json\/wp\/v2\/product_tag?post=19056"}],"curies":[{"name":"wp","href":"https:\/\/api.w.org\/{rel}","templated":true}]}}