{"id":19151,"date":"2025-05-05T09:50:57","date_gmt":"2025-05-05T09:50:57","guid":{"rendered":"https:\/\/mobecor.ee\/?post_type=product&#038;p=19151"},"modified":"2026-04-13T08:57:18","modified_gmt":"2026-04-13T05:57:18","slug":"kammono-p4-wo60-51","status":"publish","type":"product","link":"https:\/\/mobecor.ee\/en\/toode\/kammono-p4-wo60-51\/","title":{"rendered":"\u00d5hupuhastikapp Kammono-P4 WO60\/51P1  + \u00f5hupuhasti"},"content":{"rendered":"<ul>\n<li style=\"font-size: 14px;\"><span style=\"font-size: 14px;\">1-uksega \u00f5hupuhastikapp.<\/span><\/li>\n<li style=\"font-size: 14px;\">Komplekti kuulub \u00f5hupuhasti Franke.<\/li>\n<li style=\"font-size: 14px;\"><span style=\"font-size: 14px;\">NB! Kapp\u00a0sobib seinakappidega, mis on\u00a0k\u00f5rgusega\u00a071 cm.<\/span><\/li>\n<li style=\"font-size: 14px;\"><span style=\"font-size: 14px;\">Esipinnad: m\u00f6\u00f6bliplaat 18 mm, kaetud PET-fooliumiga (matt) v\u00f5i akr\u00fc\u00fcllaminaadiga (k\u00f5rgl\u00e4ikega).<\/span><\/li>\n<li style=\"font-size: 14px;\"><span style=\"font-size: 14px;\">Korpus: 16 mm m\u00f6\u00f6bliplaat.<\/span><\/li>\n<li style=\"font-size: 14px;\"><span style=\"font-size: 14px;\"><span lang=\"et-EE\">Esipindade v\u00e4rvivalik P4: kreem matt; kaszmir matt; skalny matt; bazalt matt; valge matt; helehall matt; tumehall matt; must matt; l\u00e4ikiv valge; l\u00e4ikiv hall; l\u00e4ikiv kaszmir.<\/span><\/span><\/li>\n<li style=\"font-size: 14px;\"><span style=\"font-size: 14px;\"><span lang=\"et-EE\">Korpuse v\u00e4rvivalik: valge; hall; kaszmir B; cappuccino; must.<\/span><\/span><\/li>\n<li style=\"font-size: 14px;\"><span style=\"font-size: 14px;\"><span lang=\"et-EE\">K\u00e4epide: metallist.<\/span><\/span><\/li>\n<li style=\"font-size: 14px;\"><span style=\"font-size: 14px;\">Toodetud: Poolas.<\/span><\/li>\n<li style=\"font-size: 14px;\"><span style=\"font-size: 14px;\">Toode tarnitakse detailidena.<\/span><\/li>\n<li style=\"font-size: 14px;\"><span style=\"font-size: 14px;\">K\u00f5rgus: 51 cm.<\/span><\/li>\n<li style=\"font-size: 14px;\"><span style=\"font-size: 14px;\">S\u00fcgavus: 32 cm.<\/span><\/li>\n<li style=\"font-size: 14px;\"><span style=\"font-size: 14px;\">Laius: 60 cm.<\/span><\/li>\n<li style=\"font-size: 14px;\"><span style=\"font-size: 14px;\">Tarneaeg: 4-8 n\u00e4dalat.<\/span><\/li>\n<li style=\"font-size: 14px;\"><span style=\"font-size: 14px;\">\u00d5hupuhasti: v\u00e4rv: roostevaba teras (P1), must (P1C), valge (P1B).\u00a0V\u00f5imsus: 310 m3\/h.<\/span><\/li>\n<li style=\"font-size: 14px;\"><span style=\"font-size: 14px;\">Kiirused: 3.\u00a0Valgustus: LED 2 x 4W.<\/span><\/li>\n<li style=\"font-size: 14px;\"><span style=\"font-size: 14px;\">S\u00fcsinikfilter: ei kuulu komplekti. V\u00f5imalik juurde osta lisavalikuna.<\/span><\/li>\n<\/ul>\n","protected":false},"excerpt":{"rendered":"<p>1-uksega \u00f5hupuhastikapp. Komplekti kuulub \u00f5hupuhasti Franke. NB! Kapp\u00a0sobib seinakappidega, mis on\u00a0k\u00f5rgusega\u00a071 cm. Esipinnad: m\u00f6\u00f6bliplaat 18 mm, kaetud PET-fooliumiga (matt) v\u00f5i&#8230;<\/p>\n","protected":false},"featured_media":13740,"template":"","meta":{"_acf_changed":false,"inline_featured_image":false},"series":[],"product_brand":[2952],"product_cat":[316],"product_tag":[],"class_list":{"0":"post-19151","1":"product","2":"type-product","3":"status-publish","4":"has-post-thumbnail","6":"product_brand-meblekam","7":"product_cat-kammono-p4-seinakapid","9":"first","10":"instock","11":"taxable","12":"shipping-taxable","13":"purchasable","14":"product-type-variable"},"acf":[],"_links":{"self":[{"href":"https:\/\/mobecor.ee\/en\/wp-json\/wp\/v2\/product\/19151","targetHints":{"allow":["GET"]}}],"collection":[{"href":"https:\/\/mobecor.ee\/en\/wp-json\/wp\/v2\/product"}],"about":[{"href":"https:\/\/mobecor.ee\/en\/wp-json\/wp\/v2\/types\/product"}],"wp:featuredmedia":[{"embeddable":true,"href":"https:\/\/mobecor.ee\/en\/wp-json\/wp\/v2\/media\/13740"}],"wp:attachment":[{"href":"https:\/\/mobecor.ee\/en\/wp-json\/wp\/v2\/media?parent=19151"}],"wp:term":[{"taxonomy":"series","embeddable":true,"href":"https:\/\/mobecor.ee\/en\/wp-json\/wp\/v2\/series?post=19151"},{"taxonomy":"product_brand","embeddable":true,"href":"https:\/\/mobecor.ee\/en\/wp-json\/wp\/v2\/product_brand?post=19151"},{"taxonomy":"product_cat","embeddable":true,"href":"https:\/\/mobecor.ee\/en\/wp-json\/wp\/v2\/product_cat?post=19151"},{"taxonomy":"product_tag","embeddable":true,"href":"https:\/\/mobecor.ee\/en\/wp-json\/wp\/v2\/product_tag?post=19151"}],"curies":[{"name":"wp","href":"https:\/\/api.w.org\/{rel}","templated":true}]}}