{"id":19232,"date":"2025-05-05T09:55:26","date_gmt":"2025-05-05T09:55:26","guid":{"rendered":"https:\/\/mobecor.ee\/?post_type=product&#038;p=19232"},"modified":"2026-03-26T15:09:58","modified_gmt":"2026-03-26T13:09:58","slug":"diivanvoodi-alka","status":"publish","type":"product","link":"https:\/\/mobecor.ee\/en\/toode\/diivanvoodi-alka\/","title":{"rendered":"Diivanvoodi Alka (222 cm)"},"content":{"rendered":"<p>Diivanvoodil on bonell vedrustus, pehmenduseks poroloon.<br \/>\nMagamisosa\u00a0all on pesukast.<br \/>\nMagamisosa avaneb lihtsalt ning sobib igap\u00e4evaseks kasutuseks.<br \/>\nV\u00e4rvivalik: R1 (bee\u017e); R2 (latte); R3 (helehall); R4 (hall); R5 (grafiit).<br \/>\nToodetud: Poolas.<span style=\"font-size: 10pt;\"><span id=\"cloakd5efbd90ec81f1004c9d41d42a2c3c9d\"><span id=\"cloakd25131f0b33506a81f2f31e2de88040f\"><span id=\"cloak190b854e2f066c7222bd7627a0d4545b\"><span id=\"cloak4ba46fd323ca59ee4265c01e1e71fe6f\"><span id=\"cloakdad2643bf328cebd1fce50635c2d4047\"><span id=\"cloak30cdf29fd83db3e257fae16649326180\"><span id=\"cloakb662600180816ac9f4e08d276602ca48\"><span id=\"cloak687f44bdc1b9e9376ea7f7a357768544\"><a href=\"mailto:info@mobecor.ee\"><br \/>\n<\/a><\/span><\/span><\/span><\/span><\/span><\/span><\/span><\/span><\/span><\/p>\n","protected":false},"excerpt":{"rendered":"<p>Laius: 222 cm.<br \/>\nS\u00fcgavus:\u00a090 cm.<br \/>\nK\u00f5rgus: 94 cm.<br \/>\nMagamiskoht: 119 x 196 cm.<br \/>\nTarneaeg: 4-8 n\u00e4dalat.<br \/>\n<strong>NB! V\u00f5rus kohe olemas v\u00e4rviga: R2 (latte); R4 (hall); R5 (grafiit).<br \/>\nTartus kohe olemas v\u00e4rviga:<\/strong> <strong>R5 (grafiit) ja R2 (latte).<\/strong><br \/>\nNB! Diivani v\u00e4rvi tumedusaste v\u00f5ib veidi erineda pildil ja tegelikkuses. K\u00f5iki kangaid saab n\u00e4ha Mobecori m\u00f6\u00f6blipoodides kohapeal.<\/p>\n","protected":false},"featured_media":82540,"template":"","meta":{"_acf_changed":false,"inline_featured_image":false},"series":[],"product_brand":[2947],"product_cat":[195,2935,4020],"product_tag":[],"class_list":{"0":"post-19232","1":"product","2":"type-product","3":"status-publish","4":"has-post-thumbnail","6":"product_brand-bodzio","7":"product_cat-diivanvoodid","8":"product_cat-pehmemoobel-laos","9":"product_cat-kohe-olemas-tartu-poes","11":"first","12":"instock","13":"sale","14":"taxable","15":"shipping-taxable","16":"purchasable","17":"product-type-simple"},"acf":[],"_links":{"self":[{"href":"https:\/\/mobecor.ee\/en\/wp-json\/wp\/v2\/product\/19232","targetHints":{"allow":["GET"]}}],"collection":[{"href":"https:\/\/mobecor.ee\/en\/wp-json\/wp\/v2\/product"}],"about":[{"href":"https:\/\/mobecor.ee\/en\/wp-json\/wp\/v2\/types\/product"}],"wp:featuredmedia":[{"embeddable":true,"href":"https:\/\/mobecor.ee\/en\/wp-json\/wp\/v2\/media\/82540"}],"wp:attachment":[{"href":"https:\/\/mobecor.ee\/en\/wp-json\/wp\/v2\/media?parent=19232"}],"wp:term":[{"taxonomy":"series","embeddable":true,"href":"https:\/\/mobecor.ee\/en\/wp-json\/wp\/v2\/series?post=19232"},{"taxonomy":"product_brand","embeddable":true,"href":"https:\/\/mobecor.ee\/en\/wp-json\/wp\/v2\/product_brand?post=19232"},{"taxonomy":"product_cat","embeddable":true,"href":"https:\/\/mobecor.ee\/en\/wp-json\/wp\/v2\/product_cat?post=19232"},{"taxonomy":"product_tag","embeddable":true,"href":"https:\/\/mobecor.ee\/en\/wp-json\/wp\/v2\/product_tag?post=19232"}],"curies":[{"name":"wp","href":"https:\/\/api.w.org\/{rel}","templated":true}]}}