{"id":19271,"date":"2025-05-05T09:57:41","date_gmt":"2025-05-05T09:57:41","guid":{"rendered":"https:\/\/mobecor.ee\/?post_type=product&#038;p=19271"},"modified":"2026-04-07T14:37:46","modified_gmt":"2026-04-07T11:37:46","slug":"nurgadiivan-storm-s","status":"publish","type":"product","link":"https:\/\/mobecor.ee\/en\/toode\/nurgadiivan-storm-s\/","title":{"rendered":"Nurgadiivan Storm S (280\/189\/102)"},"content":{"rendered":"<p>Nurgadiivanil on liigutatavad seljatoed, mille abil saab muuta istumiss\u00fcgavust ja seljatoe k\u00f5rgust.<br \/>\nLisavalikuna on v\u00f5imalik juurde osta <a href=\"https:\/\/mobecor.ee\/toode\/elektriline-jalatugi\/\" target=\"_blank\" rel=\"noopener\">elektriline jalatugi Storm<\/a>.<br \/>\nVedrustus: sik-sak.<br \/>\nJalad: metallist.<br \/>\nToodetud: Poolas.<br \/>\nNB! Hind kehtib I grupi kangastega (piltidel I grupi kangad).<br \/>\nSuuremat kangavalikut on v\u00f5imalik n\u00e4ha Mobecori m\u00f6\u00f6blipoes V\u00f5rus.<span style=\"font-size: 14px;\"><br \/>\n<\/span><\/p>\n","protected":false},"excerpt":{"rendered":"<p>Laius: 280 cm.<br \/>\nS\u00fcgavus: 170\/189 cm.<br \/>\nK\u00f5rgus: 92\/102 cm.<br \/>\nIstumisk\u00f5rgus: 47 cm.<br \/>\nJala k\u00f5rgus: 20 cm.<br \/>\nTarneaeg: 10-16 n\u00e4dalat.<\/p>\n","protected":false},"featured_media":13548,"template":"","meta":{"_acf_changed":false,"inline_featured_image":false},"series":[],"product_brand":[2955],"product_cat":[213],"product_tag":[],"class_list":{"0":"post-19271","1":"product","2":"type-product","3":"status-publish","4":"has-post-thumbnail","6":"product_brand-wersal","7":"product_cat-nurgadiivanid","9":"first","10":"instock","11":"taxable","12":"shipping-taxable","13":"purchasable","14":"product-type-simple"},"acf":[],"_links":{"self":[{"href":"https:\/\/mobecor.ee\/en\/wp-json\/wp\/v2\/product\/19271","targetHints":{"allow":["GET"]}}],"collection":[{"href":"https:\/\/mobecor.ee\/en\/wp-json\/wp\/v2\/product"}],"about":[{"href":"https:\/\/mobecor.ee\/en\/wp-json\/wp\/v2\/types\/product"}],"wp:featuredmedia":[{"embeddable":true,"href":"https:\/\/mobecor.ee\/en\/wp-json\/wp\/v2\/media\/13548"}],"wp:attachment":[{"href":"https:\/\/mobecor.ee\/en\/wp-json\/wp\/v2\/media?parent=19271"}],"wp:term":[{"taxonomy":"series","embeddable":true,"href":"https:\/\/mobecor.ee\/en\/wp-json\/wp\/v2\/series?post=19271"},{"taxonomy":"product_brand","embeddable":true,"href":"https:\/\/mobecor.ee\/en\/wp-json\/wp\/v2\/product_brand?post=19271"},{"taxonomy":"product_cat","embeddable":true,"href":"https:\/\/mobecor.ee\/en\/wp-json\/wp\/v2\/product_cat?post=19271"},{"taxonomy":"product_tag","embeddable":true,"href":"https:\/\/mobecor.ee\/en\/wp-json\/wp\/v2\/product_tag?post=19271"}],"curies":[{"name":"wp","href":"https:\/\/api.w.org\/{rel}","templated":true}]}}