{"id":19308,"date":"2025-05-05T09:59:01","date_gmt":"2025-05-05T09:59:01","guid":{"rendered":"https:\/\/mobecor.ee\/?post_type=product&#038;p=19308"},"modified":"2026-04-13T08:55:12","modified_gmt":"2026-04-13T05:55:12","slug":"kammono-p4-wp8c80-100","status":"publish","type":"product","link":"https:\/\/mobecor.ee\/en\/toode\/kammono-p4-wp8c80-100\/","title":{"rendered":"\u00d5hupuhastikapp Kammono-P4 WP8C80\/100 + \u00f5hupuhasti P8"},"content":{"rendered":"<ul>\n<li style=\"font-size: 14px;\"><span style=\"font-size: 14px;\">2-uksega \u00f5hupuhastikapp. Uksed on vaikselt sulguvad.<\/span><\/li>\n<li style=\"font-size: 14px;\">Komplekti kuulub integreeritav \u00f5hupuhasti P8.<\/li>\n<li style=\"font-size: 14px;\"><span style=\"font-size: 14px;\">Esipinnad: m\u00f6\u00f6bliplaat 18 mm, kaetud PET-fooliumiga (matt) v\u00f5i akr\u00fc\u00fcllaminaadiga (k\u00f5rgl\u00e4ikega).<\/span><\/li>\n<li style=\"font-size: 14px;\"><span style=\"font-size: 14px;\">Korpus: 16 mm m\u00f6\u00f6bliplaat.<\/span><\/li>\n<li style=\"font-size: 14px;\"><span style=\"font-size: 14px;\"><span lang=\"et-EE\">Esipindade v\u00e4rvivalik P4: kreem matt; kaszmir matt; skalny matt; bazalt matt; valge matt; helehall matt; tumehall matt; must matt; l\u00e4ikiv valge; l\u00e4ikiv hall; l\u00e4ikiv kaszmir.<\/span><\/span><\/li>\n<li style=\"font-size: 14px;\"><span style=\"font-size: 14px;\"><span lang=\"et-EE\">Korpuse v\u00e4rvivalik: valge; hall; kaszmir B; cappuccino; must.<\/span><\/span><\/li>\n<li style=\"font-size: 14px;\"><span style=\"font-size: 14px;\"><span lang=\"et-EE\">K\u00e4epidemed: metallist.<\/span><\/span><\/li>\n<li style=\"font-size: 14px;\"><span style=\"font-size: 14px;\">Toodetud: Poolas.<\/span><\/li>\n<li style=\"font-size: 14px;\"><span style=\"font-size: 14px;\">Toode tarnitakse detailidena.<\/span><\/li>\n<li style=\"font-size: 14px;\"><span style=\"font-size: 14px;\">K\u00f5rgus: 100 cm.<\/span><\/li>\n<li style=\"font-size: 14px;\"><span style=\"font-size: 14px;\">S\u00fcgavus: 32 cm.<\/span><\/li>\n<li style=\"font-size: 14px;\"><span style=\"font-size: 14px;\">Laius: 80 cm.<\/span><\/li>\n<li style=\"font-size: 14px;\"><span style=\"font-size: 14px;\">Tarneaeg: 4-8 n\u00e4dalat.<\/span><\/li>\n<li style=\"font-size: 14px;\"><span style=\"font-size: 14px;\">\u00d5hupuhasti P8:\u00a0\u00a0V\u00e4rv: must<em>.\u00a0<\/em>V\u00f5imsus: 615 m3\/h. Kiirused: 4.\u00a0Valgustus: integreeritud LED-riba<\/span><\/li>\n<li style=\"font-size: 14px;\"><span style=\"font-size: 14px;\">S\u00fcsinikfilter: ei kuulu komplekti. V\u00f5imalik juurde osta lisavalikuna.<\/span><\/li>\n<li style=\"font-size: 14px;\"><span style=\"font-size: 14px;\">Minimaalne paigaldusk\u00f5rgus induktsioonpliidi kohal = 50 cm.<\/span><\/li>\n<\/ul>\n","protected":false},"excerpt":{"rendered":"<p>2-uksega \u00f5hupuhastikapp. Uksed on vaikselt sulguvad. Komplekti kuulub integreeritav \u00f5hupuhasti P8. Esipinnad: m\u00f6\u00f6bliplaat 18 mm, kaetud PET-fooliumiga (matt) v\u00f5i akr\u00fc\u00fcllaminaadiga&#8230;<\/p>\n","protected":false},"featured_media":13622,"template":"","meta":{"_acf_changed":false,"inline_featured_image":false},"series":[],"product_brand":[2952],"product_cat":[316],"product_tag":[],"class_list":{"0":"post-19308","1":"product","2":"type-product","3":"status-publish","4":"has-post-thumbnail","6":"product_brand-meblekam","7":"product_cat-kammono-p4-seinakapid","9":"first","10":"instock","11":"taxable","12":"shipping-taxable","13":"purchasable","14":"product-type-variable"},"acf":[],"_links":{"self":[{"href":"https:\/\/mobecor.ee\/en\/wp-json\/wp\/v2\/product\/19308","targetHints":{"allow":["GET"]}}],"collection":[{"href":"https:\/\/mobecor.ee\/en\/wp-json\/wp\/v2\/product"}],"about":[{"href":"https:\/\/mobecor.ee\/en\/wp-json\/wp\/v2\/types\/product"}],"wp:featuredmedia":[{"embeddable":true,"href":"https:\/\/mobecor.ee\/en\/wp-json\/wp\/v2\/media\/13622"}],"wp:attachment":[{"href":"https:\/\/mobecor.ee\/en\/wp-json\/wp\/v2\/media?parent=19308"}],"wp:term":[{"taxonomy":"series","embeddable":true,"href":"https:\/\/mobecor.ee\/en\/wp-json\/wp\/v2\/series?post=19308"},{"taxonomy":"product_brand","embeddable":true,"href":"https:\/\/mobecor.ee\/en\/wp-json\/wp\/v2\/product_brand?post=19308"},{"taxonomy":"product_cat","embeddable":true,"href":"https:\/\/mobecor.ee\/en\/wp-json\/wp\/v2\/product_cat?post=19308"},{"taxonomy":"product_tag","embeddable":true,"href":"https:\/\/mobecor.ee\/en\/wp-json\/wp\/v2\/product_tag?post=19308"}],"curies":[{"name":"wp","href":"https:\/\/api.w.org\/{rel}","templated":true}]}}