{"id":19348,"date":"2025-05-05T10:00:01","date_gmt":"2025-05-05T10:00:01","guid":{"rendered":"https:\/\/mobecor.ee\/?post_type=product&#038;p=19348"},"modified":"2026-02-18T15:49:02","modified_gmt":"2026-02-18T13:49:02","slug":"laud-zante-8","status":"publish","type":"product","link":"https:\/\/mobecor.ee\/en\/toode\/laud-zante-8\/","title":{"rendered":"S\u00f6\u00f6gilaud Zante Za8 (120\/120\/75,2), must matt"},"content":{"rendered":"<p>\u00dcmar s\u00f6\u00f6gilaud.<br \/>\nMaterjal: lamineeritud puitlaastplaat + MDF.<br \/>\nV\u00e4rv: must matt.<br \/>\nToodetud: Poolas.<span style=\"font-size: 14px;\"><br \/>\n<\/span><\/p>\n","protected":false},"excerpt":{"rendered":"<p>Laius: 120 cm<br \/>\nS\u00fcgavus: 120 cm.<br \/>\nK\u00f5rgus: 75,2 cm.<br \/>\nTarneaeg: 4-8 n\u00e4dalat.<span style=\"font-size: 14px;\"><br \/>\n<\/span><\/p>\n","protected":false},"featured_media":13508,"template":"","meta":{"_acf_changed":false,"inline_featured_image":false},"series":[2855],"product_brand":[3533],"product_cat":[219],"product_tag":[],"class_list":{"0":"post-19348","1":"product","2":"type-product","3":"status-publish","4":"has-post-thumbnail","6":"series-zante","7":"product_brand-dolmar","8":"product_cat-soogilauad","10":"first","11":"instock","12":"taxable","13":"shipping-taxable","14":"purchasable","15":"product-type-simple"},"acf":[],"_links":{"self":[{"href":"https:\/\/mobecor.ee\/en\/wp-json\/wp\/v2\/product\/19348","targetHints":{"allow":["GET"]}}],"collection":[{"href":"https:\/\/mobecor.ee\/en\/wp-json\/wp\/v2\/product"}],"about":[{"href":"https:\/\/mobecor.ee\/en\/wp-json\/wp\/v2\/types\/product"}],"wp:featuredmedia":[{"embeddable":true,"href":"https:\/\/mobecor.ee\/en\/wp-json\/wp\/v2\/media\/13508"}],"wp:attachment":[{"href":"https:\/\/mobecor.ee\/en\/wp-json\/wp\/v2\/media?parent=19348"}],"wp:term":[{"taxonomy":"series","embeddable":true,"href":"https:\/\/mobecor.ee\/en\/wp-json\/wp\/v2\/series?post=19348"},{"taxonomy":"product_brand","embeddable":true,"href":"https:\/\/mobecor.ee\/en\/wp-json\/wp\/v2\/product_brand?post=19348"},{"taxonomy":"product_cat","embeddable":true,"href":"https:\/\/mobecor.ee\/en\/wp-json\/wp\/v2\/product_cat?post=19348"},{"taxonomy":"product_tag","embeddable":true,"href":"https:\/\/mobecor.ee\/en\/wp-json\/wp\/v2\/product_tag?post=19348"}],"curies":[{"name":"wp","href":"https:\/\/api.w.org\/{rel}","templated":true}]}}