{"id":19400,"date":"2025-05-05T10:02:35","date_gmt":"2025-05-05T10:02:35","guid":{"rendered":"https:\/\/mobecor.ee\/?post_type=product&#038;p=19400"},"modified":"2026-04-13T10:18:45","modified_gmt":"2026-04-13T07:18:45","slug":"tv-alus-kolder-150-kasmiir","status":"publish","type":"product","link":"https:\/\/mobecor.ee\/en\/toode\/tv-alus-kolder-150-kasmiir\/","title":{"rendered":"Tv-alus Kolder RTV 150 KL-02 (ka\u0161miir matt)"},"content":{"rendered":"<p>Tv-alusel on 3 ust.<br \/>\nV\u00f5imalik on kinnitada tv-alus seinale v\u00f5i asetada p\u00f5randale (jalgadega).<br \/>\nMaterjal: lamineeritud puitlaastplaat 16 mm + soonega MDF plaat 16 mm.<br \/>\nTagasein: HDF 3mm.<br \/>\nJalad: plastikust.<br \/>\nV\u00e4rv: ka\u0161miir.<br \/>\nToodetud: Poolas.<\/p>\n<p>&nbsp;<\/p>\n","protected":false},"excerpt":{"rendered":"<p>Laius: 150 cm.<br \/>\nS\u00fcgavus: 42,6 cm.<br \/>\nK\u00f5rgus ilma jalgadeta: 34 cm.<br \/>\nK\u00f5rgus koos jalgadega: 37,5 cm.<br \/>\nTarneaeg: 4-8 n\u00e4dalat.<\/p>\n","protected":false},"featured_media":13422,"template":"","meta":{"_acf_changed":false,"inline_featured_image":false},"series":[],"product_brand":[2954],"product_cat":[34],"product_tag":[],"class_list":{"0":"post-19400","1":"product","2":"type-product","3":"status-publish","4":"has-post-thumbnail","6":"product_brand-gib","7":"product_cat-tv-alused","9":"first","10":"instock","11":"taxable","12":"shipping-taxable","13":"purchasable","14":"product-type-simple"},"acf":[],"_links":{"self":[{"href":"https:\/\/mobecor.ee\/en\/wp-json\/wp\/v2\/product\/19400","targetHints":{"allow":["GET"]}}],"collection":[{"href":"https:\/\/mobecor.ee\/en\/wp-json\/wp\/v2\/product"}],"about":[{"href":"https:\/\/mobecor.ee\/en\/wp-json\/wp\/v2\/types\/product"}],"wp:featuredmedia":[{"embeddable":true,"href":"https:\/\/mobecor.ee\/en\/wp-json\/wp\/v2\/media\/13422"}],"wp:attachment":[{"href":"https:\/\/mobecor.ee\/en\/wp-json\/wp\/v2\/media?parent=19400"}],"wp:term":[{"taxonomy":"series","embeddable":true,"href":"https:\/\/mobecor.ee\/en\/wp-json\/wp\/v2\/series?post=19400"},{"taxonomy":"product_brand","embeddable":true,"href":"https:\/\/mobecor.ee\/en\/wp-json\/wp\/v2\/product_brand?post=19400"},{"taxonomy":"product_cat","embeddable":true,"href":"https:\/\/mobecor.ee\/en\/wp-json\/wp\/v2\/product_cat?post=19400"},{"taxonomy":"product_tag","embeddable":true,"href":"https:\/\/mobecor.ee\/en\/wp-json\/wp\/v2\/product_tag?post=19400"}],"curies":[{"name":"wp","href":"https:\/\/api.w.org\/{rel}","templated":true}]}}