{"id":19490,"date":"2025-05-05T10:07:21","date_gmt":"2025-05-05T10:07:21","guid":{"rendered":"https:\/\/mobecor.ee\/?post_type=product&#038;p=19490"},"modified":"2026-04-10T11:16:39","modified_gmt":"2026-04-10T08:16:39","slug":"baaripukk-h-95","status":"publish","type":"product","link":"https:\/\/mobecor.ee\/en\/toode\/baaripukk-h-95\/","title":{"rendered":"Baaripukk H-95"},"content":{"rendered":"<p>Baaripukil on reguleeritava k\u00f5rgusega iste.<br \/>\nIste ja seljatugi on kaetud sametkangaga.<br \/>\nV\u00e4rvivalik:<br \/>\nBluvel 14\/hall;<br \/>\nBluvel 19\/must;<br \/>\nBluvel 28\/bee\u017e;<br \/>\nBluvel 4215\/kaneel;<br \/>\nBluvel 68\/sinep;<br \/>\nBluvel 78\/roheline;<br \/>\nBluvel 86\/sinine.<br \/>\nJalg: pulberv\u00e4rvitud terasest. V\u00e4rv: must.<br \/>\nToodetud: Poolas.<br \/>\nToode tarnitakse detailidena.<\/p>\n<p>&nbsp;<\/p>\n","protected":false},"excerpt":{"rendered":"<p>Laius: 43 cm.<br \/>\nS\u00fcgavus: 44 cm.<br \/>\nK\u00f5rgus:\u00a084-106 cm.<br \/>\nIstumisk\u00f5rgus: 62-84 cm.<br \/>\nTarneaeg: 4-8 n\u00e4dalat.<br \/>\n<strong>NB!\u00a0 V\u00f5ru laos kohe olemas v\u00e4rviga: must (4 tk); hall (2 tk); bee\u017e (4tk.).<\/strong><br \/>\n<strong>Tartu poes kohe olemas v\u00e4rviga: bee\u017e (2 tk).<\/strong><\/p>\n","protected":false},"featured_media":59206,"template":"","meta":{"_acf_changed":false,"inline_featured_image":false},"series":[],"product_brand":[2942],"product_cat":[51,2924,4020],"product_tag":[],"class_list":{"0":"post-19490","1":"product","2":"type-product","3":"status-publish","4":"has-post-thumbnail","6":"product_brand-halmar","7":"product_cat-toolid","8":"product_cat-soogilauad-ja-toolid-laos","9":"product_cat-kohe-olemas-tartu-poes","11":"first","12":"instock","13":"taxable","14":"shipping-taxable","15":"purchasable","16":"product-type-simple"},"acf":[],"_links":{"self":[{"href":"https:\/\/mobecor.ee\/en\/wp-json\/wp\/v2\/product\/19490","targetHints":{"allow":["GET"]}}],"collection":[{"href":"https:\/\/mobecor.ee\/en\/wp-json\/wp\/v2\/product"}],"about":[{"href":"https:\/\/mobecor.ee\/en\/wp-json\/wp\/v2\/types\/product"}],"wp:featuredmedia":[{"embeddable":true,"href":"https:\/\/mobecor.ee\/en\/wp-json\/wp\/v2\/media\/59206"}],"wp:attachment":[{"href":"https:\/\/mobecor.ee\/en\/wp-json\/wp\/v2\/media?parent=19490"}],"wp:term":[{"taxonomy":"series","embeddable":true,"href":"https:\/\/mobecor.ee\/en\/wp-json\/wp\/v2\/series?post=19490"},{"taxonomy":"product_brand","embeddable":true,"href":"https:\/\/mobecor.ee\/en\/wp-json\/wp\/v2\/product_brand?post=19490"},{"taxonomy":"product_cat","embeddable":true,"href":"https:\/\/mobecor.ee\/en\/wp-json\/wp\/v2\/product_cat?post=19490"},{"taxonomy":"product_tag","embeddable":true,"href":"https:\/\/mobecor.ee\/en\/wp-json\/wp\/v2\/product_tag?post=19490"}],"curies":[{"name":"wp","href":"https:\/\/api.w.org\/{rel}","templated":true}]}}