{"id":19500,"date":"2025-05-05T10:08:00","date_gmt":"2025-05-05T10:08:00","guid":{"rendered":"https:\/\/mobecor.ee\/?post_type=product&#038;p=19500"},"modified":"2026-04-14T11:53:16","modified_gmt":"2026-04-14T08:53:16","slug":"kapp-kammono-l4-dprp-115-65","status":"publish","type":"product","link":"https:\/\/mobecor.ee\/en\/toode\/kapp-kammono-l4-dprp-115-65\/","title":{"rendered":"Nurgakapp Kammono L4 DPRP 115*65"},"content":{"rendered":"<ul>\n<li>1-uksega\u00a0nurgakapp (&#8220;pime&#8221; nurk).<\/li>\n<li>Esipinnad on valmistatud lakitud MDF-ist, paksus 19 mm.<\/li>\n<li>Esipinnad on t\u00e4iendavalt karastatud UV-lakiga, mis hoiab \u00e4ra v\u00e4rvimuutuse ja kollasuse. UV-tehnoloogia kaitseb kriimustuste eest. Seda on lihtne puhtana hoida \u2013 siledad esik\u00fcljed muudavad mustuse eemaldamise lihtsamaks. Lakitud k\u00f6\u00f6gim\u00f6\u00f6bli esik\u00fclgi saab puhastada pehme niiske lapiga. V\u00e4ltida tuleks teravate esemete kasutamist, mis v\u00f5ivad lakki kriimustada.<\/li>\n<li>Korpus: m\u00f6\u00f6bliplaadist (16 mm).<\/li>\n<li>Esipindade v\u00e4rvivalik: valge piimjas matt; kaszmir matt; latte piimjas matt; hall piimjas matt; valge l\u00e4ikiv.<\/li>\n<li><span lang=\"et-EE\">Korpuse v\u00e4rvivalik: valge; hall; kaszmir B; cappuccino; must.<\/span><\/li>\n<li><span lang=\"et-EE\">K\u00e4epide on freesitud.<\/span><\/li>\n<li>Kapil on reguleeritavad jalad. Valikus k\u00f5rgusega 10 v\u00f5i 15 cm.<\/li>\n<li><span lang=\"et-EE\">Sokkel ei kuulu hinna sisse. V\u00f5imalik juurde tellida\u00a0<a href=\"https:\/\/mobecor.ee\/toode\/sokkel-kammono\/\" target=\"_blank\" rel=\"alternate noopener noreferrer\">SIIT<\/a>\u00a0v\u00f5i k\u00fcljesokkel\u00a0<a href=\"https:\/\/mobecor.ee\/toode\/kuljesokkel-kammono\/\" target=\"_blank\" rel=\"alternate noopener noreferrer\">SIIT<\/a>.<\/span><\/li>\n<li><span lang=\"et-EE\">V<\/span><span lang=\"et-EE\">\u00f5imalik juurde tellida t\u00f6\u00f6pind\u00a0<a href=\"https:\/\/mobecor.ee\/tootekategooria\/koogimoobel\/tootasapinnad\/\" target=\"_blank\" rel=\"noopener noreferrer\">SIIT<\/a>.<\/span><\/li>\n<li>Toodetud: Poolas.<\/li>\n<li>Toode tarnitakse detailidena.<\/li>\n<li>Laius: (90) 115 cm.<\/li>\n<li>S\u00fcgavus: (58) 65 cm.<\/li>\n<li>K\u00f5rgus ilma jalgadeta: 71 cm.<\/li>\n<li>Tarneaeg: 4-8 n\u00e4dalat.<\/li>\n<li>Lisavalikuna v\u00f5imalik juurde osta v\u00e4lja t\u00f5mmatav riiul Optima.\u00a0Komplektis on kaks iseseisvalt v\u00e4ljat\u00f5mmatavat riiulit:<br \/>\n* riiulip\u00f5hjad 16 mm valgest MDF plaadist,<br \/>\n* raam ja k\u00fcljed kroomitud metallist,<br \/>\n* kinnitatakse kapi k\u00fcljele,<br \/>\n*\u00a0m\u00f5lemat riiulit saab iseseisvalt v\u00e4lja t\u00f5mmata,<br \/>\n* koormus riiuli kohta: 15 kg,<br \/>\nRiiuli\u00a0disain on planeeritud nii, et see t\u00e4idaks v\u00f5imalikult suurel m\u00e4\u00e4ral kapi t\u00fchja ruumi, mis v\u00f5imaldab nurga sisemust maksimaalselt kasutada.<br \/>\nOptima riiulid sobivad k\u00f5ige paremini pottide, pannide v\u00f5i suurte k\u00f6\u00f6gitarvete hoidmiseks.<\/li>\n<\/ul>\n","protected":false},"excerpt":{"rendered":"<p>1-uksega\u00a0nurgakapp (&#8220;pime&#8221; nurk). Esipinnad on valmistatud lakitud MDF-ist, paksus 19 mm. Esipinnad on t\u00e4iendavalt karastatud UV-lakiga, mis hoiab \u00e4ra v\u00e4rvimuutuse&#8230;<\/p>\n","protected":false},"featured_media":13214,"template":"","meta":{"_acf_changed":false,"inline_featured_image":false},"series":[],"product_brand":[2952],"product_cat":[405],"product_tag":[],"class_list":{"0":"post-19500","1":"product","2":"type-product","3":"status-publish","4":"has-post-thumbnail","6":"product_brand-meblekam","7":"product_cat-kammono-l4-alumised-kapid","9":"first","10":"instock","11":"taxable","12":"shipping-taxable","13":"purchasable","14":"product-type-variable"},"acf":[],"_links":{"self":[{"href":"https:\/\/mobecor.ee\/en\/wp-json\/wp\/v2\/product\/19500","targetHints":{"allow":["GET"]}}],"collection":[{"href":"https:\/\/mobecor.ee\/en\/wp-json\/wp\/v2\/product"}],"about":[{"href":"https:\/\/mobecor.ee\/en\/wp-json\/wp\/v2\/types\/product"}],"wp:featuredmedia":[{"embeddable":true,"href":"https:\/\/mobecor.ee\/en\/wp-json\/wp\/v2\/media\/13214"}],"wp:attachment":[{"href":"https:\/\/mobecor.ee\/en\/wp-json\/wp\/v2\/media?parent=19500"}],"wp:term":[{"taxonomy":"series","embeddable":true,"href":"https:\/\/mobecor.ee\/en\/wp-json\/wp\/v2\/series?post=19500"},{"taxonomy":"product_brand","embeddable":true,"href":"https:\/\/mobecor.ee\/en\/wp-json\/wp\/v2\/product_brand?post=19500"},{"taxonomy":"product_cat","embeddable":true,"href":"https:\/\/mobecor.ee\/en\/wp-json\/wp\/v2\/product_cat?post=19500"},{"taxonomy":"product_tag","embeddable":true,"href":"https:\/\/mobecor.ee\/en\/wp-json\/wp\/v2\/product_tag?post=19500"}],"curies":[{"name":"wp","href":"https:\/\/api.w.org\/{rel}","templated":true}]}}