{"id":19519,"date":"2025-05-05T10:09:06","date_gmt":"2025-05-05T10:09:06","guid":{"rendered":"https:\/\/mobecor.ee\/?post_type=product&#038;p=19519"},"modified":"2026-04-14T11:47:04","modified_gmt":"2026-04-14T08:47:04","slug":"uks-kammono-l4-fzmyw60","status":"publish","type":"product","link":"https:\/\/mobecor.ee\/en\/toode\/uks-kammono-l4-fzmyw60\/","title":{"rendered":"N\u00f5udepesumasina uks Kammono L4 FZMYW60"},"content":{"rendered":"<ul>\n<li>Uks integreeritavale n\u00f5udepesumasinale.<\/li>\n<li>Uks kinnitatakse n\u00f5udepesumasina k\u00fclge (ei kaasne korpust).<\/li>\n<li>Esipinnad on t\u00e4iendavalt karastatud UV-lakiga, mis hoiab \u00e4ra v\u00e4rvimuutuse ja kollasuse. UV-tehnoloogia kaitseb kriimustuste eest. Seda on lihtne puhtana hoida \u2013 siledad esik\u00fcljed muudavad mustuse eemaldamise lihtsamaks. Lakitud k\u00f6\u00f6gim\u00f6\u00f6bli esik\u00fclgi saab puhastada pehme niiske lapiga. V\u00e4ltida tuleks teravate esemete kasutamist, mis v\u00f5ivad lakki kriimustada.<\/li>\n<li>Esipindade v\u00e4rvivalik: valge piimjas matt; kaszmir matt; latte piimjas matt; hall piimjas matt; valge l\u00e4ikiv.<\/li>\n<li><span lang=\"et-EE\">K\u00e4epide on freesitud.<\/span><\/li>\n<li><span lang=\"et-EE\">Sokkel ei kuulu hinna sisse. V\u00f5imalik juurde tellida\u00a0<a href=\"https:\/\/mobecor.ee\/toode\/sokkel-kammono\/\" target=\"_blank\" rel=\"alternate noopener noreferrer\">SIIT<\/a>\u00a0v\u00f5i k\u00fcljesokkel\u00a0<a href=\"https:\/\/mobecor.ee\/toode\/kuljesokkel-kammono\/\" target=\"_blank\" rel=\"alternate noopener noreferrer\">SIIT<\/a>.<\/span><\/li>\n<li><span lang=\"et-EE\">V<\/span><span lang=\"et-EE\">\u00f5imalik juurde tellida t\u00f6\u00f6pind\u00a0<a href=\"https:\/\/mobecor.ee\/tootekategooria\/koogimoobel\/tootasapinnad\/\" target=\"_blank\" rel=\"noopener noreferrer\">SIIT<\/a>.<\/span><\/li>\n<li>Toodetud: Poolas.<\/li>\n<li>Toode tarnitakse detailidena.<\/li>\n<li>Laius: 60 cm.<\/li>\n<li>S\u00fcgavus: 1,6 cm.<\/li>\n<li>K\u00f5rgus ilma jalgadeta: 71 cm.<\/li>\n<li>Tarneaeg: 4-8 n\u00e4dalat.<span style=\"font-size: 10pt;\"><br \/>\n<\/span><\/li>\n<\/ul>\n","protected":false},"excerpt":{"rendered":"<p>Uks integreeritavale n\u00f5udepesumasinale. Uks kinnitatakse n\u00f5udepesumasina k\u00fclge (ei kaasne korpust). Esipinnad on t\u00e4iendavalt karastatud UV-lakiga, mis hoiab \u00e4ra v\u00e4rvimuutuse ja&#8230;<\/p>\n","protected":false},"featured_media":13232,"template":"","meta":{"_acf_changed":false,"inline_featured_image":false},"series":[],"product_brand":[2952],"product_cat":[405],"product_tag":[],"class_list":{"0":"post-19519","1":"product","2":"type-product","3":"status-publish","4":"has-post-thumbnail","6":"product_brand-meblekam","7":"product_cat-kammono-l4-alumised-kapid","9":"first","10":"instock","11":"taxable","12":"shipping-taxable","13":"purchasable","14":"product-type-variable"},"acf":[],"_links":{"self":[{"href":"https:\/\/mobecor.ee\/en\/wp-json\/wp\/v2\/product\/19519","targetHints":{"allow":["GET"]}}],"collection":[{"href":"https:\/\/mobecor.ee\/en\/wp-json\/wp\/v2\/product"}],"about":[{"href":"https:\/\/mobecor.ee\/en\/wp-json\/wp\/v2\/types\/product"}],"wp:featuredmedia":[{"embeddable":true,"href":"https:\/\/mobecor.ee\/en\/wp-json\/wp\/v2\/media\/13232"}],"wp:attachment":[{"href":"https:\/\/mobecor.ee\/en\/wp-json\/wp\/v2\/media?parent=19519"}],"wp:term":[{"taxonomy":"series","embeddable":true,"href":"https:\/\/mobecor.ee\/en\/wp-json\/wp\/v2\/series?post=19519"},{"taxonomy":"product_brand","embeddable":true,"href":"https:\/\/mobecor.ee\/en\/wp-json\/wp\/v2\/product_brand?post=19519"},{"taxonomy":"product_cat","embeddable":true,"href":"https:\/\/mobecor.ee\/en\/wp-json\/wp\/v2\/product_cat?post=19519"},{"taxonomy":"product_tag","embeddable":true,"href":"https:\/\/mobecor.ee\/en\/wp-json\/wp\/v2\/product_tag?post=19519"}],"curies":[{"name":"wp","href":"https:\/\/api.w.org\/{rel}","templated":true}]}}