{"id":19629,"date":"2025-05-05T10:15:35","date_gmt":"2025-05-05T10:15:35","guid":{"rendered":"https:\/\/mobecor.ee\/?post_type=product&#038;p=19629"},"modified":"2026-04-14T10:33:56","modified_gmt":"2026-04-14T07:33:56","slug":"kapp-kammono-l4-wo60-42","status":"publish","type":"product","link":"https:\/\/mobecor.ee\/en\/toode\/kapp-kammono-l4-wo60-42\/","title":{"rendered":"\u00d5hupuhastikapp Kammono L4 WO60\/42P1 + \u00f5hupuhasti"},"content":{"rendered":"<ul>\n<li>1-uksega \u00f5hupuhastikapp. Uks avaneb \u00fcles.<\/li>\n<li>Komplekti kuulub \u00f5hupuhasti Franke.<\/li>\n<li>NB! Kapp\u00a0sobib seinakappidega, mis on\u00a0k\u00f5rgusega 61 cm.<\/li>\n<li>Kapi esipind on valmistatud lakitud MDF-ist, paksus 19 mm.<\/li>\n<li>Kapi esipind on t\u00e4iendavalt karastatud UV-lakiga, mis hoiab \u00e4ra v\u00e4rvimuutuse ja kollasuse. UV-tehnoloogia kaitseb kriimustuste eest. Seda on lihtne puhtana hoida \u2013 siledad esik\u00fcljed muudavad mustuse eemaldamise lihtsamaks. Lakitud k\u00f6\u00f6gim\u00f6\u00f6bli esik\u00fclgi saab puhastada pehme niiske lapiga. V\u00e4ltida tuleks teravate esemete kasutamist, mis v\u00f5ivad lakki kriimustada.<\/li>\n<li>Korpus: m\u00f6\u00f6bliplaadist (16 mm).<\/li>\n<li>Esipindade v\u00e4rvivalik: valge piimjas matt; kaszmir matt; latte piimjas matt; hall piimjas matt; valge l\u00e4ikiv.<\/li>\n<li><span lang=\"et-EE\">Korpuse v\u00e4rvivalik: valge; hall; kaszmir B; cappuccino; must.<\/span><\/li>\n<li><span lang=\"et-EE\">K\u00e4epide on freesitud.<\/span><\/li>\n<li>Toodetud: Poolas.<\/li>\n<li>Toode tarnitakse detailidena.<\/li>\n<li>Laius: 60 cm.<\/li>\n<li>S\u00fcgavus: 32 cm.<\/li>\n<li>K\u00f5rgus: 42 cm.<\/li>\n<li>Tarneaeg: 4-8 n\u00e4dalat.<\/li>\n<li>\u00d5hupuhasti: v\u00e4rv: roostevaba teras (P1), must (P1C), valge (P1B).\u00a0V\u00f5imsus: 310 m3\/h.<\/li>\n<li>Kiirused: 3.\u00a0Valgustus: LED 2 x 4W.<\/li>\n<li>S\u00fcsinikfilter: ei kuulu komplekti. V\u00f5imalik juurde osta lisavalikuna.<\/li>\n<\/ul>\n","protected":false},"excerpt":{"rendered":"<p>1-uksega \u00f5hupuhastikapp. Uks avaneb \u00fcles. Komplekti kuulub \u00f5hupuhasti Franke. NB! Kapp\u00a0sobib seinakappidega, mis on\u00a0k\u00f5rgusega 61 cm. Kapi esipind on valmistatud&#8230;<\/p>\n","protected":false},"featured_media":13156,"template":"","meta":{"_acf_changed":false,"inline_featured_image":false},"series":[],"product_brand":[2952],"product_cat":[307],"product_tag":[],"class_list":{"0":"post-19629","1":"product","2":"type-product","3":"status-publish","4":"has-post-thumbnail","6":"product_brand-meblekam","7":"product_cat-kammono-l4-seinakapid","9":"first","10":"instock","11":"taxable","12":"shipping-taxable","13":"purchasable","14":"product-type-variable"},"acf":[],"_links":{"self":[{"href":"https:\/\/mobecor.ee\/en\/wp-json\/wp\/v2\/product\/19629","targetHints":{"allow":["GET"]}}],"collection":[{"href":"https:\/\/mobecor.ee\/en\/wp-json\/wp\/v2\/product"}],"about":[{"href":"https:\/\/mobecor.ee\/en\/wp-json\/wp\/v2\/types\/product"}],"wp:featuredmedia":[{"embeddable":true,"href":"https:\/\/mobecor.ee\/en\/wp-json\/wp\/v2\/media\/13156"}],"wp:attachment":[{"href":"https:\/\/mobecor.ee\/en\/wp-json\/wp\/v2\/media?parent=19629"}],"wp:term":[{"taxonomy":"series","embeddable":true,"href":"https:\/\/mobecor.ee\/en\/wp-json\/wp\/v2\/series?post=19629"},{"taxonomy":"product_brand","embeddable":true,"href":"https:\/\/mobecor.ee\/en\/wp-json\/wp\/v2\/product_brand?post=19629"},{"taxonomy":"product_cat","embeddable":true,"href":"https:\/\/mobecor.ee\/en\/wp-json\/wp\/v2\/product_cat?post=19629"},{"taxonomy":"product_tag","embeddable":true,"href":"https:\/\/mobecor.ee\/en\/wp-json\/wp\/v2\/product_tag?post=19629"}],"curies":[{"name":"wp","href":"https:\/\/api.w.org\/{rel}","templated":true}]}}