{"id":19686,"date":"2025-05-05T10:19:07","date_gmt":"2025-05-05T10:19:07","guid":{"rendered":"https:\/\/mobecor.ee\/?post_type=product&#038;p=19686"},"modified":"2026-02-26T07:28:16","modified_gmt":"2026-02-26T05:28:16","slug":"laud-max-5sp","status":"publish","type":"product","link":"https:\/\/mobecor.ee\/en\/toode\/laud-max-5sp\/","title":{"rendered":"S\u00f6\u00f6gilaud Max 5 S P (80\/120)"},"content":{"rendered":"<p>S\u00f6\u00f6gilaua plaat on valmistatud lamineeritud m\u00f6\u00f6bliplaadist.<br \/>\nKarkass on valmistatud p\u00f6\u00f6gipuidust.<br \/>\nLauaplaadi v\u00e4rvivalik: p\u00e4hkel hele; valge; sonoma; wotan; artisan; ka\u0161miir.<br \/>\nJalgade v\u00e4rvivalik: valge; sonoma; p\u00e4hkel hele; artisan; ka\u0161miir; must.<br \/>\nToodetod: Poolas.<span style=\"font-size: 10pt; line-height: 1.3em;\"><br \/>\n<\/span><\/p>\n","protected":false},"excerpt":{"rendered":"<p>Laius: 120 cm.<br \/>\nK\u00f5rgus: 78 cm.<br \/>\nS\u00fcgavus: 80 cm.<br \/>\nLauaplaadi paksus: 32 mm.<br \/>\nTarnaeg: 4-8 n\u00e4dalat.<span style=\"font-size: 10pt; line-height: 1.3em;\"><br \/>\n<\/span><\/p>\n","protected":false},"featured_media":13024,"template":"","meta":{"_acf_changed":false,"inline_featured_image":false},"series":[],"product_brand":[2956],"product_cat":[219],"product_tag":[],"class_list":{"0":"post-19686","1":"product","2":"type-product","3":"status-publish","4":"has-post-thumbnail","6":"product_brand-drewmix","7":"product_cat-soogilauad","9":"first","10":"instock","11":"taxable","12":"shipping-taxable","13":"purchasable","14":"product-type-simple"},"acf":[],"_links":{"self":[{"href":"https:\/\/mobecor.ee\/en\/wp-json\/wp\/v2\/product\/19686","targetHints":{"allow":["GET"]}}],"collection":[{"href":"https:\/\/mobecor.ee\/en\/wp-json\/wp\/v2\/product"}],"about":[{"href":"https:\/\/mobecor.ee\/en\/wp-json\/wp\/v2\/types\/product"}],"wp:featuredmedia":[{"embeddable":true,"href":"https:\/\/mobecor.ee\/en\/wp-json\/wp\/v2\/media\/13024"}],"wp:attachment":[{"href":"https:\/\/mobecor.ee\/en\/wp-json\/wp\/v2\/media?parent=19686"}],"wp:term":[{"taxonomy":"series","embeddable":true,"href":"https:\/\/mobecor.ee\/en\/wp-json\/wp\/v2\/series?post=19686"},{"taxonomy":"product_brand","embeddable":true,"href":"https:\/\/mobecor.ee\/en\/wp-json\/wp\/v2\/product_brand?post=19686"},{"taxonomy":"product_cat","embeddable":true,"href":"https:\/\/mobecor.ee\/en\/wp-json\/wp\/v2\/product_cat?post=19686"},{"taxonomy":"product_tag","embeddable":true,"href":"https:\/\/mobecor.ee\/en\/wp-json\/wp\/v2\/product_tag?post=19686"}],"curies":[{"name":"wp","href":"https:\/\/api.w.org\/{rel}","templated":true}]}}