{"id":19697,"date":"2025-05-05T10:19:50","date_gmt":"2025-05-05T10:19:50","guid":{"rendered":"https:\/\/mobecor.ee\/?post_type=product&#038;p=19697"},"modified":"2026-01-09T09:00:45","modified_gmt":"2026-01-09T07:00:45","slug":"laud-danilo","status":"publish","type":"product","link":"https:\/\/mobecor.ee\/en\/toode\/laud-danilo\/","title":{"rendered":"S\u00f6\u00f6gilaud Danilo (\u00d8120)"},"content":{"rendered":"<p>\u00dcmmargune s\u00f6\u00f6gilaud.<br \/>\nLauaplaadi materjal: MDF + naturaalne spoon.<br \/>\nV\u00e4rv: p\u00e4hkel.<br \/>\nLauajalad: pulberv\u00e4rvitud terasest, musta v\u00e4rvi.<br \/>\nToodetud: Poolas.<br \/>\nVajab kokku monteerimist.<br \/>\n<span style=\"line-height: 1.3em; font-size: 10pt;\"><br \/>\n<\/span><\/p>\n","protected":false},"excerpt":{"rendered":"<p>Laius: 120 cm.<br \/>\nS\u00fcgavus: 120 cm.<br \/>\nK\u00f5rgus: 74 cm.<br \/>\nTarneaeg: 4-8 n\u00e4dalat.<br \/>\nNB! Pildil olevad toolid ei kuulu hinna sisse.<\/p>\n","protected":false},"featured_media":13046,"template":"","meta":{"_acf_changed":false,"inline_featured_image":false},"series":[],"product_brand":[2942],"product_cat":[219],"product_tag":[],"class_list":{"0":"post-19697","1":"product","2":"type-product","3":"status-publish","4":"has-post-thumbnail","6":"product_brand-halmar","7":"product_cat-soogilauad","9":"first","10":"instock","11":"taxable","12":"shipping-taxable","13":"purchasable","14":"product-type-simple"},"acf":[],"_links":{"self":[{"href":"https:\/\/mobecor.ee\/en\/wp-json\/wp\/v2\/product\/19697","targetHints":{"allow":["GET"]}}],"collection":[{"href":"https:\/\/mobecor.ee\/en\/wp-json\/wp\/v2\/product"}],"about":[{"href":"https:\/\/mobecor.ee\/en\/wp-json\/wp\/v2\/types\/product"}],"wp:featuredmedia":[{"embeddable":true,"href":"https:\/\/mobecor.ee\/en\/wp-json\/wp\/v2\/media\/13046"}],"wp:attachment":[{"href":"https:\/\/mobecor.ee\/en\/wp-json\/wp\/v2\/media?parent=19697"}],"wp:term":[{"taxonomy":"series","embeddable":true,"href":"https:\/\/mobecor.ee\/en\/wp-json\/wp\/v2\/series?post=19697"},{"taxonomy":"product_brand","embeddable":true,"href":"https:\/\/mobecor.ee\/en\/wp-json\/wp\/v2\/product_brand?post=19697"},{"taxonomy":"product_cat","embeddable":true,"href":"https:\/\/mobecor.ee\/en\/wp-json\/wp\/v2\/product_cat?post=19697"},{"taxonomy":"product_tag","embeddable":true,"href":"https:\/\/mobecor.ee\/en\/wp-json\/wp\/v2\/product_tag?post=19697"}],"curies":[{"name":"wp","href":"https:\/\/api.w.org\/{rel}","templated":true}]}}