{"id":19730,"date":"2025-05-05T10:21:45","date_gmt":"2025-05-05T10:21:45","guid":{"rendered":"https:\/\/mobecor.ee\/?post_type=product&#038;p=19730"},"modified":"2026-03-27T13:30:14","modified_gmt":"2026-03-27T11:30:14","slug":"riidekapp-luca-1","status":"publish","type":"product","link":"https:\/\/mobecor.ee\/en\/toode\/riidekapp-luca-1\/","title":{"rendered":"Riidekapp Luca LC1 (145\/50\/195)"},"content":{"rendered":"<p>Luca kollektsiooni riidekapp on kaasaegne ja praktiline lahendus koju v\u00f5i kontorisse. See on kujundatud lakoonilises stiilis ja v\u00f5imaldab mugavalt hoida riideid, kingi ja muid esemeid. Atraktiivne v\u00e4rvikombinatsioon annab interj\u00f6\u00f6rile ainulaadse ilme.<br \/>\nRiidekapil on 3 ust. Uste taga on riidepuutoru ja pesuriiulid.<br \/>\nMaterjal: vastupidav puitlaastplaat, spoon.<br \/>\nV\u00e4rvivalik: liivabee\u017e\/\u00f5litatud tamm; eukal\u00fcpt\/balti luitetamm.<br \/>\nToode tarnitakse detailidena.<br \/>\nKaasas paigaldusjuhend ja tarvikud.<br \/>\nToodetud: Poolas.<\/p>\n","protected":false},"excerpt":{"rendered":"<p>Laius: 145 cm.<br \/>\nS\u00fcgavus: 50 cm.<br \/>\nK\u00f5rgus: 195 cm.<br \/>\n<strong>Tarneaeg: laos kohe olemas.<\/strong><\/p>\n","protected":false},"featured_media":12920,"template":"","meta":{"_acf_changed":false,"inline_featured_image":false},"series":[2778],"product_brand":[2940],"product_cat":[2923,302,328],"product_tag":[],"class_list":{"0":"post-19730","1":"product","2":"type-product","3":"status-publish","4":"has-post-thumbnail","6":"series-luca","7":"product_brand-meblar","8":"product_cat-riidekapid-laos","9":"product_cat-lastetuba-luca","10":"product_cat-3-uksega-kapid","12":"first","13":"instock","14":"taxable","15":"shipping-taxable","16":"purchasable","17":"product-type-variable"},"acf":[],"_links":{"self":[{"href":"https:\/\/mobecor.ee\/en\/wp-json\/wp\/v2\/product\/19730","targetHints":{"allow":["GET"]}}],"collection":[{"href":"https:\/\/mobecor.ee\/en\/wp-json\/wp\/v2\/product"}],"about":[{"href":"https:\/\/mobecor.ee\/en\/wp-json\/wp\/v2\/types\/product"}],"wp:featuredmedia":[{"embeddable":true,"href":"https:\/\/mobecor.ee\/en\/wp-json\/wp\/v2\/media\/12920"}],"wp:attachment":[{"href":"https:\/\/mobecor.ee\/en\/wp-json\/wp\/v2\/media?parent=19730"}],"wp:term":[{"taxonomy":"series","embeddable":true,"href":"https:\/\/mobecor.ee\/en\/wp-json\/wp\/v2\/series?post=19730"},{"taxonomy":"product_brand","embeddable":true,"href":"https:\/\/mobecor.ee\/en\/wp-json\/wp\/v2\/product_brand?post=19730"},{"taxonomy":"product_cat","embeddable":true,"href":"https:\/\/mobecor.ee\/en\/wp-json\/wp\/v2\/product_cat?post=19730"},{"taxonomy":"product_tag","embeddable":true,"href":"https:\/\/mobecor.ee\/en\/wp-json\/wp\/v2\/product_tag?post=19730"}],"curies":[{"name":"wp","href":"https:\/\/api.w.org\/{rel}","templated":true}]}}