{"id":19736,"date":"2025-05-05T10:22:08","date_gmt":"2025-05-05T10:22:08","guid":{"rendered":"https:\/\/mobecor.ee\/?post_type=product&#038;p=19736"},"modified":"2026-03-27T13:27:30","modified_gmt":"2026-03-27T11:27:30","slug":"kummut-luca-7","status":"publish","type":"product","link":"https:\/\/mobecor.ee\/en\/toode\/kummut-luca-7\/","title":{"rendered":"Kummut Luca LC7 (150\/40\/105)"},"content":{"rendered":"<p>Luca kollektsiooni kummut on kaasaegne ja praktiline lahendus koju v\u00f5i kontorisse. Atraktiivne v\u00e4rvikombinatsioon annab interj\u00f6\u00f6rile ainulaadse ilme.<br \/>\nKummutil on 3 ust ja 3 sahtlit.<br \/>\nMaterjal: vastupidav puitlaastplaat, spoon.<br \/>\nJalad: musta v\u00e4rvi metallist.<br \/>\nV\u00e4rvivalik: liivabee\u017e\/\u00f5litatud tamm; eukal\u00fcpt\/balti luitetamm.<br \/>\nToode tarnitakse detailidena.<br \/>\nKaasas paigaldusjuhend ja tarvikud.<br \/>\nToodetud: Poolas.<span style=\"font-size: 14px;\"><br \/>\n<\/span><\/p>\n","protected":false},"excerpt":{"rendered":"<p>Laius: 150 cm.<br \/>\nS\u00fcgavus: 40 cm.<br \/>\nK\u00f5rgus: 105 cm.<br \/>\nTarneaeg:\u00a04-8 n\u00e4dalat.<br \/>\n<strong>NB! Laos kohe olemas v\u00e4rviga: eukal\u00fcpt\/balti luitetamm.<\/strong><\/p>\n","protected":false},"featured_media":12932,"template":"","meta":{"_acf_changed":false,"inline_featured_image":false},"series":[2778],"product_brand":[2940],"product_cat":[36,302,2928],"product_tag":[],"class_list":{"0":"post-19736","1":"product","2":"type-product","3":"status-publish","4":"has-post-thumbnail","6":"series-luca","7":"product_brand-meblar","8":"product_cat-kummutid","9":"product_cat-lastetuba-luca","10":"product_cat-kummutid-ja-kapid-laos","12":"first","13":"instock","14":"taxable","15":"shipping-taxable","16":"purchasable","17":"product-type-variable"},"acf":[],"_links":{"self":[{"href":"https:\/\/mobecor.ee\/en\/wp-json\/wp\/v2\/product\/19736","targetHints":{"allow":["GET"]}}],"collection":[{"href":"https:\/\/mobecor.ee\/en\/wp-json\/wp\/v2\/product"}],"about":[{"href":"https:\/\/mobecor.ee\/en\/wp-json\/wp\/v2\/types\/product"}],"wp:featuredmedia":[{"embeddable":true,"href":"https:\/\/mobecor.ee\/en\/wp-json\/wp\/v2\/media\/12932"}],"wp:attachment":[{"href":"https:\/\/mobecor.ee\/en\/wp-json\/wp\/v2\/media?parent=19736"}],"wp:term":[{"taxonomy":"series","embeddable":true,"href":"https:\/\/mobecor.ee\/en\/wp-json\/wp\/v2\/series?post=19736"},{"taxonomy":"product_brand","embeddable":true,"href":"https:\/\/mobecor.ee\/en\/wp-json\/wp\/v2\/product_brand?post=19736"},{"taxonomy":"product_cat","embeddable":true,"href":"https:\/\/mobecor.ee\/en\/wp-json\/wp\/v2\/product_cat?post=19736"},{"taxonomy":"product_tag","embeddable":true,"href":"https:\/\/mobecor.ee\/en\/wp-json\/wp\/v2\/product_tag?post=19736"}],"curies":[{"name":"wp","href":"https:\/\/api.w.org\/{rel}","templated":true}]}}