{"id":19744,"date":"2025-05-05T10:22:19","date_gmt":"2025-05-05T10:22:19","guid":{"rendered":"https:\/\/mobecor.ee\/?post_type=product&#038;p=19744"},"modified":"2026-04-02T09:11:30","modified_gmt":"2026-04-02T06:11:30","slug":"riidekapp-sergio-1","status":"publish","type":"product","link":"https:\/\/mobecor.ee\/en\/toode\/riidekapp-sergio-1\/","title":{"rendered":"Riidekapp Sergio SE1 (150\/50\/195)"},"content":{"rendered":"<p>Sergio kollektsiooni riidekapp on kaasaegne ja praktiline lahendus koju v\u00f5i kontorisse.<br \/>\nAtraktiivsed jalad ja kaasaegne v\u00e4rvikombinatsioon annavad interj\u00f6\u00f6rile ainulaadse ilme.<br \/>\nRiidekapil on 3 ust. Uste taga on riidepuutoru ja pesuriiulid.<br \/>\nMaterjal: vastupidav puitlaastplaat, spoon.<br \/>\nJalad: musta v\u00e4rvi metallist, 15 cm.<br \/>\nK\u00e4epidemed: puidust.<br \/>\nV\u00e4rvivalik: eukal\u00fcpt\/balti luitetamm; liivabee\u017e\/\u00f5litatud tamm.<br \/>\nToode tarnitakse detailidena.<br \/>\nKaasas paigaldusjuhend ja tarvikud.<br \/>\nToodetud: Poolas.<\/p>\n","protected":false},"excerpt":{"rendered":"<p>Laius: 150 cm.<br \/>\nS\u00fcgavus: 50 cm.<br \/>\nK\u00f5rgus: 195 cm.<br \/>\nTarneaeg: 4-8 n\u00e4dalat.<\/p>\n","protected":false},"featured_media":12948,"template":"","meta":{"_acf_changed":false,"inline_featured_image":false},"series":[2829],"product_brand":[2940],"product_cat":[303,328],"product_tag":[],"class_list":{"0":"post-19744","1":"product","2":"type-product","3":"status-publish","4":"has-post-thumbnail","6":"series-sergio","7":"product_brand-meblar","8":"product_cat-lastetuba-sergio","9":"product_cat-3-uksega-kapid","11":"first","12":"instock","13":"taxable","14":"shipping-taxable","15":"purchasable","16":"product-type-variable"},"acf":[],"_links":{"self":[{"href":"https:\/\/mobecor.ee\/en\/wp-json\/wp\/v2\/product\/19744","targetHints":{"allow":["GET"]}}],"collection":[{"href":"https:\/\/mobecor.ee\/en\/wp-json\/wp\/v2\/product"}],"about":[{"href":"https:\/\/mobecor.ee\/en\/wp-json\/wp\/v2\/types\/product"}],"wp:featuredmedia":[{"embeddable":true,"href":"https:\/\/mobecor.ee\/en\/wp-json\/wp\/v2\/media\/12948"}],"wp:attachment":[{"href":"https:\/\/mobecor.ee\/en\/wp-json\/wp\/v2\/media?parent=19744"}],"wp:term":[{"taxonomy":"series","embeddable":true,"href":"https:\/\/mobecor.ee\/en\/wp-json\/wp\/v2\/series?post=19744"},{"taxonomy":"product_brand","embeddable":true,"href":"https:\/\/mobecor.ee\/en\/wp-json\/wp\/v2\/product_brand?post=19744"},{"taxonomy":"product_cat","embeddable":true,"href":"https:\/\/mobecor.ee\/en\/wp-json\/wp\/v2\/product_cat?post=19744"},{"taxonomy":"product_tag","embeddable":true,"href":"https:\/\/mobecor.ee\/en\/wp-json\/wp\/v2\/product_tag?post=19744"}],"curies":[{"name":"wp","href":"https:\/\/api.w.org\/{rel}","templated":true}]}}