{"id":19747,"date":"2025-05-05T10:22:21","date_gmt":"2025-05-05T10:22:21","guid":{"rendered":"https:\/\/mobecor.ee\/?post_type=product&#038;p=19747"},"modified":"2026-04-02T09:12:14","modified_gmt":"2026-04-02T06:12:14","slug":"riidekapp-sergio-4","status":"publish","type":"product","link":"https:\/\/mobecor.ee\/en\/toode\/riidekapp-sergio-4\/","title":{"rendered":"Riiul Sergio SE4 (55\/40\/195)"},"content":{"rendered":"<p>Sergio kollektsiooni raamaturiiul on kaasaegne ja praktiline lahendus koju v\u00f5i kontorisse.<br \/>\nAtraktiivsed jalad ja kaasaegne v\u00e4rvikombinatsioon annavad interj\u00f6\u00f6rile ainulaadse ilme.<br \/>\nRaamaturiiulil on 3 ust ja avatud riiulid.<br \/>\nMaterjal: vastupidav puitlaastplaat, spoon.<br \/>\nJalad: musta v\u00e4rvi metallist, 15 cm.<br \/>\nV\u00e4rvivalik: balti luitetamm; \u00f5litatud tamm.<br \/>\nToode tarnitakse detailidena.<br \/>\nKaasas paigaldusjuhend ja tarvikud.<br \/>\nToodetud: Poolas.<\/p>\n","protected":false},"excerpt":{"rendered":"<p>Laius: 55 cm.<br \/>\nS\u00fcgavus: 40 cm.<br \/>\nK\u00f5rgus: 195 cm.<br \/>\nTarneaeg:\u00a04-8 n\u00e4dalat.<\/p>\n","protected":false},"featured_media":12954,"template":"","meta":{"_acf_changed":false,"inline_featured_image":false},"series":[2829],"product_brand":[2940],"product_cat":[98,303,68],"product_tag":[],"class_list":{"0":"post-19747","1":"product","2":"type-product","3":"status-publish","4":"has-post-thumbnail","6":"series-sergio","7":"product_brand-meblar","8":"product_cat-esiku-riiulid-ja-kapid","9":"product_cat-lastetuba-sergio","10":"product_cat-riiulid-ja-kapid","12":"first","13":"instock","14":"taxable","15":"shipping-taxable","16":"purchasable","17":"product-type-variable"},"acf":[],"_links":{"self":[{"href":"https:\/\/mobecor.ee\/en\/wp-json\/wp\/v2\/product\/19747","targetHints":{"allow":["GET"]}}],"collection":[{"href":"https:\/\/mobecor.ee\/en\/wp-json\/wp\/v2\/product"}],"about":[{"href":"https:\/\/mobecor.ee\/en\/wp-json\/wp\/v2\/types\/product"}],"wp:featuredmedia":[{"embeddable":true,"href":"https:\/\/mobecor.ee\/en\/wp-json\/wp\/v2\/media\/12954"}],"wp:attachment":[{"href":"https:\/\/mobecor.ee\/en\/wp-json\/wp\/v2\/media?parent=19747"}],"wp:term":[{"taxonomy":"series","embeddable":true,"href":"https:\/\/mobecor.ee\/en\/wp-json\/wp\/v2\/series?post=19747"},{"taxonomy":"product_brand","embeddable":true,"href":"https:\/\/mobecor.ee\/en\/wp-json\/wp\/v2\/product_brand?post=19747"},{"taxonomy":"product_cat","embeddable":true,"href":"https:\/\/mobecor.ee\/en\/wp-json\/wp\/v2\/product_cat?post=19747"},{"taxonomy":"product_tag","embeddable":true,"href":"https:\/\/mobecor.ee\/en\/wp-json\/wp\/v2\/product_tag?post=19747"}],"curies":[{"name":"wp","href":"https:\/\/api.w.org\/{rel}","templated":true}]}}