{"id":19749,"date":"2025-05-05T10:22:23","date_gmt":"2025-05-05T10:22:23","guid":{"rendered":"https:\/\/mobecor.ee\/?post_type=product&#038;p=19749"},"modified":"2026-04-02T09:13:07","modified_gmt":"2026-04-02T06:13:07","slug":"kummut-sergio-6","status":"publish","type":"product","link":"https:\/\/mobecor.ee\/en\/toode\/kummut-sergio-6\/","title":{"rendered":"Kummut Sergio SE6 (155\/40\/90)"},"content":{"rendered":"<p>Sergio kollektsiooni kummut on kaasaegne ja praktiline lahendus koju v\u00f5i kontorisse.<br \/>\nAtraktiivsed jalad ja kaasaegne v\u00e4rvikombinatsioon annavad interj\u00f6\u00f6rile ainulaadse ilme.<br \/>\nKummutil on 2 ust ja 1 sahtel. Uste taga on riiulid.<br \/>\nMaterjal: vastupidav puitlaastplaat, spoon.<br \/>\nJalad: musta v\u00e4rvi metallist, 15 cm.<br \/>\nK\u00e4epidemed: puidust.<br \/>\nV\u00e4rvivalik: eukal\u00fcpt\/balti luitetamm; liivabee\u017e\/\u00f5litatud tamm.<br \/>\nToode tarnitakse detailidena.<br \/>\nKaasas paigaldusjuhend ja tarvikud.<br \/>\nToodetud: Poolas.<\/p>\n","protected":false},"excerpt":{"rendered":"<p>Laius: 155 cm.<br \/>\nS\u00fcgavus: 40 cm.<br \/>\nK\u00f5rgus: 90 cm.<br \/>\nTarneaeg:\u00a04-8 n\u00e4dalat.<\/p>\n","protected":false},"featured_media":12958,"template":"","meta":{"_acf_changed":false,"inline_featured_image":false},"series":[2829],"product_brand":[2940],"product_cat":[36,303],"product_tag":[],"class_list":{"0":"post-19749","1":"product","2":"type-product","3":"status-publish","4":"has-post-thumbnail","6":"series-sergio","7":"product_brand-meblar","8":"product_cat-kummutid","9":"product_cat-lastetuba-sergio","11":"first","12":"instock","13":"taxable","14":"shipping-taxable","15":"purchasable","16":"product-type-variable"},"acf":[],"_links":{"self":[{"href":"https:\/\/mobecor.ee\/en\/wp-json\/wp\/v2\/product\/19749","targetHints":{"allow":["GET"]}}],"collection":[{"href":"https:\/\/mobecor.ee\/en\/wp-json\/wp\/v2\/product"}],"about":[{"href":"https:\/\/mobecor.ee\/en\/wp-json\/wp\/v2\/types\/product"}],"wp:featuredmedia":[{"embeddable":true,"href":"https:\/\/mobecor.ee\/en\/wp-json\/wp\/v2\/media\/12958"}],"wp:attachment":[{"href":"https:\/\/mobecor.ee\/en\/wp-json\/wp\/v2\/media?parent=19749"}],"wp:term":[{"taxonomy":"series","embeddable":true,"href":"https:\/\/mobecor.ee\/en\/wp-json\/wp\/v2\/series?post=19749"},{"taxonomy":"product_brand","embeddable":true,"href":"https:\/\/mobecor.ee\/en\/wp-json\/wp\/v2\/product_brand?post=19749"},{"taxonomy":"product_cat","embeddable":true,"href":"https:\/\/mobecor.ee\/en\/wp-json\/wp\/v2\/product_cat?post=19749"},{"taxonomy":"product_tag","embeddable":true,"href":"https:\/\/mobecor.ee\/en\/wp-json\/wp\/v2\/product_tag?post=19749"}],"curies":[{"name":"wp","href":"https:\/\/api.w.org\/{rel}","templated":true}]}}