{"id":19750,"date":"2025-05-05T10:22:24","date_gmt":"2025-05-05T10:22:24","guid":{"rendered":"https:\/\/mobecor.ee\/?post_type=product&#038;p=19750"},"modified":"2026-04-02T09:14:04","modified_gmt":"2026-04-02T06:14:04","slug":"kummut-sergio-7","status":"publish","type":"product","link":"https:\/\/mobecor.ee\/en\/toode\/kummut-sergio-7\/","title":{"rendered":"Kummut Sergio SE7 (110\/40\/90)"},"content":{"rendered":"<p>Sergio kollektsiooni kummut on kaasaegne ja praktiline lahendus koju v\u00f5i kontorisse.<br \/>\nAtraktiivsed jalad ja kaasaegne v\u00e4rvikombinatsioon annavad interj\u00f6\u00f6rile ainulaadse ilme.<br \/>\nKummutil on 2 ust ja ja avatud riiuliosa.<br \/>\nMaterjal: vastupidav puitlaastplaat, spoon.<br \/>\nJalad: musta v\u00e4rvi metallist, 15 cm.<br \/>\nK\u00e4epidemed: puidust.<br \/>\nV\u00e4rvivalik: eukal\u00fcpt\/balti luitetamm; liivabee\u017e\/\u00f5litatud tamm.<br \/>\nToode tarnitakse detailidena.<br \/>\nKaasas paigaldusjuhend ja tarvikud.<br \/>\nToodetud: Poolas.<\/p>\n","protected":false},"excerpt":{"rendered":"<p>Laius: 110 cm.<br \/>\nS\u00fcgavus: 40 cm.<br \/>\nK\u00f5rgus: 90 cm.<br \/>\nTarneaeg:\u00a04-8 n\u00e4dalat.<br \/>\n<strong>NB! Laos kohe olemas v\u00e4rviga: eukal\u00fcbt\/balti luitetamm.<\/strong><\/p>\n","protected":false},"featured_media":12960,"template":"","meta":{"_acf_changed":false,"inline_featured_image":false},"series":[2829],"product_brand":[2940],"product_cat":[303,2928,36],"product_tag":[],"class_list":{"0":"post-19750","1":"product","2":"type-product","3":"status-publish","4":"has-post-thumbnail","6":"series-sergio","7":"product_brand-meblar","8":"product_cat-lastetuba-sergio","9":"product_cat-kummutid-ja-kapid-laos","10":"product_cat-kummutid","12":"first","13":"instock","14":"taxable","15":"shipping-taxable","16":"purchasable","17":"product-type-variable"},"acf":[],"_links":{"self":[{"href":"https:\/\/mobecor.ee\/en\/wp-json\/wp\/v2\/product\/19750","targetHints":{"allow":["GET"]}}],"collection":[{"href":"https:\/\/mobecor.ee\/en\/wp-json\/wp\/v2\/product"}],"about":[{"href":"https:\/\/mobecor.ee\/en\/wp-json\/wp\/v2\/types\/product"}],"wp:featuredmedia":[{"embeddable":true,"href":"https:\/\/mobecor.ee\/en\/wp-json\/wp\/v2\/media\/12960"}],"wp:attachment":[{"href":"https:\/\/mobecor.ee\/en\/wp-json\/wp\/v2\/media?parent=19750"}],"wp:term":[{"taxonomy":"series","embeddable":true,"href":"https:\/\/mobecor.ee\/en\/wp-json\/wp\/v2\/series?post=19750"},{"taxonomy":"product_brand","embeddable":true,"href":"https:\/\/mobecor.ee\/en\/wp-json\/wp\/v2\/product_brand?post=19750"},{"taxonomy":"product_cat","embeddable":true,"href":"https:\/\/mobecor.ee\/en\/wp-json\/wp\/v2\/product_cat?post=19750"},{"taxonomy":"product_tag","embeddable":true,"href":"https:\/\/mobecor.ee\/en\/wp-json\/wp\/v2\/product_tag?post=19750"}],"curies":[{"name":"wp","href":"https:\/\/api.w.org\/{rel}","templated":true}]}}