{"id":19766,"date":"2025-05-05T10:22:37","date_gmt":"2025-05-05T10:22:37","guid":{"rendered":"https:\/\/mobecor.ee\/?post_type=product&#038;p=19766"},"modified":"2026-01-07T08:53:45","modified_gmt":"2026-01-07T06:53:45","slug":"sahtliboks-riidekappi-kk","status":"publish","type":"product","link":"https:\/\/mobecor.ee\/en\/toode\/sahtliboks-riidekappi-kk\/","title":{"rendered":"Sahtliboks riidekappi KK"},"content":{"rendered":"<p>Sahtliboks on m\u00f5eldud paigaldamiseks\u00a0<a href=\"https:\/\/mobecor.ee\/?s=Riidekapp+Effect&amp;post_type=product&amp;dgwt_wcas=1&amp;lang=et\" target=\"_blank\" rel=\"noopener\">riidekappi Effect<\/a>.<br \/>\nSahtliboksil on 3 sahtlit.<br \/>\nMaterjal: kvaliteetne ja vastupidav melamiinkattega laminaat.<br \/>\nV\u00e4rvivalik: m\u00e4nd andersen KK1; tamm sonoma KK2; p\u00e4hkel Columbia KK3 ja tamm Lancelot KK4.<br \/>\nToodetud: Poolas.<br \/>\nToode tarnitakse detailidena.<\/p>\n<p>&nbsp;<\/p>\n","protected":false},"excerpt":{"rendered":"<p>Laius: 50 cm.<br \/>\nS\u00fcgavus: 40 cm.<br \/>\nK\u00f5rgus: 60 cm.<br \/>\nTarneaeg: 4-8 n\u00e4dalat.<br \/>\n<strong>Laos kohe olemas v\u00e4rvid:\u00a0m\u00e4nd andersen KK1 ja tamm Lancelot KK4.<\/strong><\/p>\n","protected":false},"featured_media":12992,"template":"","meta":{"_acf_changed":false,"inline_featured_image":false},"series":[],"product_brand":[2914],"product_cat":[124,325,2923],"product_tag":[],"class_list":{"0":"post-19766","1":"product","2":"type-product","3":"status-publish","4":"has-post-thumbnail","6":"product_brand-fadome","7":"product_cat-sahtliboksid","8":"product_cat-lukandustega-kapid","9":"product_cat-riidekapid-laos","11":"first","12":"instock","13":"taxable","14":"shipping-taxable","15":"purchasable","16":"product-type-variable"},"acf":[],"_links":{"self":[{"href":"https:\/\/mobecor.ee\/en\/wp-json\/wp\/v2\/product\/19766","targetHints":{"allow":["GET"]}}],"collection":[{"href":"https:\/\/mobecor.ee\/en\/wp-json\/wp\/v2\/product"}],"about":[{"href":"https:\/\/mobecor.ee\/en\/wp-json\/wp\/v2\/types\/product"}],"wp:featuredmedia":[{"embeddable":true,"href":"https:\/\/mobecor.ee\/en\/wp-json\/wp\/v2\/media\/12992"}],"wp:attachment":[{"href":"https:\/\/mobecor.ee\/en\/wp-json\/wp\/v2\/media?parent=19766"}],"wp:term":[{"taxonomy":"series","embeddable":true,"href":"https:\/\/mobecor.ee\/en\/wp-json\/wp\/v2\/series?post=19766"},{"taxonomy":"product_brand","embeddable":true,"href":"https:\/\/mobecor.ee\/en\/wp-json\/wp\/v2\/product_brand?post=19766"},{"taxonomy":"product_cat","embeddable":true,"href":"https:\/\/mobecor.ee\/en\/wp-json\/wp\/v2\/product_cat?post=19766"},{"taxonomy":"product_tag","embeddable":true,"href":"https:\/\/mobecor.ee\/en\/wp-json\/wp\/v2\/product_tag?post=19766"}],"curies":[{"name":"wp","href":"https:\/\/api.w.org\/{rel}","templated":true}]}}