{"id":19782,"date":"2025-05-05T10:23:03","date_gmt":"2025-05-05T10:23:03","guid":{"rendered":"https:\/\/mobecor.ee\/?post_type=product&#038;p=19782"},"modified":"2026-04-17T07:48:14","modified_gmt":"2026-04-17T04:48:14","slug":"kattemadrats-top-nightfly","status":"publish","type":"product","link":"https:\/\/mobecor.ee\/en\/toode\/kattemadrats-top-nightfly\/","title":{"rendered":"Kattemadrats TOP Nightfly"},"content":{"rendered":"<div class=\"itemIntroText\">\n<div class=\"itemIntroText\">\n<div class=\"itemIntroText\">\n<p>Kattemadratsi Top Nightfly sisuks on mugav ja k\u00f5rgekvaliteetne Nightfly poroloon paksusega 4 cm.<br \/>\nNightfly on k\u00f5rgete tehniliste parameetritega vee baasil Itaalias toodetud poroloon, tagab v\u00e4ga hea \u00f5huringluse ja vastupidavuse niiskusele ning temperatuurile. V\u00f5rreldes tavaporoloonidega annab see palju suurema punktipainduvuse ja deformatsioonikindluse.<br \/>\nKattekangas ALGUA sisaldab Spirulina merevetikaekstarakte, mis muudab kanga v\u00e4rskeks ja nahas\u00f5bralikuks.<br \/>\nKatet on lihtne hooldada. T\u00f5mbluku abil kergesti eemaldatav (kaheks eraldi t\u00fckiks) ja v\u00f5ib pesta kuni 60\u00b0C temperatuuril.<br \/>\nK\u00f5ik kasutatavad materjalid omavad \u00d6ko Tex Standard 100 sertifikaati.<\/p>\n<\/div>\n<\/div>\n<\/div>\n","protected":false},"excerpt":{"rendered":"<p>Kattemadrats pikendab madratsi eluiga, kaitseb madratsit m\u00e4\u00e4rdumise eest, lihtsustab madratsi puhastamist ning annab ka lisamugavuse, muutes magamisaseme veel paremaks ja pehmemaks.<br \/>\nKattemadratsi Top Nightfly paksus on 6 cm.<br \/>\nTarneaeg: kuni 2 n\u00e4dalat.<\/p>\n","protected":false},"featured_media":12848,"template":"","meta":{"_acf_changed":false,"inline_featured_image":false},"series":[],"product_brand":[2857],"product_cat":[137],"product_tag":[],"class_list":{"0":"post-19782","1":"product","2":"type-product","3":"status-publish","4":"has-post-thumbnail","6":"product_brand-materasso","7":"product_cat-materasso","9":"first","10":"instock","11":"taxable","12":"shipping-taxable","13":"purchasable","14":"product-type-variable"},"acf":[],"_links":{"self":[{"href":"https:\/\/mobecor.ee\/en\/wp-json\/wp\/v2\/product\/19782","targetHints":{"allow":["GET"]}}],"collection":[{"href":"https:\/\/mobecor.ee\/en\/wp-json\/wp\/v2\/product"}],"about":[{"href":"https:\/\/mobecor.ee\/en\/wp-json\/wp\/v2\/types\/product"}],"wp:featuredmedia":[{"embeddable":true,"href":"https:\/\/mobecor.ee\/en\/wp-json\/wp\/v2\/media\/12848"}],"wp:attachment":[{"href":"https:\/\/mobecor.ee\/en\/wp-json\/wp\/v2\/media?parent=19782"}],"wp:term":[{"taxonomy":"series","embeddable":true,"href":"https:\/\/mobecor.ee\/en\/wp-json\/wp\/v2\/series?post=19782"},{"taxonomy":"product_brand","embeddable":true,"href":"https:\/\/mobecor.ee\/en\/wp-json\/wp\/v2\/product_brand?post=19782"},{"taxonomy":"product_cat","embeddable":true,"href":"https:\/\/mobecor.ee\/en\/wp-json\/wp\/v2\/product_cat?post=19782"},{"taxonomy":"product_tag","embeddable":true,"href":"https:\/\/mobecor.ee\/en\/wp-json\/wp\/v2\/product_tag?post=19782"}],"curies":[{"name":"wp","href":"https:\/\/api.w.org\/{rel}","templated":true}]}}