{"id":19784,"date":"2025-05-05T10:23:10","date_gmt":"2025-05-05T10:23:10","guid":{"rendered":"https:\/\/mobecor.ee\/?post_type=product&#038;p=19784"},"modified":"2026-04-17T07:15:05","modified_gmt":"2026-04-17T04:15:05","slug":"kattemadrats-top-latex","status":"publish","type":"product","link":"https:\/\/mobecor.ee\/en\/toode\/kattemadrats-top-latex\/","title":{"rendered":"Kattemadrats TOP Latex"},"content":{"rendered":"<div class=\"itemIntroText\">\n<div class=\"itemIntroText\">\n<div class=\"itemIntroText\">\n<p>Keskkonnas\u00f5bralik, steriilne, k\u00f5rge elastsusega, hea hingavus, antibakteriaalne.<br \/>\nDeformatsioonikindel lateks kohandub h\u00e4sti magaja kehaga, on hea kaalutaluvusega\u00a0ning s\u00e4iltab oma omadused aastaid.<br \/>\nKattekangas ALGUA sisaldab Spirulina merevetikaekstarakte, mis muudab kanga v\u00e4rskeks ja nahas\u00f5bralikuks.<br \/>\nKatet on lihtne hooldada, t\u00f5mbluku abil kergesti eemaldatav (kaheks eraldi t\u00fckiks) ja v\u00f5ib pesta kuni 60\u00b0C temperatuuril.<br \/>\nK\u00f5ik madratsis kasutatavad materjalid omavad \u00d6ko Tex Standard 100 sertifikaati.<\/p>\n<\/div>\n<\/div>\n<\/div>\n","protected":false},"excerpt":{"rendered":"<p>Kattemadrats pikendab madratsi eluiga, kaitseb madratsit m\u00e4\u00e4rdumise eest, lihtsustab madratsi puhastamist ning annab ka lisamugavuse, muutes magamisaseme veel paremaks ja pehmemaks.<br \/>\nKattemadrats Latex sisuks on mugav perforeeritud lateksikiht paksusega 4 cm.<br \/>\nKattemadratsi paksus 6 cm.<br \/>\nTarneaeg: kuni 2 n\u00e4dalat.<\/p>\n","protected":false},"featured_media":12852,"template":"","meta":{"_acf_changed":false,"inline_featured_image":false},"series":[],"product_brand":[2857],"product_cat":[137],"product_tag":[],"class_list":{"0":"post-19784","1":"product","2":"type-product","3":"status-publish","4":"has-post-thumbnail","6":"product_brand-materasso","7":"product_cat-materasso","9":"first","10":"instock","11":"taxable","12":"shipping-taxable","13":"purchasable","14":"product-type-variable"},"acf":[],"_links":{"self":[{"href":"https:\/\/mobecor.ee\/en\/wp-json\/wp\/v2\/product\/19784","targetHints":{"allow":["GET"]}}],"collection":[{"href":"https:\/\/mobecor.ee\/en\/wp-json\/wp\/v2\/product"}],"about":[{"href":"https:\/\/mobecor.ee\/en\/wp-json\/wp\/v2\/types\/product"}],"wp:featuredmedia":[{"embeddable":true,"href":"https:\/\/mobecor.ee\/en\/wp-json\/wp\/v2\/media\/12852"}],"wp:attachment":[{"href":"https:\/\/mobecor.ee\/en\/wp-json\/wp\/v2\/media?parent=19784"}],"wp:term":[{"taxonomy":"series","embeddable":true,"href":"https:\/\/mobecor.ee\/en\/wp-json\/wp\/v2\/series?post=19784"},{"taxonomy":"product_brand","embeddable":true,"href":"https:\/\/mobecor.ee\/en\/wp-json\/wp\/v2\/product_brand?post=19784"},{"taxonomy":"product_cat","embeddable":true,"href":"https:\/\/mobecor.ee\/en\/wp-json\/wp\/v2\/product_cat?post=19784"},{"taxonomy":"product_tag","embeddable":true,"href":"https:\/\/mobecor.ee\/en\/wp-json\/wp\/v2\/product_tag?post=19784"}],"curies":[{"name":"wp","href":"https:\/\/api.w.org\/{rel}","templated":true}]}}