{"id":19801,"date":"2025-05-05T10:24:22","date_gmt":"2025-05-05T10:24:22","guid":{"rendered":"https:\/\/mobecor.ee\/?post_type=product&#038;p=19801"},"modified":"2025-12-18T14:17:22","modified_gmt":"2025-12-18T12:17:22","slug":"diivanilaua-komplekt-veroli-vr-06-must","status":"publish","type":"product","link":"https:\/\/mobecor.ee\/en\/toode\/diivanilaua-komplekt-veroli-vr-06-must\/","title":{"rendered":"Diivanilaua komplekt Veroli VR-06, must marmor"},"content":{"rendered":"<p>Komplekti kuulub 2 diivanilauda.<br \/>\nLauaplaadi materjal: lamineeritud m\u00f6\u00f6bliplaat, 16 mm.<br \/>\nJalad: musta v\u00e4rvi metallist.<br \/>\nLauaplaadi v\u00e4rv: must marmor.<br \/>\nToodetud: Poolas.<br \/>\nToode tarnitakse detailidena.<br \/>\nLaius: suurem laud \u2013 65 cm\/v\u00e4iksem laud \u2013 55 cm.<br \/>\nS\u00fcgavus: suurem laud \u2013\u00a065 cm\/v\u00e4iksem laud \u2013 55 cm.<br \/>\nK\u00f5rgus: suurem laud \u2013 52,7 cm\/v\u00e4iksem laud \u2013 47,3 cm.<br \/>\nKaal: suurem laud \u2013 8,5 kg\/v\u00e4iksem laud 7 kg.<br \/>\n<strong>Tarneaeg: laos kohe olemas viimased.<br \/>\n<\/strong>Juurde tellida ei saa.<\/p>\n","protected":false},"excerpt":{"rendered":"<p>Komplekti kuulub 2 diivanilauda. Lauaplaadi materjal: lamineeritud m\u00f6\u00f6bliplaat, 16 mm. Jalad: musta v\u00e4rvi metallist. Lauaplaadi v\u00e4rv: must marmor. Toodetud: Poolas&#8230;.<\/p>\n","protected":false},"featured_media":12884,"template":"","meta":{"_acf_changed":false,"inline_featured_image":false},"series":[],"product_brand":[2954],"product_cat":[37,2929],"product_tag":[],"class_list":{"0":"post-19801","1":"product","2":"type-product","3":"status-publish","4":"has-post-thumbnail","6":"product_brand-gib","7":"product_cat-diivanilauad","8":"product_cat-diivanilauad-laos","10":"first","11":"instock","12":"sale","13":"taxable","14":"shipping-taxable","15":"purchasable","16":"product-type-simple"},"acf":[],"_links":{"self":[{"href":"https:\/\/mobecor.ee\/en\/wp-json\/wp\/v2\/product\/19801","targetHints":{"allow":["GET"]}}],"collection":[{"href":"https:\/\/mobecor.ee\/en\/wp-json\/wp\/v2\/product"}],"about":[{"href":"https:\/\/mobecor.ee\/en\/wp-json\/wp\/v2\/types\/product"}],"wp:featuredmedia":[{"embeddable":true,"href":"https:\/\/mobecor.ee\/en\/wp-json\/wp\/v2\/media\/12884"}],"wp:attachment":[{"href":"https:\/\/mobecor.ee\/en\/wp-json\/wp\/v2\/media?parent=19801"}],"wp:term":[{"taxonomy":"series","embeddable":true,"href":"https:\/\/mobecor.ee\/en\/wp-json\/wp\/v2\/series?post=19801"},{"taxonomy":"product_brand","embeddable":true,"href":"https:\/\/mobecor.ee\/en\/wp-json\/wp\/v2\/product_brand?post=19801"},{"taxonomy":"product_cat","embeddable":true,"href":"https:\/\/mobecor.ee\/en\/wp-json\/wp\/v2\/product_cat?post=19801"},{"taxonomy":"product_tag","embeddable":true,"href":"https:\/\/mobecor.ee\/en\/wp-json\/wp\/v2\/product_tag?post=19801"}],"curies":[{"name":"wp","href":"https:\/\/api.w.org\/{rel}","templated":true}]}}