{"id":19802,"date":"2025-05-05T10:24:25","date_gmt":"2025-05-05T10:24:25","guid":{"rendered":"https:\/\/mobecor.ee\/?post_type=product&#038;p=19802"},"modified":"2026-04-02T12:54:50","modified_gmt":"2026-04-02T09:54:50","slug":"diivanvoodi-marco","status":"publish","type":"product","link":"https:\/\/mobecor.ee\/en\/toode\/diivanvoodi-marco\/","title":{"rendered":"Diivanvoodi Marco (232\/100\/92) kangas 0 gr."},"content":{"rendered":"<p>Diivanvoodil on sik-sak vedrustus ja pesukast.<br \/>\nPolsterdus: elastne poroloon.<br \/>\nMagamisosa avaneb lihtsalt ja sobib igap\u00e4evaseks\u00a0kasutamiseks.<br \/>\nJalad: metallist, musta v\u00e4rvi.<br \/>\nToodetud: Poolas.<\/p>\n","protected":false},"excerpt":{"rendered":"<p>Laius: 232 cm.<br \/>\nS\u00fcgavus: 100 cm.<br \/>\nK\u00f5rgus: 78-92 cm.<br \/>\nIstme k\u00f5rgus: 44 cm.<br \/>\nIstme s\u00fcgavus: 57-82 cm.<br \/>\nSeljatoek\u00f5rgus: 45 cm.<br \/>\nMagamisosa : 147 x 200 cm.<br \/>\nTarneaeg: 4-8 n\u00e4dalat.<br \/>\nNB! Kangaste v\u00e4rv v\u00f5ib veidi erineda pildil ja tegelikkuses (heledam v\u00f5i tumedam).<br \/>\nK\u00f5iki tellitavaid kangaid on v\u00f5imalik n\u00e4ha Mobecori m\u00f6\u00f6blipoes V\u00f5rus.<\/p>\n","protected":false},"featured_media":12886,"template":"","meta":{"_acf_changed":false,"inline_featured_image":false},"series":[],"product_brand":[2940],"product_cat":[195],"product_tag":[],"class_list":{"0":"post-19802","1":"product","2":"type-product","3":"status-publish","4":"has-post-thumbnail","6":"product_brand-meblar","7":"product_cat-diivanvoodid","9":"first","10":"instock","11":"taxable","12":"shipping-taxable","13":"purchasable","14":"product-type-simple"},"acf":[],"_links":{"self":[{"href":"https:\/\/mobecor.ee\/en\/wp-json\/wp\/v2\/product\/19802","targetHints":{"allow":["GET"]}}],"collection":[{"href":"https:\/\/mobecor.ee\/en\/wp-json\/wp\/v2\/product"}],"about":[{"href":"https:\/\/mobecor.ee\/en\/wp-json\/wp\/v2\/types\/product"}],"wp:featuredmedia":[{"embeddable":true,"href":"https:\/\/mobecor.ee\/en\/wp-json\/wp\/v2\/media\/12886"}],"wp:attachment":[{"href":"https:\/\/mobecor.ee\/en\/wp-json\/wp\/v2\/media?parent=19802"}],"wp:term":[{"taxonomy":"series","embeddable":true,"href":"https:\/\/mobecor.ee\/en\/wp-json\/wp\/v2\/series?post=19802"},{"taxonomy":"product_brand","embeddable":true,"href":"https:\/\/mobecor.ee\/en\/wp-json\/wp\/v2\/product_brand?post=19802"},{"taxonomy":"product_cat","embeddable":true,"href":"https:\/\/mobecor.ee\/en\/wp-json\/wp\/v2\/product_cat?post=19802"},{"taxonomy":"product_tag","embeddable":true,"href":"https:\/\/mobecor.ee\/en\/wp-json\/wp\/v2\/product_tag?post=19802"}],"curies":[{"name":"wp","href":"https:\/\/api.w.org\/{rel}","templated":true}]}}