{"id":19811,"date":"2025-05-05T10:24:59","date_gmt":"2025-05-05T10:24:59","guid":{"rendered":"https:\/\/mobecor.ee\/?post_type=product&#038;p=19811"},"modified":"2025-12-18T13:52:22","modified_gmt":"2025-12-18T11:52:22","slug":"laud-grand-maxi","status":"publish","type":"product","link":"https:\/\/mobecor.ee\/en\/toode\/laud-grand-maxi\/","title":{"rendered":"Pikendatav s\u00f6\u00f6gilaud Grand Maxi (160-282\/90\/76)"},"content":{"rendered":"<p>Pikendatav s\u00f6\u00f6gilaud.<br \/>\nMaterjal: lamineeritud m\u00f6\u00f6bliplaat\/MDF.<br \/>\nServad: ABS.<br \/>\nLaius: 160-282 cm.<br \/>\nS\u00fcgavus: 90 cm.<br \/>\nK\u00f5rgus: 76 cm.<br \/>\nV\u00e4rvivalik: matt valge.<br \/>\nToode tarnitakse detailidena.<br \/>\nToodetud: Poolas.<br \/>\nTarneaeg: 4-8 n\u00e4dalat.<\/p>\n","protected":false},"excerpt":{"rendered":"<p>Pikendatav s\u00f6\u00f6gilaud. Materjal: lamineeritud m\u00f6\u00f6bliplaat\/MDF. Servad: ABS. Laius: 160-282 cm. S\u00fcgavus: 90 cm. K\u00f5rgus: 76 cm. V\u00e4rvivalik: matt valge. Toode&#8230;<\/p>\n","protected":false},"featured_media":12904,"template":"","meta":{"_acf_changed":false,"inline_featured_image":false},"series":[],"product_brand":[2941],"product_cat":[219],"product_tag":[],"class_list":{"0":"post-19811","1":"product","2":"type-product","3":"status-publish","4":"has-post-thumbnail","6":"product_brand-szynaka","7":"product_cat-soogilauad","9":"first","10":"instock","11":"sale","12":"taxable","13":"shipping-taxable","14":"purchasable","15":"product-type-simple"},"acf":[],"_links":{"self":[{"href":"https:\/\/mobecor.ee\/en\/wp-json\/wp\/v2\/product\/19811","targetHints":{"allow":["GET"]}}],"collection":[{"href":"https:\/\/mobecor.ee\/en\/wp-json\/wp\/v2\/product"}],"about":[{"href":"https:\/\/mobecor.ee\/en\/wp-json\/wp\/v2\/types\/product"}],"wp:featuredmedia":[{"embeddable":true,"href":"https:\/\/mobecor.ee\/en\/wp-json\/wp\/v2\/media\/12904"}],"wp:attachment":[{"href":"https:\/\/mobecor.ee\/en\/wp-json\/wp\/v2\/media?parent=19811"}],"wp:term":[{"taxonomy":"series","embeddable":true,"href":"https:\/\/mobecor.ee\/en\/wp-json\/wp\/v2\/series?post=19811"},{"taxonomy":"product_brand","embeddable":true,"href":"https:\/\/mobecor.ee\/en\/wp-json\/wp\/v2\/product_brand?post=19811"},{"taxonomy":"product_cat","embeddable":true,"href":"https:\/\/mobecor.ee\/en\/wp-json\/wp\/v2\/product_cat?post=19811"},{"taxonomy":"product_tag","embeddable":true,"href":"https:\/\/mobecor.ee\/en\/wp-json\/wp\/v2\/product_tag?post=19811"}],"curies":[{"name":"wp","href":"https:\/\/api.w.org\/{rel}","templated":true}]}}