{"id":19816,"date":"2025-05-05T10:25:20","date_gmt":"2025-05-05T10:25:20","guid":{"rendered":"https:\/\/mobecor.ee\/?post_type=product&#038;p=19816"},"modified":"2026-01-22T14:48:21","modified_gmt":"2026-01-22T12:48:21","slug":"tugitool-alora","status":"publish","type":"product","link":"https:\/\/mobecor.ee\/en\/toode\/tugitool-alora\/","title":{"rendered":"Tugitool Alora (234\/103\/95-110)\/Tartu poes"},"content":{"rendered":"<p>Komplekt &#8211; elegantne relax mehhanismiga tugitool + peidetud baarikapp\/riiul + relax mehhanismiga tugitool.<br \/>\nM\u00f5lemal tugitoolil on elektriline relax mehhanism, mis avaneb\/sulgub sujuvalt vaid nupule vajutusega.<br \/>\nT\u00e4helepanu k\u00f6idavad originaalse kujuga puitjalad, mis t\u00e4iustavad kogu konstruktsiooni.<br \/>\nIste on sik-sak vedrudega + \u00fclielastne poroloon.<br \/>\nSeljatugi &#8211; \u00fclielastne poroloon.<br \/>\nPolster: kangas.<br \/>\nKomplekti t\u00e4iustavad silmapaistvad puitelemendid ja heleda marmori v\u00e4rvi lauaplaat.<\/p>\n","protected":false},"excerpt":{"rendered":"<p>Laius: 234 cm.<br \/>\nS\u00fcgavus: 103 cm.<br \/>\nK\u00f5rgus: 95-110 cm.<br \/>\n<strong>Tugitool (3 gr. kangas Wicker\/puit &#8211; must) on kohe olemas Mobecori Tartu poes. Teguri tn. 39<\/strong><br \/>\nTellimisel teiste v\u00e4rvidega rakendub tootele t\u00e4ishind ning tarneaeg kuni 10 n\u00e4dalat.<br \/>\nHind s\u00f5ltub kanga grupist.<br \/>\nKanga- ja v\u00e4rvin\u00e4idised on n\u00e4htaval Mobecori V\u00f5ru ja Tartu poodides.<\/p>\n","protected":false},"featured_media":12914,"template":"","meta":{"_acf_changed":false,"inline_featured_image":false},"series":[],"product_brand":[3967],"product_cat":[285,2935,4020],"product_tag":[],"class_list":{"0":"post-19816","1":"product","2":"type-product","3":"status-publish","4":"has-post-thumbnail","6":"product_brand-orfeusz","7":"product_cat-tugitoolid","8":"product_cat-pehmemoobel-laos","9":"product_cat-kohe-olemas-tartu-poes","11":"first","12":"instock","13":"sale","14":"taxable","15":"shipping-taxable","16":"purchasable","17":"product-type-simple"},"acf":[],"_links":{"self":[{"href":"https:\/\/mobecor.ee\/en\/wp-json\/wp\/v2\/product\/19816","targetHints":{"allow":["GET"]}}],"collection":[{"href":"https:\/\/mobecor.ee\/en\/wp-json\/wp\/v2\/product"}],"about":[{"href":"https:\/\/mobecor.ee\/en\/wp-json\/wp\/v2\/types\/product"}],"wp:featuredmedia":[{"embeddable":true,"href":"https:\/\/mobecor.ee\/en\/wp-json\/wp\/v2\/media\/12914"}],"wp:attachment":[{"href":"https:\/\/mobecor.ee\/en\/wp-json\/wp\/v2\/media?parent=19816"}],"wp:term":[{"taxonomy":"series","embeddable":true,"href":"https:\/\/mobecor.ee\/en\/wp-json\/wp\/v2\/series?post=19816"},{"taxonomy":"product_brand","embeddable":true,"href":"https:\/\/mobecor.ee\/en\/wp-json\/wp\/v2\/product_brand?post=19816"},{"taxonomy":"product_cat","embeddable":true,"href":"https:\/\/mobecor.ee\/en\/wp-json\/wp\/v2\/product_cat?post=19816"},{"taxonomy":"product_tag","embeddable":true,"href":"https:\/\/mobecor.ee\/en\/wp-json\/wp\/v2\/product_tag?post=19816"}],"curies":[{"name":"wp","href":"https:\/\/api.w.org\/{rel}","templated":true}]}}