{"id":20025,"date":"2025-05-05T10:38:55","date_gmt":"2025-05-05T10:38:55","guid":{"rendered":"https:\/\/mobecor.ee\/?post_type=product&#038;p=20025"},"modified":"2026-04-17T07:09:45","modified_gmt":"2026-04-17T04:09:45","slug":"vedrumadrats-siesta","status":"publish","type":"product","link":"https:\/\/mobecor.ee\/en\/toode\/vedrumadrats-siesta\/","title":{"rendered":"Vedrumadrats Siesta"},"content":{"rendered":"<div class=\"itemIntroText\">\n<div class=\"itemIntroText\">\n<div class=\"itemIntroText\">\n<p><span style=\"font-size: 14px;\">Kahepoolse madratsi \u00fcks pool on k\u00f5vem, teine pehmem!<br \/>\n<\/span><span style=\"font-size: 14px;\">Madrats on 7-tsoonilise pocket vedrustusega, s\u00f5ltumatu vedrus\u00fcsteem toetab kogu keha ning kehakaal jaguneb \u00fchtlaselt madratsile.<\/span><br \/>\n<span style=\"font-size: 14px;\">Vedrutraadi l\u00e4bim\u00f5\u00f5t 1.9\/2.0 mm, 246 vedru\/m2 kohta.\u00a0<\/span><br \/>\n<span style=\"font-size: 14px;\">Vedrubloki m\u00f5lemad pooled on vooderdatud k\u00f5rgekvaliteetse ja vastupidava porolooniga.<\/span><br \/>\n<span style=\"font-size: 14px;\">Lisamugavust pakub \u00fchel pool mugav ja k\u00f5rgekvaliteetne Nightfly poroloon (paksus 3 cm, pehmem pool). Nightfly on k\u00f5rgete tehniliste parameetritega vee baasil Itaalias toodetud poroloon, tagab v\u00e4ga hea \u00f5huringluse ja vastupidavuse niiskusele ning temperatuurile. V\u00f5rreldes tavaporoloonidega annab see madratsites palju suurema punktipainduvuse, t\u00e4nu millele on inimese selgroog optimaalselt toetatud.<\/span><br \/>\n<span style=\"font-size: 14px;\">Kattekangas Aloe Vera, tepitud hingava fiiberkiuga, tagab v\u00e4ga hea \u00f5huvahetuse. Kangas on eriti sobiv neile, kes on tundlikud\/allergilised tolmulestadele.\u00a0<\/span><br \/>\n<span style=\"font-size: 14px;\">3D kangas k\u00fclgedel tagab parima \u00f5hutuse madratsi sisemuses.<\/span><br \/>\n<span style=\"font-size: 14px;\">Kate on t\u00f5mbluku abil kergesti eemaldatav (kaheks eraldi t\u00fckiks) ja v\u00f5ib pesta kuni 60\u00b0C temperatuuril.<\/span><br \/>\n<span style=\"font-size: 14px;\">K\u00f5vadusaste \u00a0&#8211; 3\/5 (keskmise k\u00f5vadusega, Nightfly porolooni pool) &#8211; 4\/5 (keskmisest k\u00f5vem, porolooni pool).\u00a0<\/span><br \/>\n<span style=\"font-size: 14px;\">Madrats on kandev\u00f5imega kuni 120 kg.\u00a0<\/span><br \/>\n<span style=\"font-size: 14px;\">Materasso madratsite kasutatav \u0160veitsi veep\u00f5hine liim Simalfa on \u00f6koloogiline, l\u00f5hnatu ja tolmuvaba.\u00a0<\/span><br \/>\n<span style=\"font-size: 14px;\">K\u00f5ik madratsis kasutatavad materjalid omavad \u00d6ko Tex Standard 100 sertifikaati.\u00a0<\/span><br \/>\n<span style=\"font-size: 14px;\">Madrats on pakitud rulli vaakumpakendisse, kergesti transporditav.\u00a0<\/span><br \/>\n<span style=\"font-size: 14px;\">Soovituslik voodip\u00f5hi \u2013 lipid kuni 5 cm vahega.<br \/>\nV\u00f5imalik tellida ka erim\u00f5\u00f5dus madratsit. Erim\u00f5\u00f5dus toodetele ei kehti tellimuse t\u00fchistamis- ja tagastamis\u00f5igus.<\/span><\/p>\n<\/div>\n<\/div>\n<\/div>\n","protected":false},"excerpt":{"rendered":"<p><span style=\"font-size: 14px;\">Matterasso vedrumadrats Siesta on m\u00f5nus, mugav ja kvaliteetne, pakkudes parimat und!<br \/>\nM<\/span><span style=\"font-size: 14px;\">adratsi k\u00f5rgus 25 cm.<br \/>\nTarneaeg: kuni 2 n\u00e4dalat.<\/span><\/p>\n","protected":false},"featured_media":12492,"template":"","meta":{"_acf_changed":false,"inline_featured_image":false},"series":[],"product_brand":[2857],"product_cat":[137],"product_tag":[],"class_list":{"0":"post-20025","1":"product","2":"type-product","3":"status-publish","4":"has-post-thumbnail","6":"product_brand-materasso","7":"product_cat-materasso","9":"first","10":"instock","11":"taxable","12":"shipping-taxable","13":"purchasable","14":"product-type-variable"},"acf":[],"_links":{"self":[{"href":"https:\/\/mobecor.ee\/en\/wp-json\/wp\/v2\/product\/20025","targetHints":{"allow":["GET"]}}],"collection":[{"href":"https:\/\/mobecor.ee\/en\/wp-json\/wp\/v2\/product"}],"about":[{"href":"https:\/\/mobecor.ee\/en\/wp-json\/wp\/v2\/types\/product"}],"wp:featuredmedia":[{"embeddable":true,"href":"https:\/\/mobecor.ee\/en\/wp-json\/wp\/v2\/media\/12492"}],"wp:attachment":[{"href":"https:\/\/mobecor.ee\/en\/wp-json\/wp\/v2\/media?parent=20025"}],"wp:term":[{"taxonomy":"series","embeddable":true,"href":"https:\/\/mobecor.ee\/en\/wp-json\/wp\/v2\/series?post=20025"},{"taxonomy":"product_brand","embeddable":true,"href":"https:\/\/mobecor.ee\/en\/wp-json\/wp\/v2\/product_brand?post=20025"},{"taxonomy":"product_cat","embeddable":true,"href":"https:\/\/mobecor.ee\/en\/wp-json\/wp\/v2\/product_cat?post=20025"},{"taxonomy":"product_tag","embeddable":true,"href":"https:\/\/mobecor.ee\/en\/wp-json\/wp\/v2\/product_tag?post=20025"}],"curies":[{"name":"wp","href":"https:\/\/api.w.org\/{rel}","templated":true}]}}