{"id":20026,"date":"2025-05-05T10:38:58","date_gmt":"2025-05-05T10:38:58","guid":{"rendered":"https:\/\/mobecor.ee\/?post_type=product&#038;p=20026"},"modified":"2026-04-17T07:01:48","modified_gmt":"2026-04-17T04:01:48","slug":"vedrumadrats-nap","status":"publish","type":"product","link":"https:\/\/mobecor.ee\/en\/toode\/vedrumadrats-nap\/","title":{"rendered":"Vedrumadrats Nap"},"content":{"rendered":"<div class=\"itemIntroText\">\n<div class=\"itemIntroText\">\n<div class=\"itemIntroText\">\n<p>Kahepoolse madratsi \u00fcks pool on k\u00f5vem, teine pehmem!<br \/>\nMadrats on 7-tsoonilise pocket vedrustusega, s\u00f5ltumatu vedrus\u00fcsteem toetab kogu keha ning kehakaal jaguneb \u00fchtlaselt madratsile.<br \/>\nVedrutraadi l\u00e4bim\u00f5\u00f5t 1.9\/2.0 mm, 246 vedru\/m2 kohta.<br \/>\nVedrubloki m\u00f5lemad pooled on vooderdatud k\u00f5rgekvaliteetse ja vastupidava porolooniga.<br \/>\nLisamugavust pakub \u00fchel pool perforeeritud lateksikiht (paksus 3 cm). Keskkonnas\u00f5bralik, k\u00f5rge elastsusega, hea hingavus, antibakteriaalne. Tekitab pehme tunde, magaja n\u00f6 \u201evajub madratsisse\u201c (pehmem pool).<br \/>\nKattekangas ALGUA sisaldab Spirulina merevetikaekstarakte, mis muudab kanga v\u00e4rskeks ja nahas\u00f5bralikuks.<br \/>\n3D kangas k\u00fclgedel tagab parima \u00f5hutuse madratsi sisemuses.<br \/>\nKate on t\u00f5mbluku abil kergesti eemaldatav (kaheks eraldi t\u00fckiks) ja v\u00f5ib pesta kuni 60\u00b0C temperatuuril.<br \/>\nK\u00f5vadusaste \u00a0&#8211; 3\/5 (keskmise k\u00f5vadusega, latexi pool) &#8211; 4\/5 (keskmisest k\u00f5vem, poroloon pool)<br \/>\nMadrats on kandev\u00f5imega kuni 120 kg.<br \/>\nMaterasso madratsite kasutatav \u0160veitsi veep\u00f5hine liim Simalfa on \u00f6koloogiline, l\u00f5hnatu ja tolmuvaba.<br \/>\nK\u00f5ik madratsis kasutatavad materjalid omavad \u00d6ko Tex Standard 100 sertifikaati.<br \/>\nMadrats on pakitud rulli vaakumpakendisse, kergesti transporditav.<br \/>\nSoovituslik voodip\u00f5hi \u2013 lipid kuni 5 cm vahega.<br \/>\nV\u00f5imalik tellida ka erim\u00f5\u00f5dus madratsit. Erim\u00f5\u00f5dus toodetele ei kehti tellimuse t\u00fchistamis- ja tagastamis\u00f5igus.<\/p>\n<\/div>\n<\/div>\n<\/div>\n","protected":false},"excerpt":{"rendered":"<p>Matterasso vedrumadrats Nap on m\u00f5nus, mugav ja kvaliteetne, pakkudes parimat und!<br \/>\nMadratsi k\u00f5rgus 25 cm.<br \/>\nTarneaeg: kuni 2 n\u00e4dalat.<\/p>\n","protected":false},"featured_media":12494,"template":"","meta":{"_acf_changed":false,"inline_featured_image":false},"series":[],"product_brand":[2857],"product_cat":[137],"product_tag":[],"class_list":{"0":"post-20026","1":"product","2":"type-product","3":"status-publish","4":"has-post-thumbnail","6":"product_brand-materasso","7":"product_cat-materasso","9":"first","10":"instock","11":"taxable","12":"shipping-taxable","13":"purchasable","14":"product-type-variable"},"acf":[],"_links":{"self":[{"href":"https:\/\/mobecor.ee\/en\/wp-json\/wp\/v2\/product\/20026","targetHints":{"allow":["GET"]}}],"collection":[{"href":"https:\/\/mobecor.ee\/en\/wp-json\/wp\/v2\/product"}],"about":[{"href":"https:\/\/mobecor.ee\/en\/wp-json\/wp\/v2\/types\/product"}],"wp:featuredmedia":[{"embeddable":true,"href":"https:\/\/mobecor.ee\/en\/wp-json\/wp\/v2\/media\/12494"}],"wp:attachment":[{"href":"https:\/\/mobecor.ee\/en\/wp-json\/wp\/v2\/media?parent=20026"}],"wp:term":[{"taxonomy":"series","embeddable":true,"href":"https:\/\/mobecor.ee\/en\/wp-json\/wp\/v2\/series?post=20026"},{"taxonomy":"product_brand","embeddable":true,"href":"https:\/\/mobecor.ee\/en\/wp-json\/wp\/v2\/product_brand?post=20026"},{"taxonomy":"product_cat","embeddable":true,"href":"https:\/\/mobecor.ee\/en\/wp-json\/wp\/v2\/product_cat?post=20026"},{"taxonomy":"product_tag","embeddable":true,"href":"https:\/\/mobecor.ee\/en\/wp-json\/wp\/v2\/product_tag?post=20026"}],"curies":[{"name":"wp","href":"https:\/\/api.w.org\/{rel}","templated":true}]}}