{"id":20027,"date":"2025-05-05T10:39:02","date_gmt":"2025-05-05T10:39:02","guid":{"rendered":"https:\/\/mobecor.ee\/?post_type=product&#038;p=20027"},"modified":"2026-04-17T06:59:36","modified_gmt":"2026-04-17T03:59:36","slug":"madrats-aqua-sleep","status":"publish","type":"product","link":"https:\/\/mobecor.ee\/en\/toode\/madrats-aqua-sleep\/","title":{"rendered":"Poroloonmadrats Aqua Sleep"},"content":{"rendered":"<div class=\"itemIntroText\">\n<div class=\"itemIntroText\">\n<div class=\"itemIntroText\">\n<p>Innovaatiline, termoelastne ja hingav Aqua Sleep poroloon (3 cm) on erakordselt \u00f5hulise ja hingava struktuuriga, v\u00e4ltides \u00fclekuumenemist. Aqua Sleep toetab suurep\u00e4rastelt magajat olenemata magamisasendist ning loob efekti nagu magaksite vesivoodis .<br \/>\nUuenduslik mikrokapslitega Aloe Vera poroloon (14 cm) pakub parimat teie nahale. Aloe Vera porolooni k\u00f5rge elastsus ja vetruvus v\u00f5imaldab luua t\u00f5eliselt mugava ja ergonoomilise madratsi.<br \/>\nAqua Sleep ja Aloe Vera vahel mugav ja k\u00f5rgekvaliteetne Nightfly poroloon (5 cm). Nightfly on k\u00f5rgete tehniliste parameetritega vee baasil Itaalias toodetud poroloon, tagab v\u00e4ga hea hingavuse ja vastupidavuse niiskusele ning temperatuurile. V\u00f5rreldes tavaporoloonidega annab see madratsites palju suurema punktipainduvuse, t\u00e4nu millele on inimese selgroog optimaalselt toetatud.<br \/>\nSilk touch kangas \u2013 nanotehnoloogiat kasutades on loodud elegantne siidine kangas,mille struktuur \u00fchendab endas erakordse kerguse ja kohevuse.<br \/>\nT\u00f5mblukuga kate on kergesti eemaldatav ja v\u00f5ib pesta kuni 60\u00b0C temperatuuril.<br \/>\nMaterasso madratsite kasutatav \u0160veitsi veep\u00f5hine liim Simalfa on \u00f6koloogiline, l\u00f5hnatu ja tolmuvaba (omab \u00d6ko-Tex 100 sertifikaati).<br \/>\nTehasegarantii 5 aastat.<br \/>\nK\u00f5vadusaste 3\/5.<br \/>\nMadrats on kandev\u00f5imega kuni 130 kg.<br \/>\nPakitud rulli vaakumpakendisse.<br \/>\nSoovituslik voodip\u00f5hi \u2013 lipid kuni 5 cm vahega.<br \/>\nV\u00f5imalik tellida ka erim\u00f5\u00f5dus madratsit. Erim\u00f5\u00f5dus toodetele ei kehti tellimuse t\u00fchistamis- ja tagastamis\u00f5igus.<\/p>\n<\/div>\n<\/div>\n<\/div>\n","protected":false},"excerpt":{"rendered":"<p>Matterasso poroloonmadrats Aqua Sleep on m\u00f5nus, \u00f5rn ja nahas\u00f5bralik, pakkudes maksimaalset magamismugavust.<br \/>\nMadratsi k\u00f5rgus: 22 cm.<br \/>\nTarneaeg: kuni 2 n\u00e4dalat.<\/p>\n","protected":false},"featured_media":12496,"template":"","meta":{"_acf_changed":false,"inline_featured_image":false},"series":[],"product_brand":[2857],"product_cat":[137],"product_tag":[],"class_list":{"0":"post-20027","1":"product","2":"type-product","3":"status-publish","4":"has-post-thumbnail","6":"product_brand-materasso","7":"product_cat-materasso","9":"first","10":"instock","11":"taxable","12":"shipping-taxable","13":"purchasable","14":"product-type-variable"},"acf":[],"_links":{"self":[{"href":"https:\/\/mobecor.ee\/en\/wp-json\/wp\/v2\/product\/20027","targetHints":{"allow":["GET"]}}],"collection":[{"href":"https:\/\/mobecor.ee\/en\/wp-json\/wp\/v2\/product"}],"about":[{"href":"https:\/\/mobecor.ee\/en\/wp-json\/wp\/v2\/types\/product"}],"wp:featuredmedia":[{"embeddable":true,"href":"https:\/\/mobecor.ee\/en\/wp-json\/wp\/v2\/media\/12496"}],"wp:attachment":[{"href":"https:\/\/mobecor.ee\/en\/wp-json\/wp\/v2\/media?parent=20027"}],"wp:term":[{"taxonomy":"series","embeddable":true,"href":"https:\/\/mobecor.ee\/en\/wp-json\/wp\/v2\/series?post=20027"},{"taxonomy":"product_brand","embeddable":true,"href":"https:\/\/mobecor.ee\/en\/wp-json\/wp\/v2\/product_brand?post=20027"},{"taxonomy":"product_cat","embeddable":true,"href":"https:\/\/mobecor.ee\/en\/wp-json\/wp\/v2\/product_cat?post=20027"},{"taxonomy":"product_tag","embeddable":true,"href":"https:\/\/mobecor.ee\/en\/wp-json\/wp\/v2\/product_tag?post=20027"}],"curies":[{"name":"wp","href":"https:\/\/api.w.org\/{rel}","templated":true}]}}