{"id":20028,"date":"2025-05-05T10:39:05","date_gmt":"2025-05-05T10:39:05","guid":{"rendered":"https:\/\/mobecor.ee\/?post_type=product&#038;p=20028"},"modified":"2026-04-17T06:57:57","modified_gmt":"2026-04-17T03:57:57","slug":"madrats-antibacterial","status":"publish","type":"product","link":"https:\/\/mobecor.ee\/en\/toode\/madrats-antibacterial\/","title":{"rendered":"Poroloonmadrats Antibacterial"},"content":{"rendered":"<div class=\"itemIntroText\">\n<div class=\"itemIntroText\">\n<div class=\"itemIntroText\">\n<p>Antibakteriaalne poroloon Antibacterial (3+3 cm) sisaldab spetsiaalselt preparaati Sanitized, mis takistab bakterite, tolmulestade ja hallituse arengut.<br \/>\nTermoelastne poroloon (8 cm), mis muudab keha survel ja soojusel k\u00f5vadust, tagab magades kehale \u00f5ige toe ja kestva h\u00fcgieeni.<br \/>\nPehme ja h\u00fcgieeniline kattekangas Silver Protect on \u00f5mmeldud h\u00f5beniidiga, mis kaitseb allergeenide ja mikroobide eest.<br \/>\n3D kangas k\u00fclgedel tagab parima \u00f5hutuse madratsi sisemuses.<br \/>\nT\u00f5mblukuga kate on kergesti eemaldatav ja seda v\u00f5ib pesta kuni 30\u00b0C temperatuuril.<br \/>\nMaterasso madratsite kasutatav \u0160veitsi veep\u00f5hine liim Simalfa on \u00f6koloogiline, l\u00f5hnatu ja tolmuvaba (omab \u00d6ko-Tex 100 sertifikaati).<br \/>\nTehasegarantii 3 aastat.<br \/>\nK\u00f5vadusaste 3\/5 (keskmine k\u00f5vadus).<br \/>\nMadrats on kandev\u00f5imega kuni 120 kg.<br \/>\nPakitud rulli vaakumpakendisse.<br \/>\nSoovituslik voodip\u00f5hi \u2013 lipid kuni 5 cm vahega.<br \/>\nV\u00f5imalik tellida ka erim\u00f5\u00f5dus madratsit. Erim\u00f5\u00f5dus toodetele ei kehti tellimuse t\u00fchistamis- ja tagastamis\u00f5igus.<\/p>\n<\/div>\n<\/div>\n<\/div>\n","protected":false},"excerpt":{"rendered":"<p>Materasso kompaktse struktuuriga poroloonmadrats Antibacterial on ideaalne nendele, kes on tundlikud erinevate allergiate vastu.<br \/>\nMadratsi k\u00f5rgus: 18 cm.<br \/>\nTarneaeg: kuni 2 n\u00e4dalat.<\/p>\n","protected":false},"featured_media":12498,"template":"","meta":{"_acf_changed":false,"inline_featured_image":false},"series":[],"product_brand":[2857],"product_cat":[137],"product_tag":[],"class_list":{"0":"post-20028","1":"product","2":"type-product","3":"status-publish","4":"has-post-thumbnail","6":"product_brand-materasso","7":"product_cat-materasso","9":"first","10":"instock","11":"taxable","12":"shipping-taxable","13":"purchasable","14":"product-type-variable"},"acf":[],"_links":{"self":[{"href":"https:\/\/mobecor.ee\/en\/wp-json\/wp\/v2\/product\/20028","targetHints":{"allow":["GET"]}}],"collection":[{"href":"https:\/\/mobecor.ee\/en\/wp-json\/wp\/v2\/product"}],"about":[{"href":"https:\/\/mobecor.ee\/en\/wp-json\/wp\/v2\/types\/product"}],"wp:featuredmedia":[{"embeddable":true,"href":"https:\/\/mobecor.ee\/en\/wp-json\/wp\/v2\/media\/12498"}],"wp:attachment":[{"href":"https:\/\/mobecor.ee\/en\/wp-json\/wp\/v2\/media?parent=20028"}],"wp:term":[{"taxonomy":"series","embeddable":true,"href":"https:\/\/mobecor.ee\/en\/wp-json\/wp\/v2\/series?post=20028"},{"taxonomy":"product_brand","embeddable":true,"href":"https:\/\/mobecor.ee\/en\/wp-json\/wp\/v2\/product_brand?post=20028"},{"taxonomy":"product_cat","embeddable":true,"href":"https:\/\/mobecor.ee\/en\/wp-json\/wp\/v2\/product_cat?post=20028"},{"taxonomy":"product_tag","embeddable":true,"href":"https:\/\/mobecor.ee\/en\/wp-json\/wp\/v2\/product_tag?post=20028"}],"curies":[{"name":"wp","href":"https:\/\/api.w.org\/{rel}","templated":true}]}}