{"id":20029,"date":"2025-05-05T10:39:09","date_gmt":"2025-05-05T10:39:09","guid":{"rendered":"https:\/\/mobecor.ee\/?post_type=product&#038;p=20029"},"modified":"2026-04-17T06:56:44","modified_gmt":"2026-04-17T03:56:44","slug":"madrats-termopur","status":"publish","type":"product","link":"https:\/\/mobecor.ee\/en\/toode\/madrats-termopur\/","title":{"rendered":"Poroloonmadrats Termopur"},"content":{"rendered":"<div class=\"itemIntroText\">\n<div class=\"itemIntroText\">\n<div class=\"itemIntroText\">\n<p>\u00dchel pool termoelastne poroloon (4 cm), mis muudab keha survel ja soojusel oma k\u00f5vadust. L\u00f5dvestab lihaseid, tema eeliseks on minimaalne surve kehale ja parem vereringe, kuna keha on magamise ajal \u00f5iges anatoomilises asendis.<br \/>\nTeisel pool k\u00f5rge elastsusega ja hea hingavusega HR poroloon (4 cm). HR porolooni iseloomustab k\u00f5rge punktipainduvus ja elastsus ning optimaalne ventilatsioon, tagades sobiva magamiskliima, samuti suurem struktuuritihedus ja v\u00e4ga hea vastupidavus deformatsioonile.<br \/>\nTermoelastse porolooni ja HR porolooni vahel k\u00f5rgekvaliteetne Nightfly poroloon (8 cm). Nightfly on k\u00f5rgete tehniliste parameetritega vee baasil Itaalias toodetud poroloon, tagab v\u00e4ga hea hingavuse ja vastupidavuse niiskusele ning temperatuurile.<br \/>\nV\u00f5rreldes tavaporoloonidega annab see madratsites palju suurema punktipainduvuse, t\u00e4nu millele on inimese selgroog optimaalselt toetatud.<br \/>\nKattekangas Aloe Vera, tepitud hingava fiiberkiuga, tagab v\u00e4ga hea \u00f5huvahetuse.<br \/>\nT\u00f5mblukuga kate on kergesti eemaldatav ja v\u00f5ib pesta kuni 60\u00b0C temperatuuril.<br \/>\nMaterasso madratsite kasutatav \u0160veitsi veep\u00f5hine liim Simalfa on \u00f6koloogiline, l\u00f5hnatu ja tolmuvaba (omab \u00d6ko-Tex 100 sertifikaati).<br \/>\nTehasegarantii 5 aastat.<br \/>\nK\u00f5vadusaste 3\/5 (keskmine k\u00f5vadus).<br \/>\nMadrats on kandev\u00f5imega kuni 130 kg.<br \/>\nPakitud rulli vaakumpakendisse.<br \/>\nSoovituslik voodip\u00f5hi \u2013 lipid kuni 5 cm vahega.<br \/>\nV\u00f5imalik tellida ka erim\u00f5\u00f5dus madratsit. Erim\u00f5\u00f5dus toodetele ei kehti tellimuse t\u00fchistamis- ja tagastamis\u00f5igus.<\/p>\n<\/div>\n<\/div>\n<\/div>\n","protected":false},"excerpt":{"rendered":"<p>Matterasso poroloonmadrats Termopur on v\u00e4ga heade ortopeediliste omadustega k\u00f5rgekvaliteetne madrats.<br \/>\nMadratsi k\u00f5rgus: 19 cm.<br \/>\nTarneaeg: kuni 2 n\u00e4dalat.<\/p>\n","protected":false},"featured_media":12500,"template":"","meta":{"_acf_changed":false,"inline_featured_image":false},"series":[],"product_brand":[2857],"product_cat":[137],"product_tag":[],"class_list":{"0":"post-20029","1":"product","2":"type-product","3":"status-publish","4":"has-post-thumbnail","6":"product_brand-materasso","7":"product_cat-materasso","9":"first","10":"instock","11":"taxable","12":"shipping-taxable","13":"purchasable","14":"product-type-variable"},"acf":[],"_links":{"self":[{"href":"https:\/\/mobecor.ee\/en\/wp-json\/wp\/v2\/product\/20029","targetHints":{"allow":["GET"]}}],"collection":[{"href":"https:\/\/mobecor.ee\/en\/wp-json\/wp\/v2\/product"}],"about":[{"href":"https:\/\/mobecor.ee\/en\/wp-json\/wp\/v2\/types\/product"}],"wp:featuredmedia":[{"embeddable":true,"href":"https:\/\/mobecor.ee\/en\/wp-json\/wp\/v2\/media\/12500"}],"wp:attachment":[{"href":"https:\/\/mobecor.ee\/en\/wp-json\/wp\/v2\/media?parent=20029"}],"wp:term":[{"taxonomy":"series","embeddable":true,"href":"https:\/\/mobecor.ee\/en\/wp-json\/wp\/v2\/series?post=20029"},{"taxonomy":"product_brand","embeddable":true,"href":"https:\/\/mobecor.ee\/en\/wp-json\/wp\/v2\/product_brand?post=20029"},{"taxonomy":"product_cat","embeddable":true,"href":"https:\/\/mobecor.ee\/en\/wp-json\/wp\/v2\/product_cat?post=20029"},{"taxonomy":"product_tag","embeddable":true,"href":"https:\/\/mobecor.ee\/en\/wp-json\/wp\/v2\/product_tag?post=20029"}],"curies":[{"name":"wp","href":"https:\/\/api.w.org\/{rel}","templated":true}]}}