{"id":20033,"date":"2025-05-05T10:39:24","date_gmt":"2025-05-05T10:39:24","guid":{"rendered":"https:\/\/mobecor.ee\/?post_type=product&#038;p=20033"},"modified":"2025-12-18T13:42:50","modified_gmt":"2025-12-18T11:42:50","slug":"sanna-u-f187-st9","status":"publish","type":"product","link":"https:\/\/mobecor.ee\/en\/toode\/sanna-u-f187-st9\/","title":{"rendered":"Pikendatav ja k\u00f5rgendatav laud Sanna U (120-200\/80\/27-80) F187 ST9"},"content":{"rendered":"<p>Laud Sanna on pikendatav ja k\u00f5rgendatav. V\u00f5imalus kasutada nii diivanilauana kui ka s\u00f6\u00f6gilauana.<br \/>\nPikendamise ja t\u00f5stmise v\u00f5imalus on ideaalne lahendus v\u00e4ikesesse korterisse, kus pole ruumi traditsioonilise laua jaoks.<br \/>\nLauda on lihtne muuta &#8211; andes sellele teise v\u00e4limuse ja funktsiooni.<br \/>\nT\u00e4nu ratastele on laud SANNA kergesti teisaldatav \u00fchest kohast teise.<br \/>\nLaua karkass valmistatud terasest, pulberv\u00e4rvitud.<br \/>\nKarkassi v\u00e4rv: must.<br \/>\nLauaplaat on valmistatud lamineeritud plaadist.<br \/>\nLauaplaadi v\u00e4rv: <strong id=\"docs-internal-guid-89ffc700-7fff-2b97-21a6-c4d0cd0f4928\">F187 ST9 Dark Grey Chicago Concrete<\/strong><strong id=\"docs-internal-guid-17ecc2b6-7fff-4119-7c83-6cf496efc052\">.<br \/>\n<\/strong>PVC spooni paksus servades:\u00a0 2 mm.<br \/>\nPikenduse v\u00f5imalus kuni 200 cm (kaks 40 cm vahet\u00fckki).<br \/>\nToodetud: Poolas.<br \/>\nLaius: 120 cm (+ 2 x 40 cm).<br \/>\nS\u00fcgavus: 80 cm.<br \/>\nK\u00f5rgus: 27- 80 cm.<br \/>\nTarneaeg: laos kohe olemas.<\/p>\n","protected":false},"excerpt":{"rendered":"<p>Laud Sanna on pikendatav ja k\u00f5rgendatav. V\u00f5imalus kasutada nii diivanilauana kui ka s\u00f6\u00f6gilauana. Pikendamise ja t\u00f5stmise v\u00f5imalus on ideaalne lahendus&#8230;<\/p>\n","protected":false},"featured_media":12508,"template":"","meta":{"_acf_changed":false,"inline_featured_image":false},"series":[],"product_brand":[3966],"product_cat":[37,219,2929],"product_tag":[],"class_list":{"0":"post-20033","1":"product","2":"type-product","3":"status-publish","4":"has-post-thumbnail","6":"product_brand-egen","7":"product_cat-diivanilauad","8":"product_cat-soogilauad","9":"product_cat-diivanilauad-laos","11":"first","12":"instock","13":"sale","14":"taxable","15":"shipping-taxable","16":"purchasable","17":"product-type-simple"},"acf":[],"_links":{"self":[{"href":"https:\/\/mobecor.ee\/en\/wp-json\/wp\/v2\/product\/20033","targetHints":{"allow":["GET"]}}],"collection":[{"href":"https:\/\/mobecor.ee\/en\/wp-json\/wp\/v2\/product"}],"about":[{"href":"https:\/\/mobecor.ee\/en\/wp-json\/wp\/v2\/types\/product"}],"wp:featuredmedia":[{"embeddable":true,"href":"https:\/\/mobecor.ee\/en\/wp-json\/wp\/v2\/media\/12508"}],"wp:attachment":[{"href":"https:\/\/mobecor.ee\/en\/wp-json\/wp\/v2\/media?parent=20033"}],"wp:term":[{"taxonomy":"series","embeddable":true,"href":"https:\/\/mobecor.ee\/en\/wp-json\/wp\/v2\/series?post=20033"},{"taxonomy":"product_brand","embeddable":true,"href":"https:\/\/mobecor.ee\/en\/wp-json\/wp\/v2\/product_brand?post=20033"},{"taxonomy":"product_cat","embeddable":true,"href":"https:\/\/mobecor.ee\/en\/wp-json\/wp\/v2\/product_cat?post=20033"},{"taxonomy":"product_tag","embeddable":true,"href":"https:\/\/mobecor.ee\/en\/wp-json\/wp\/v2\/product_tag?post=20033"}],"curies":[{"name":"wp","href":"https:\/\/api.w.org\/{rel}","templated":true}]}}