{"id":20075,"date":"2025-05-05T10:42:17","date_gmt":"2025-05-05T10:42:17","guid":{"rendered":"https:\/\/mobecor.ee\/?post_type=product&#038;p=20075"},"modified":"2026-03-30T15:44:42","modified_gmt":"2026-03-30T12:44:42","slug":"tootool-focus-ml022h","status":"publish","type":"product","link":"https:\/\/mobecor.ee\/en\/toode\/tootool-focus-ml022h\/","title":{"rendered":"T\u00f6\u00f6tool Focus ML022H"},"content":{"rendered":"<p>Seljatoe k\u00f5rguse reguleerimine.<br \/>\nNimmetoe k\u00f5rguse reguleerimine.<br \/>\nIstme k\u00f5rguse reguleerimine.<br \/>\nIstme s\u00fcgavuse reguleerimine.<br \/>\n3D k\u00e4etoe reguleerimine.<br \/>\nSYNCHRON mehhanism.<br \/>\nSeljatugi on kaetud v\u00f5rkkangaga.<br \/>\nIste on polsterdatud v\u00f5rkkangaga.<br \/>\nKonstruktsioon musta v\u00e4rvi.<br \/>\nAlus poleeritud alumiiniumist.<br \/>\n2 aastat garantiid.<br \/>\nMaksimaalne koormus 130 kg.<br \/>\nL\u00fchivideo tooli\u00a0Focus kohta leiab <a href=\"https:\/\/www.youtube.com\/watch?v=JB_UO6aIyME&amp;t=1s\" target=\"_blank\" rel=\"noopener noreferrer\">SIIT<\/a>.<br \/>\nLaius:\u00a052\/70 cm.<br \/>\nS\u00fcgavus:\u00a051\/70 cm.<br \/>\nK\u00f5rgus:\u00a0115-120 cm.<br \/>\nV\u00e4rv: must.<br \/>\n<strong>Tarneaeg: kohe olemas Tartu poes.<\/strong><\/p>\n","protected":false},"excerpt":{"rendered":"<p>Seljatoe k\u00f5rguse reguleerimine. Nimmetoe k\u00f5rguse reguleerimine. Istme k\u00f5rguse reguleerimine. Istme s\u00fcgavuse reguleerimine. 3D k\u00e4etoe reguleerimine. SYNCHRON mehhanism. Seljatugi on kaetud&#8230;<\/p>\n","protected":false},"featured_media":12408,"template":"","meta":{"_acf_changed":false,"inline_featured_image":false},"series":[],"product_brand":[3965],"product_cat":[95,4020],"product_tag":[],"class_list":{"0":"post-20075","1":"product","2":"type-product","3":"status-publish","4":"has-post-thumbnail","6":"product_brand-unique","7":"product_cat-tootoolid","8":"product_cat-kohe-olemas-tartu-poes","10":"first","11":"instock","12":"sale","13":"taxable","14":"shipping-taxable","15":"purchasable","16":"product-type-simple"},"acf":[],"_links":{"self":[{"href":"https:\/\/mobecor.ee\/en\/wp-json\/wp\/v2\/product\/20075","targetHints":{"allow":["GET"]}}],"collection":[{"href":"https:\/\/mobecor.ee\/en\/wp-json\/wp\/v2\/product"}],"about":[{"href":"https:\/\/mobecor.ee\/en\/wp-json\/wp\/v2\/types\/product"}],"wp:featuredmedia":[{"embeddable":true,"href":"https:\/\/mobecor.ee\/en\/wp-json\/wp\/v2\/media\/12408"}],"wp:attachment":[{"href":"https:\/\/mobecor.ee\/en\/wp-json\/wp\/v2\/media?parent=20075"}],"wp:term":[{"taxonomy":"series","embeddable":true,"href":"https:\/\/mobecor.ee\/en\/wp-json\/wp\/v2\/series?post=20075"},{"taxonomy":"product_brand","embeddable":true,"href":"https:\/\/mobecor.ee\/en\/wp-json\/wp\/v2\/product_brand?post=20075"},{"taxonomy":"product_cat","embeddable":true,"href":"https:\/\/mobecor.ee\/en\/wp-json\/wp\/v2\/product_cat?post=20075"},{"taxonomy":"product_tag","embeddable":true,"href":"https:\/\/mobecor.ee\/en\/wp-json\/wp\/v2\/product_tag?post=20075"}],"curies":[{"name":"wp","href":"https:\/\/api.w.org\/{rel}","templated":true}]}}