{"id":20090,"date":"2025-05-05T10:42:44","date_gmt":"2025-05-05T10:42:44","guid":{"rendered":"https:\/\/mobecor.ee\/?post_type=product&#038;p=20090"},"modified":"2026-02-26T15:54:31","modified_gmt":"2026-02-26T13:54:31","slug":"soogilaud-ikon-7-o100","status":"publish","type":"product","link":"https:\/\/mobecor.ee\/en\/toode\/soogilaud-ikon-7-o100\/","title":{"rendered":"S\u00f6\u00f6gilaud Ikon 7 (\u00d8100)"},"content":{"rendered":"<p>Lauaplaat on valmistatud kvaliteetsest lamineeritud m\u00f6\u00f6bliplaadist.<br \/>\nLauajalad: metallist.<br \/>\nLauaplaadi v\u00e4rvivalik: valge; grandson; artisan.<br \/>\nJalgade v\u00e4rv: must.<br \/>\nToodetud: Poolas.<br \/>\nToode tarnitakse detailidena.<\/p>\n","protected":false},"excerpt":{"rendered":"<p>Laius:\u00a0100 cm.<br \/>\nS\u00fcgavus: 100 cm.<br \/>\nK\u00f5rgus:\u00a078 cm.<br \/>\nLauaplaadi paksus: 32 mm.<br \/>\nTarneaeg: 4-8 n\u00e4dalat.<br \/>\nNB! Toolid ei kuulu komplekti.<\/p>\n","protected":false},"featured_media":12254,"template":"","meta":{"_acf_changed":false,"inline_featured_image":false},"series":[],"product_brand":[2956],"product_cat":[219],"product_tag":[],"class_list":{"0":"post-20090","1":"product","2":"type-product","3":"status-publish","4":"has-post-thumbnail","6":"product_brand-drewmix","7":"product_cat-soogilauad","9":"first","10":"instock","11":"taxable","12":"shipping-taxable","13":"purchasable","14":"product-type-simple"},"acf":[],"_links":{"self":[{"href":"https:\/\/mobecor.ee\/en\/wp-json\/wp\/v2\/product\/20090","targetHints":{"allow":["GET"]}}],"collection":[{"href":"https:\/\/mobecor.ee\/en\/wp-json\/wp\/v2\/product"}],"about":[{"href":"https:\/\/mobecor.ee\/en\/wp-json\/wp\/v2\/types\/product"}],"wp:featuredmedia":[{"embeddable":true,"href":"https:\/\/mobecor.ee\/en\/wp-json\/wp\/v2\/media\/12254"}],"wp:attachment":[{"href":"https:\/\/mobecor.ee\/en\/wp-json\/wp\/v2\/media?parent=20090"}],"wp:term":[{"taxonomy":"series","embeddable":true,"href":"https:\/\/mobecor.ee\/en\/wp-json\/wp\/v2\/series?post=20090"},{"taxonomy":"product_brand","embeddable":true,"href":"https:\/\/mobecor.ee\/en\/wp-json\/wp\/v2\/product_brand?post=20090"},{"taxonomy":"product_cat","embeddable":true,"href":"https:\/\/mobecor.ee\/en\/wp-json\/wp\/v2\/product_cat?post=20090"},{"taxonomy":"product_tag","embeddable":true,"href":"https:\/\/mobecor.ee\/en\/wp-json\/wp\/v2\/product_tag?post=20090"}],"curies":[{"name":"wp","href":"https:\/\/api.w.org\/{rel}","templated":true}]}}