{"id":20143,"date":"2025-05-05T10:46:15","date_gmt":"2025-05-05T10:46:15","guid":{"rendered":"https:\/\/mobecor.ee\/?post_type=product&#038;p=20143"},"modified":"2026-02-26T16:24:27","modified_gmt":"2026-02-26T14:24:27","slug":"tool-bos-5","status":"publish","type":"product","link":"https:\/\/mobecor.ee\/en\/toode\/tool-bos-5\/","title":{"rendered":"Tool Bos 2"},"content":{"rendered":"<p>Tool on valmistatud\u00a0t\u00e4ispuidust (p\u00f6\u00f6k).<br \/>\nKangaga kaetud iste on pehme polsterdusega.<br \/>\nLai v\u00e4rvi- ja kangavalik.<br \/>\nPuidu v\u00e4rvid: p\u00e4hkel; p\u00e4hkel hele; valge; sonoma.<span style=\"font-size: 10pt; line-height: 1.3em;\"><br \/>\n<\/span><\/p>\n","protected":false},"excerpt":{"rendered":"<p>Laius: 43 cm.<br \/>\nS\u00fcgavus: 40 cm.<br \/>\nK\u00f5rgus: 97 cm.<br \/>\nIstumisk\u00f5rgus: 47 cm.<br \/>\nTarneaeg: 4-8 n\u00e4dalat.<\/p>\n","protected":false},"featured_media":12198,"template":"","meta":{"_acf_changed":false,"inline_featured_image":false},"series":[],"product_brand":[2956],"product_cat":[51],"product_tag":[],"class_list":{"0":"post-20143","1":"product","2":"type-product","3":"status-publish","4":"has-post-thumbnail","6":"product_brand-drewmix","7":"product_cat-toolid","9":"first","10":"instock","11":"taxable","12":"shipping-taxable","13":"purchasable","14":"product-type-simple"},"acf":[],"_links":{"self":[{"href":"https:\/\/mobecor.ee\/en\/wp-json\/wp\/v2\/product\/20143","targetHints":{"allow":["GET"]}}],"collection":[{"href":"https:\/\/mobecor.ee\/en\/wp-json\/wp\/v2\/product"}],"about":[{"href":"https:\/\/mobecor.ee\/en\/wp-json\/wp\/v2\/types\/product"}],"wp:featuredmedia":[{"embeddable":true,"href":"https:\/\/mobecor.ee\/en\/wp-json\/wp\/v2\/media\/12198"}],"wp:attachment":[{"href":"https:\/\/mobecor.ee\/en\/wp-json\/wp\/v2\/media?parent=20143"}],"wp:term":[{"taxonomy":"series","embeddable":true,"href":"https:\/\/mobecor.ee\/en\/wp-json\/wp\/v2\/series?post=20143"},{"taxonomy":"product_brand","embeddable":true,"href":"https:\/\/mobecor.ee\/en\/wp-json\/wp\/v2\/product_brand?post=20143"},{"taxonomy":"product_cat","embeddable":true,"href":"https:\/\/mobecor.ee\/en\/wp-json\/wp\/v2\/product_cat?post=20143"},{"taxonomy":"product_tag","embeddable":true,"href":"https:\/\/mobecor.ee\/en\/wp-json\/wp\/v2\/product_tag?post=20143"}],"curies":[{"name":"wp","href":"https:\/\/api.w.org\/{rel}","templated":true}]}}