{"id":20161,"date":"2025-05-05T10:47:05","date_gmt":"2025-05-05T10:47:05","guid":{"rendered":"https:\/\/mobecor.ee\/?post_type=product&#038;p=20161"},"modified":"2026-02-10T13:11:14","modified_gmt":"2026-02-10T11:11:14","slug":"tool-luna-2","status":"publish","type":"product","link":"https:\/\/mobecor.ee\/en\/toode\/tool-luna-2\/","title":{"rendered":"Tool Luna 2"},"content":{"rendered":"<p>Tool on valmistatud\u00a0t\u00e4ispuidust (p\u00f6\u00f6k).<br \/>\nKangaga kaetud iste ja seljatugi on pehme polsterdusega.<br \/>\nLai v\u00e4rvi- ja kangavalik.<br \/>\nPuidu v\u00e4rvid: p\u00e4hkel; p\u00e4hkel hele; valge; sonoma; grafiit; grandson; must.<span style=\"font-size: 10pt; line-height: 1.3em;\"><br \/>\n<\/span><\/p>\n","protected":false},"excerpt":{"rendered":"<p>Laius: 43 cm.<br \/>\nS\u00fcgavus: 41 cm.<br \/>\nK\u00f5rgus:\u00a090 cm.<br \/>\nIstumisk\u00f5rgus: 47 cm.<br \/>\nTarneaeg: 4-8 n\u00e4dalat<\/p>\n","protected":false},"featured_media":76916,"template":"","meta":{"_acf_changed":false,"inline_featured_image":false},"series":[],"product_brand":[2956],"product_cat":[51],"product_tag":[],"class_list":{"0":"post-20161","1":"product","2":"type-product","3":"status-publish","4":"has-post-thumbnail","6":"product_brand-drewmix","7":"product_cat-toolid","9":"first","10":"instock","11":"taxable","12":"shipping-taxable","13":"purchasable","14":"product-type-simple"},"acf":[],"_links":{"self":[{"href":"https:\/\/mobecor.ee\/en\/wp-json\/wp\/v2\/product\/20161","targetHints":{"allow":["GET"]}}],"collection":[{"href":"https:\/\/mobecor.ee\/en\/wp-json\/wp\/v2\/product"}],"about":[{"href":"https:\/\/mobecor.ee\/en\/wp-json\/wp\/v2\/types\/product"}],"wp:featuredmedia":[{"embeddable":true,"href":"https:\/\/mobecor.ee\/en\/wp-json\/wp\/v2\/media\/76916"}],"wp:attachment":[{"href":"https:\/\/mobecor.ee\/en\/wp-json\/wp\/v2\/media?parent=20161"}],"wp:term":[{"taxonomy":"series","embeddable":true,"href":"https:\/\/mobecor.ee\/en\/wp-json\/wp\/v2\/series?post=20161"},{"taxonomy":"product_brand","embeddable":true,"href":"https:\/\/mobecor.ee\/en\/wp-json\/wp\/v2\/product_brand?post=20161"},{"taxonomy":"product_cat","embeddable":true,"href":"https:\/\/mobecor.ee\/en\/wp-json\/wp\/v2\/product_cat?post=20161"},{"taxonomy":"product_tag","embeddable":true,"href":"https:\/\/mobecor.ee\/en\/wp-json\/wp\/v2\/product_tag?post=20161"}],"curies":[{"name":"wp","href":"https:\/\/api.w.org\/{rel}","templated":true}]}}