{"id":20234,"date":"2025-05-05T10:48:55","date_gmt":"2025-05-05T10:48:55","guid":{"rendered":"https:\/\/mobecor.ee\/?post_type=product&#038;p=20234"},"modified":"2026-03-05T14:38:03","modified_gmt":"2026-03-05T12:38:03","slug":"diivanilaua-komplekt-amaro","status":"publish","type":"product","link":"https:\/\/mobecor.ee\/en\/toode\/diivanilaua-komplekt-amaro\/","title":{"rendered":"Diivanilaua komplekt Amaro (\u00f8 53 ja \u00f8 43) must marmor"},"content":{"rendered":"<p>Komplekti kuulub 2 diivanilauda.<br \/>\nLauaplaadi materjal: spoonitud MDF.<br \/>\nLauaplaadi v\u00e4rv: must marmor.<br \/>\nJalad: musta v\u00e4rvi metallist.<br \/>\nToodetud: Poolas.<br \/>\nToode tarnitakse detailidena.<\/p>\n<p>&nbsp;<\/p>\n","protected":false},"excerpt":{"rendered":"<p>Suurema lauaplaadi l\u00e4bim\u00f5\u00f5t:\u00a053 cm.<br \/>\nK\u00f5rgus: 45 cm.<br \/>\nV\u00e4iksema\u00a0lauaplaadi\u00a0l\u00e4bim\u00f5\u00f5t:\u00a043 cm.<br \/>\nK\u00f5rgus:\u00a035 cm.<br \/>\n<strong>Tarneaeg: laos kohe olemas.<\/strong><\/p>\n","protected":false},"featured_media":12154,"template":"","meta":{"_acf_changed":false,"inline_featured_image":false},"series":[],"product_brand":[3520],"product_cat":[37,2929],"product_tag":[],"class_list":{"0":"post-20234","1":"product","2":"type-product","3":"status-publish","4":"has-post-thumbnail","6":"product_brand-signal","7":"product_cat-diivanilauad","8":"product_cat-diivanilauad-laos","10":"first","11":"instock","12":"taxable","13":"shipping-taxable","14":"purchasable","15":"product-type-simple"},"acf":[],"_links":{"self":[{"href":"https:\/\/mobecor.ee\/en\/wp-json\/wp\/v2\/product\/20234","targetHints":{"allow":["GET"]}}],"collection":[{"href":"https:\/\/mobecor.ee\/en\/wp-json\/wp\/v2\/product"}],"about":[{"href":"https:\/\/mobecor.ee\/en\/wp-json\/wp\/v2\/types\/product"}],"wp:featuredmedia":[{"embeddable":true,"href":"https:\/\/mobecor.ee\/en\/wp-json\/wp\/v2\/media\/12154"}],"wp:attachment":[{"href":"https:\/\/mobecor.ee\/en\/wp-json\/wp\/v2\/media?parent=20234"}],"wp:term":[{"taxonomy":"series","embeddable":true,"href":"https:\/\/mobecor.ee\/en\/wp-json\/wp\/v2\/series?post=20234"},{"taxonomy":"product_brand","embeddable":true,"href":"https:\/\/mobecor.ee\/en\/wp-json\/wp\/v2\/product_brand?post=20234"},{"taxonomy":"product_cat","embeddable":true,"href":"https:\/\/mobecor.ee\/en\/wp-json\/wp\/v2\/product_cat?post=20234"},{"taxonomy":"product_tag","embeddable":true,"href":"https:\/\/mobecor.ee\/en\/wp-json\/wp\/v2\/product_tag?post=20234"}],"curies":[{"name":"wp","href":"https:\/\/api.w.org\/{rel}","templated":true}]}}