{"id":20236,"date":"2025-05-05T10:49:03","date_gmt":"2025-05-05T10:49:03","guid":{"rendered":"https:\/\/mobecor.ee\/?post_type=product&#038;p=20236"},"modified":"2026-03-05T14:25:02","modified_gmt":"2026-03-05T12:25:02","slug":"diivanilaua-komplekt-ferrante-d-o-80-ja-o-60","status":"publish","type":"product","link":"https:\/\/mobecor.ee\/en\/toode\/diivanilaua-komplekt-ferrante-d-o-80-ja-o-60\/","title":{"rendered":"Diivanilaua komplekt Ferrante D (\u00f8 80 ja \u00f8 60)"},"content":{"rendered":"<p>Komplekti kuulub 2 diivanilauda.<br \/>\nLauaplaadi materjal: keraamika.<br \/>\nLauaplaadi v\u00e4rv: must marmorefektiga.<br \/>\nJalad: musta v\u00e4rvi metallist.<br \/>\nToodetud: Poolas.<br \/>\nToode tarnitakse detailidena.<\/p>\n<p>&nbsp;<\/p>\n","protected":false},"excerpt":{"rendered":"<p>Suurema lauaplaadi l\u00e4bim\u00f5\u00f5t:\u00a080 cm.<br \/>\nK\u00f5rgus: 42 cm.<br \/>\nV\u00e4iksema\u00a0lauaplaadi\u00a0l\u00e4bim\u00f5\u00f5t: 60 cm.<br \/>\nK\u00f5rgus:\u00a038 cm.<br \/>\nTarneaeg: 4-8 n\u00e4dalat.<\/p>\n","protected":false},"featured_media":12158,"template":"","meta":{"_acf_changed":false,"inline_featured_image":false},"series":[],"product_brand":[3520],"product_cat":[37],"product_tag":[],"class_list":{"0":"post-20236","1":"product","2":"type-product","3":"status-publish","4":"has-post-thumbnail","6":"product_brand-signal","7":"product_cat-diivanilauad","9":"first","10":"instock","11":"taxable","12":"shipping-taxable","13":"purchasable","14":"product-type-simple"},"acf":[],"_links":{"self":[{"href":"https:\/\/mobecor.ee\/en\/wp-json\/wp\/v2\/product\/20236","targetHints":{"allow":["GET"]}}],"collection":[{"href":"https:\/\/mobecor.ee\/en\/wp-json\/wp\/v2\/product"}],"about":[{"href":"https:\/\/mobecor.ee\/en\/wp-json\/wp\/v2\/types\/product"}],"wp:featuredmedia":[{"embeddable":true,"href":"https:\/\/mobecor.ee\/en\/wp-json\/wp\/v2\/media\/12158"}],"wp:attachment":[{"href":"https:\/\/mobecor.ee\/en\/wp-json\/wp\/v2\/media?parent=20236"}],"wp:term":[{"taxonomy":"series","embeddable":true,"href":"https:\/\/mobecor.ee\/en\/wp-json\/wp\/v2\/series?post=20236"},{"taxonomy":"product_brand","embeddable":true,"href":"https:\/\/mobecor.ee\/en\/wp-json\/wp\/v2\/product_brand?post=20236"},{"taxonomy":"product_cat","embeddable":true,"href":"https:\/\/mobecor.ee\/en\/wp-json\/wp\/v2\/product_cat?post=20236"},{"taxonomy":"product_tag","embeddable":true,"href":"https:\/\/mobecor.ee\/en\/wp-json\/wp\/v2\/product_tag?post=20236"}],"curies":[{"name":"wp","href":"https:\/\/api.w.org\/{rel}","templated":true}]}}