{"id":20328,"date":"2025-05-05T10:53:55","date_gmt":"2025-05-05T10:53:55","guid":{"rendered":"https:\/\/mobecor.ee\/?post_type=product&#038;p=20328"},"modified":"2025-12-18T16:06:56","modified_gmt":"2025-12-18T14:06:56","slug":"seinakapp-kam-duo-xl-wo2w90-mand-sampanja-vanilje","status":"publish","type":"product","link":"https:\/\/mobecor.ee\/en\/toode\/seinakapp-kam-duo-xl-wo2w90-mand-sampanja-vanilje\/","title":{"rendered":"Seinakapp Kam Duo XL WO2W9 (m\u00e4nd \u0161ampanja\/vanilje)"},"content":{"rendered":"<p>Seinakapil on 2 ust, alumine uks on osaliselt klaasiga.<br \/>\nEsipind: lamineeritud m\u00f6\u00f6bliplaat 18 mm.<br \/>\nKorpus: 16 mm m\u00f6\u00f6bliplaat.<br \/>\n<span lang=\"et-EE\">Esipinna v\u00e4rv: m\u00e4nd \u0161ampanja\/vanilje.<br \/>\n<\/span><span lang=\"et-EE\">Korpuse v\u00e4rv: kreem.<br \/>\n<\/span><span lang=\"et-EE\">K\u00e4epidemed: metallist.<br \/>\n<\/span>Toodetud: Poolas.<br \/>\nToode tarnitakse detailidena.<\/p>\n","protected":false},"excerpt":{"rendered":"<p>Laius:\u00a090 cm.<br \/>\nS\u00fcgavus: 32 cm.<br \/>\nK\u00f5rgus: 72 cm.<br \/>\nTarneaeg: laos kohe olemas viimane.<\/p>\n","protected":false},"featured_media":11944,"template":"","meta":{"_acf_changed":false,"inline_featured_image":false},"series":[],"product_brand":[2952],"product_cat":[2931],"product_tag":[],"class_list":{"0":"post-20328","1":"product","2":"type-product","3":"status-publish","4":"has-post-thumbnail","6":"product_brand-meblekam","7":"product_cat-koogimoobel-laos","9":"first","10":"instock","11":"sale","12":"taxable","13":"shipping-taxable","14":"purchasable","15":"product-type-simple"},"acf":[],"_links":{"self":[{"href":"https:\/\/mobecor.ee\/en\/wp-json\/wp\/v2\/product\/20328","targetHints":{"allow":["GET"]}}],"collection":[{"href":"https:\/\/mobecor.ee\/en\/wp-json\/wp\/v2\/product"}],"about":[{"href":"https:\/\/mobecor.ee\/en\/wp-json\/wp\/v2\/types\/product"}],"wp:featuredmedia":[{"embeddable":true,"href":"https:\/\/mobecor.ee\/en\/wp-json\/wp\/v2\/media\/11944"}],"wp:attachment":[{"href":"https:\/\/mobecor.ee\/en\/wp-json\/wp\/v2\/media?parent=20328"}],"wp:term":[{"taxonomy":"series","embeddable":true,"href":"https:\/\/mobecor.ee\/en\/wp-json\/wp\/v2\/series?post=20328"},{"taxonomy":"product_brand","embeddable":true,"href":"https:\/\/mobecor.ee\/en\/wp-json\/wp\/v2\/product_brand?post=20328"},{"taxonomy":"product_cat","embeddable":true,"href":"https:\/\/mobecor.ee\/en\/wp-json\/wp\/v2\/product_cat?post=20328"},{"taxonomy":"product_tag","embeddable":true,"href":"https:\/\/mobecor.ee\/en\/wp-json\/wp\/v2\/product_tag?post=20328"}],"curies":[{"name":"wp","href":"https:\/\/api.w.org\/{rel}","templated":true}]}}