{"id":20331,"date":"2025-05-05T10:54:06","date_gmt":"2025-05-05T10:54:06","guid":{"rendered":"https:\/\/mobecor.ee\/?post_type=product&#038;p=20331"},"modified":"2026-01-09T09:07:07","modified_gmt":"2026-01-09T07:07:07","slug":"soogilaud-denver-80-725","status":"publish","type":"product","link":"https:\/\/mobecor.ee\/en\/toode\/soogilaud-denver-80-725\/","title":{"rendered":"S\u00f6\u00f6gilaud Denver (\u00d880)"},"content":{"rendered":"<p>Lauaplaat: spoonitud MDF.<br \/>\nV\u00e4rv: valge marmor.<br \/>\nLauajalg: metallist.<br \/>\nV\u00e4rv: valge.<br \/>\nToodetud: Poolas.<br \/>\nToode tarnitakse detailidena.<span style=\"font-size: 10pt;\"><br \/>\n<\/span><\/p>\n","protected":false},"excerpt":{"rendered":"<p>Laius:\u00a080 cm.<br \/>\nS\u00fcgavus:\u00a080 cm.<br \/>\nK\u00f5rgus:\u00a072,5 cm.<br \/>\nTarneaeg: 4-8 n\u00e4dalat.<br \/>\nNB! Toolid ei kuulu komplekti.<\/p>\n","protected":false},"featured_media":11950,"template":"","meta":{"_acf_changed":false,"inline_featured_image":false},"series":[],"product_brand":[2942],"product_cat":[219],"product_tag":[],"class_list":{"0":"post-20331","1":"product","2":"type-product","3":"status-publish","4":"has-post-thumbnail","6":"product_brand-halmar","7":"product_cat-soogilauad","9":"first","10":"instock","11":"taxable","12":"shipping-taxable","13":"purchasable","14":"product-type-simple"},"acf":[],"_links":{"self":[{"href":"https:\/\/mobecor.ee\/en\/wp-json\/wp\/v2\/product\/20331","targetHints":{"allow":["GET"]}}],"collection":[{"href":"https:\/\/mobecor.ee\/en\/wp-json\/wp\/v2\/product"}],"about":[{"href":"https:\/\/mobecor.ee\/en\/wp-json\/wp\/v2\/types\/product"}],"wp:featuredmedia":[{"embeddable":true,"href":"https:\/\/mobecor.ee\/en\/wp-json\/wp\/v2\/media\/11950"}],"wp:attachment":[{"href":"https:\/\/mobecor.ee\/en\/wp-json\/wp\/v2\/media?parent=20331"}],"wp:term":[{"taxonomy":"series","embeddable":true,"href":"https:\/\/mobecor.ee\/en\/wp-json\/wp\/v2\/series?post=20331"},{"taxonomy":"product_brand","embeddable":true,"href":"https:\/\/mobecor.ee\/en\/wp-json\/wp\/v2\/product_brand?post=20331"},{"taxonomy":"product_cat","embeddable":true,"href":"https:\/\/mobecor.ee\/en\/wp-json\/wp\/v2\/product_cat?post=20331"},{"taxonomy":"product_tag","embeddable":true,"href":"https:\/\/mobecor.ee\/en\/wp-json\/wp\/v2\/product_tag?post=20331"}],"curies":[{"name":"wp","href":"https:\/\/api.w.org\/{rel}","templated":true}]}}