{"id":20334,"date":"2025-05-05T10:54:17","date_gmt":"2025-05-05T10:54:17","guid":{"rendered":"https:\/\/mobecor.ee\/?post_type=product&#038;p=20334"},"modified":"2026-01-07T13:27:03","modified_gmt":"2026-01-07T11:27:03","slug":"soogilaud-domenico-o110","status":"publish","type":"product","link":"https:\/\/mobecor.ee\/en\/toode\/soogilaud-domenico-o110\/","title":{"rendered":"S\u00f6\u00f6gilaud Domenico (\u00d8110)"},"content":{"rendered":"<p>Lauaplaat: spoonitud MDF.<br \/>\nV\u00e4rv: p\u00e4hkel.<br \/>\nLauajalg: v\u00e4rvitud teras.<br \/>\nV\u00e4rv: p\u00e4hkel\/kuldne.<br \/>\nToodetud: Poolas.<br \/>\nToode tarnitakse detailidena.<\/p>\n","protected":false},"excerpt":{"rendered":"<p>Laius:\u00a0110 cm.<br \/>\nS\u00fcgavus:\u00a0110 cm.<br \/>\nK\u00f5rgus:\u00a076 cm.<br \/>\nTarneaeg: laos kohe olemas.<br \/>\nNB! Toolid ei kuulu komplekti.<\/p>\n","protected":false},"featured_media":11956,"template":"","meta":{"_acf_changed":false,"inline_featured_image":false},"series":[],"product_brand":[2942],"product_cat":[219,2924],"product_tag":[],"class_list":{"0":"post-20334","1":"product","2":"type-product","3":"status-publish","4":"has-post-thumbnail","6":"product_brand-halmar","7":"product_cat-soogilauad","8":"product_cat-soogilauad-ja-toolid-laos","10":"first","11":"instock","12":"taxable","13":"shipping-taxable","14":"purchasable","15":"product-type-simple"},"acf":[],"_links":{"self":[{"href":"https:\/\/mobecor.ee\/en\/wp-json\/wp\/v2\/product\/20334","targetHints":{"allow":["GET"]}}],"collection":[{"href":"https:\/\/mobecor.ee\/en\/wp-json\/wp\/v2\/product"}],"about":[{"href":"https:\/\/mobecor.ee\/en\/wp-json\/wp\/v2\/types\/product"}],"wp:featuredmedia":[{"embeddable":true,"href":"https:\/\/mobecor.ee\/en\/wp-json\/wp\/v2\/media\/11956"}],"wp:attachment":[{"href":"https:\/\/mobecor.ee\/en\/wp-json\/wp\/v2\/media?parent=20334"}],"wp:term":[{"taxonomy":"series","embeddable":true,"href":"https:\/\/mobecor.ee\/en\/wp-json\/wp\/v2\/series?post=20334"},{"taxonomy":"product_brand","embeddable":true,"href":"https:\/\/mobecor.ee\/en\/wp-json\/wp\/v2\/product_brand?post=20334"},{"taxonomy":"product_cat","embeddable":true,"href":"https:\/\/mobecor.ee\/en\/wp-json\/wp\/v2\/product_cat?post=20334"},{"taxonomy":"product_tag","embeddable":true,"href":"https:\/\/mobecor.ee\/en\/wp-json\/wp\/v2\/product_tag?post=20334"}],"curies":[{"name":"wp","href":"https:\/\/api.w.org\/{rel}","templated":true}]}}