{"id":20355,"date":"2025-05-05T10:55:46","date_gmt":"2025-05-05T10:55:46","guid":{"rendered":"https:\/\/mobecor.ee\/?post_type=product&#038;p=20355"},"modified":"2026-03-27T15:18:43","modified_gmt":"2026-03-27T13:18:43","slug":"pikendatav-soogilaud-wenus-90-160-301","status":"publish","type":"product","link":"https:\/\/mobecor.ee\/en\/toode\/pikendatav-soogilaud-wenus-90-160-301\/","title":{"rendered":"Pikendatav s\u00f6\u00f6gilaud Wenus, t. riviera\/valge (90*160\/300)"},"content":{"rendered":"<p>Lauaplaat:\u00a0lamineeritud m\u00f6\u00f6bliplaat puidup\u00f5hise dekooriga;<br \/>\nLaua jalakonstruktsioon:\u00a0lamineeritud m\u00f6\u00f6bliplaat.<br \/>\nV\u00e4rv: tamm riviera\/matt valge.<br \/>\nToodetud: Poolas.<br \/>\nToode tarnitakse detailidena.<br \/>\nNB! Toolid ei kuulu komplekti.<\/p>\n","protected":false},"excerpt":{"rendered":"<p>Laius:\u00a0160-300 cm.<br \/>\nS\u00fcgavus: 90 cm.<br \/>\nK\u00f5rgus: 76 cm.<br \/>\nTarneaeg: laos kohe olemas .<\/p>\n","protected":false},"featured_media":11992,"template":"","meta":{"_acf_changed":false,"inline_featured_image":false},"series":[],"product_brand":[2941],"product_cat":[219],"product_tag":[],"class_list":{"0":"post-20355","1":"product","2":"type-product","3":"status-publish","4":"has-post-thumbnail","6":"product_brand-szynaka","7":"product_cat-soogilauad","9":"first","10":"instock","11":"taxable","12":"shipping-taxable","13":"purchasable","14":"product-type-simple"},"acf":[],"_links":{"self":[{"href":"https:\/\/mobecor.ee\/en\/wp-json\/wp\/v2\/product\/20355","targetHints":{"allow":["GET"]}}],"collection":[{"href":"https:\/\/mobecor.ee\/en\/wp-json\/wp\/v2\/product"}],"about":[{"href":"https:\/\/mobecor.ee\/en\/wp-json\/wp\/v2\/types\/product"}],"wp:featuredmedia":[{"embeddable":true,"href":"https:\/\/mobecor.ee\/en\/wp-json\/wp\/v2\/media\/11992"}],"wp:attachment":[{"href":"https:\/\/mobecor.ee\/en\/wp-json\/wp\/v2\/media?parent=20355"}],"wp:term":[{"taxonomy":"series","embeddable":true,"href":"https:\/\/mobecor.ee\/en\/wp-json\/wp\/v2\/series?post=20355"},{"taxonomy":"product_brand","embeddable":true,"href":"https:\/\/mobecor.ee\/en\/wp-json\/wp\/v2\/product_brand?post=20355"},{"taxonomy":"product_cat","embeddable":true,"href":"https:\/\/mobecor.ee\/en\/wp-json\/wp\/v2\/product_cat?post=20355"},{"taxonomy":"product_tag","embeddable":true,"href":"https:\/\/mobecor.ee\/en\/wp-json\/wp\/v2\/product_tag?post=20355"}],"curies":[{"name":"wp","href":"https:\/\/api.w.org\/{rel}","templated":true}]}}