{"id":20356,"date":"2025-05-05T10:55:50","date_gmt":"2025-05-05T10:55:50","guid":{"rendered":"https:\/\/mobecor.ee\/?post_type=product&#038;p=20356"},"modified":"2026-03-27T15:17:17","modified_gmt":"2026-03-27T13:17:17","slug":"pikendatav-soogilaud-wenus-t-craft-must-90-160-300","status":"publish","type":"product","link":"https:\/\/mobecor.ee\/en\/toode\/pikendatav-soogilaud-wenus-t-craft-must-90-160-300\/","title":{"rendered":"Pikendatav s\u00f6\u00f6gilaud Wenus, t. craft\/must (90*160\/300)"},"content":{"rendered":"<p><span style=\"font-size: 14px;\"><span style=\"line-height: 1.3em;\">Lauaplaat:\u00a0lamineeritud m\u00f6\u00f6bliplaat puidup\u00f5hise dekooriga;<br \/>\n<\/span>Laua jalakonstruktsioon:\u00a0lamineeritud m\u00f6\u00f6bliplaat.<\/span><br \/>\n<span style=\"line-height: 1.3em; font-size: 14px;\">V\u00e4rv: tamm craft\/matt must.<\/span><br \/>\n<span style=\"line-height: 1.3em; font-size: 14px;\">Toodetud: Poolas.<\/span><br \/>\n<span style=\"line-height: 1.3em; font-size: 14px;\">Toode tarnitakse detailidena.<br \/>\nNB! Toolid ei kuulu komplekti.<\/span><\/p>\n","protected":false},"excerpt":{"rendered":"<p><span style=\"line-height: 1.3em; font-size: 14px;\">Laius:\u00a0160-300 cm.<br \/>\nS\u00fcgavus: 90 cm.<br \/>\nK\u00f5rgus: 76 cm.<\/span><br \/>\nTarneaeg: laos kohe olemas.<\/p>\n","protected":false},"featured_media":11994,"template":"","meta":{"_acf_changed":false,"inline_featured_image":false},"series":[],"product_brand":[2941],"product_cat":[219,2924],"product_tag":[],"class_list":{"0":"post-20356","1":"product","2":"type-product","3":"status-publish","4":"has-post-thumbnail","6":"product_brand-szynaka","7":"product_cat-soogilauad","8":"product_cat-soogilauad-ja-toolid-laos","10":"first","11":"instock","12":"taxable","13":"shipping-taxable","14":"purchasable","15":"product-type-simple"},"acf":[],"_links":{"self":[{"href":"https:\/\/mobecor.ee\/en\/wp-json\/wp\/v2\/product\/20356","targetHints":{"allow":["GET"]}}],"collection":[{"href":"https:\/\/mobecor.ee\/en\/wp-json\/wp\/v2\/product"}],"about":[{"href":"https:\/\/mobecor.ee\/en\/wp-json\/wp\/v2\/types\/product"}],"wp:featuredmedia":[{"embeddable":true,"href":"https:\/\/mobecor.ee\/en\/wp-json\/wp\/v2\/media\/11994"}],"wp:attachment":[{"href":"https:\/\/mobecor.ee\/en\/wp-json\/wp\/v2\/media?parent=20356"}],"wp:term":[{"taxonomy":"series","embeddable":true,"href":"https:\/\/mobecor.ee\/en\/wp-json\/wp\/v2\/series?post=20356"},{"taxonomy":"product_brand","embeddable":true,"href":"https:\/\/mobecor.ee\/en\/wp-json\/wp\/v2\/product_brand?post=20356"},{"taxonomy":"product_cat","embeddable":true,"href":"https:\/\/mobecor.ee\/en\/wp-json\/wp\/v2\/product_cat?post=20356"},{"taxonomy":"product_tag","embeddable":true,"href":"https:\/\/mobecor.ee\/en\/wp-json\/wp\/v2\/product_tag?post=20356"}],"curies":[{"name":"wp","href":"https:\/\/api.w.org\/{rel}","templated":true}]}}