{"id":20360,"date":"2025-05-05T10:56:09","date_gmt":"2025-05-05T10:56:09","guid":{"rendered":"https:\/\/mobecor.ee\/?post_type=product&#038;p=20360"},"modified":"2025-09-29T09:15:04","modified_gmt":"2025-09-29T06:15:04","slug":"pikendatav-soogilaud-orion-60-100-160","status":"publish","type":"product","link":"https:\/\/mobecor.ee\/en\/toode\/pikendatav-soogilaud-orion-60-100-160\/","title":{"rendered":"Pikendatav s\u00f6\u00f6gilaud Orion 2 (60*100\/160)"},"content":{"rendered":"<p><span style=\"line-height: 1.3em; font-size: 10pt;\">Lauaplaat:<br \/>\n* mati v\u00e4rviga (matt valge);<\/span><span style=\"line-height: 1.3em; font-size: 10pt;\"><br \/>\n* lamineeritud m\u00f6\u00f6bliplaat puidup\u00f5hise dekooriga (tamm sonoma);<br \/>\n<\/span><span style=\"font-size: 10pt;\">Jalakonstruktsioon: fooliumiga kaetud m\u00f6\u00f6bliplaat.<\/span><br \/>\n<span style=\"line-height: 1.3em; font-size: 10pt;\">V\u00e4rvivalik: matt valge; tamm sonoma.<\/span><br \/>\n<span style=\"line-height: 1.3em; font-size: 10pt;\">Toodetud: Poolas.<\/span><br \/>\n<span style=\"line-height: 1.3em; font-size: 10pt;\">Toode tarnitakse detailidena.<br \/>\nNB! Toolid ei kuulu komplekti.<\/span><\/p>\n","protected":false},"excerpt":{"rendered":"<p><span style=\"line-height: 1.3em; font-size: 10pt;\">Laius:\u00a0100-160 cm.<br \/>\nS\u00fcgavus:\u00a060 cm.<br \/>\nK\u00f5rgus: 76 cm.<br \/>\nTarneaeg: 4-8 n\u00e4dalat.<\/span><\/p>\n","protected":false},"featured_media":12002,"template":"","meta":{"_acf_changed":false,"inline_featured_image":false},"series":[],"product_brand":[2941],"product_cat":[219],"product_tag":[],"class_list":{"0":"post-20360","1":"product","2":"type-product","3":"status-publish","4":"has-post-thumbnail","6":"product_brand-szynaka","7":"product_cat-soogilauad","9":"first","10":"instock","11":"taxable","12":"shipping-taxable","13":"purchasable","14":"product-type-variable"},"acf":[],"_links":{"self":[{"href":"https:\/\/mobecor.ee\/en\/wp-json\/wp\/v2\/product\/20360","targetHints":{"allow":["GET"]}}],"collection":[{"href":"https:\/\/mobecor.ee\/en\/wp-json\/wp\/v2\/product"}],"about":[{"href":"https:\/\/mobecor.ee\/en\/wp-json\/wp\/v2\/types\/product"}],"wp:featuredmedia":[{"embeddable":true,"href":"https:\/\/mobecor.ee\/en\/wp-json\/wp\/v2\/media\/12002"}],"wp:attachment":[{"href":"https:\/\/mobecor.ee\/en\/wp-json\/wp\/v2\/media?parent=20360"}],"wp:term":[{"taxonomy":"series","embeddable":true,"href":"https:\/\/mobecor.ee\/en\/wp-json\/wp\/v2\/series?post=20360"},{"taxonomy":"product_brand","embeddable":true,"href":"https:\/\/mobecor.ee\/en\/wp-json\/wp\/v2\/product_brand?post=20360"},{"taxonomy":"product_cat","embeddable":true,"href":"https:\/\/mobecor.ee\/en\/wp-json\/wp\/v2\/product_cat?post=20360"},{"taxonomy":"product_tag","embeddable":true,"href":"https:\/\/mobecor.ee\/en\/wp-json\/wp\/v2\/product_tag?post=20360"}],"curies":[{"name":"wp","href":"https:\/\/api.w.org\/{rel}","templated":true}]}}