{"id":20421,"date":"2025-05-05T10:58:00","date_gmt":"2025-05-05T10:58:00","guid":{"rendered":"https:\/\/mobecor.ee\/?post_type=product&#038;p=20421"},"modified":"2026-01-09T09:18:50","modified_gmt":"2026-01-09T07:18:50","slug":"tootool-arsen","status":"publish","type":"product","link":"https:\/\/mobecor.ee\/en\/toode\/tootool-arsen\/","title":{"rendered":"T\u00f6\u00f6tool Arsen"},"content":{"rendered":"<p>Toolil on reguleeritava k\u00f5rgusega iste.<br \/>\nTooli iste on kaetud membraankangaga, seljatugi on kaetud v\u00f5rkkangaga.<br \/>\nKanga v\u00e4rv: hall.<br \/>\nMehhanism: tilt.<br \/>\nJalarist:\u00a0plastikust.<br \/>\nToodetud: Poolas.<br \/>\nVajab kokku monteerimist.<span style=\"line-height: 1.3em; font-size: 10pt;\"><br \/>\n<\/span><\/p>\n","protected":false},"excerpt":{"rendered":"<p>Laius:\u00a062 cm.<br \/>\nS\u00fcgavus:\u00a065 cm.<br \/>\nK\u00f5rgus:\u00a0113-124 cm.<br \/>\nIstumisk\u00f5rgus:\u00a044-55 cm.<br \/>\nMaximaalne kandev\u00f5ime: 100 kg.<br \/>\nTarneaeg: laos kohe olemas.<\/p>\n","protected":false},"featured_media":11928,"template":"","meta":{"_acf_changed":false,"inline_featured_image":false},"series":[],"product_brand":[2942],"product_cat":[2936,95],"product_tag":[],"class_list":{"0":"post-20421","1":"product","2":"type-product","3":"status-publish","4":"has-post-thumbnail","6":"product_brand-halmar","7":"product_cat-kontoritoolid-laos","8":"product_cat-tootoolid","10":"first","11":"instock","12":"taxable","13":"shipping-taxable","14":"purchasable","15":"product-type-simple"},"acf":[],"_links":{"self":[{"href":"https:\/\/mobecor.ee\/en\/wp-json\/wp\/v2\/product\/20421","targetHints":{"allow":["GET"]}}],"collection":[{"href":"https:\/\/mobecor.ee\/en\/wp-json\/wp\/v2\/product"}],"about":[{"href":"https:\/\/mobecor.ee\/en\/wp-json\/wp\/v2\/types\/product"}],"wp:featuredmedia":[{"embeddable":true,"href":"https:\/\/mobecor.ee\/en\/wp-json\/wp\/v2\/media\/11928"}],"wp:attachment":[{"href":"https:\/\/mobecor.ee\/en\/wp-json\/wp\/v2\/media?parent=20421"}],"wp:term":[{"taxonomy":"series","embeddable":true,"href":"https:\/\/mobecor.ee\/en\/wp-json\/wp\/v2\/series?post=20421"},{"taxonomy":"product_brand","embeddable":true,"href":"https:\/\/mobecor.ee\/en\/wp-json\/wp\/v2\/product_brand?post=20421"},{"taxonomy":"product_cat","embeddable":true,"href":"https:\/\/mobecor.ee\/en\/wp-json\/wp\/v2\/product_cat?post=20421"},{"taxonomy":"product_tag","embeddable":true,"href":"https:\/\/mobecor.ee\/en\/wp-json\/wp\/v2\/product_tag?post=20421"}],"curies":[{"name":"wp","href":"https:\/\/api.w.org\/{rel}","templated":true}]}}