{"id":20439,"date":"2025-05-05T10:59:20","date_gmt":"2025-05-05T10:59:20","guid":{"rendered":"https:\/\/mobecor.ee\/?post_type=product&#038;p=20439"},"modified":"2025-11-07T10:59:28","modified_gmt":"2025-11-07T08:59:28","slug":"sokkel-200-cm-h-10-15-cm","status":"publish","type":"product","link":"https:\/\/mobecor.ee\/en\/toode\/sokkel-200-cm-h-10-15-cm\/","title":{"rendered":"Sokkel 200 cm (H:10\/15 cm)"},"content":{"rendered":"<p><span style=\"line-height: 1.3em; font-size: 10pt;\"><span style=\"font-size: 14px;\"><span style=\"line-height: 1.3em;\">Materjal: lamineeritud m\u00f6\u00f6bliplaat (18 mm).<br \/>\nV\u00e4rvivalik: Grey; Lava; White; Artisan; Black.<br \/>\n<\/span><span style=\"line-height: 1.3em;\">Laius:\u00a0200 cm.<br \/>\nK\u00f5rgus: 10 cm v\u00f5i 15 cm.<br \/>\nTarneaeg: 4-8 n\u00e4dalat.<br \/>\nToodetud: Poolas.<\/span><\/span><\/span><\/p>\n","protected":false},"excerpt":{"rendered":"<p>Materjal: lamineeritud m\u00f6\u00f6bliplaat (18 mm). V\u00e4rvivalik: Grey; Lava; White; Artisan; Black. Laius:\u00a0200 cm. K\u00f5rgus: 10 cm v\u00f5i 15 cm. Tarneaeg:&#8230;<\/p>\n","protected":false},"featured_media":11768,"template":"","meta":{"_acf_changed":false,"inline_featured_image":false},"series":[],"product_brand":[2939],"product_cat":[202,204,227,228,265,266,277,279,280,281],"product_tag":[],"class_list":{"0":"post-20439","1":"product","2":"type-product","3":"status-publish","4":"has-post-thumbnail","6":"product_brand-extom","7":"product_cat-silver-korged-kapid","8":"product_cat-silver-porandakapid","9":"product_cat-emporium-korged-kapid","10":"product_cat-emporium-porandakapid","11":"product_cat-koogimoobel-signum-korged-kapid","12":"product_cat-koogimoobel-signum-porandakapid","13":"product_cat-quantum-porandakapid","14":"product_cat-quantum-korged-kapid","15":"product_cat-malmo-korged-kapid","16":"product_cat-malmo-porandakapid","18":"first","19":"instock","20":"taxable","21":"shipping-taxable","22":"purchasable","23":"product-type-variable"},"acf":[],"_links":{"self":[{"href":"https:\/\/mobecor.ee\/en\/wp-json\/wp\/v2\/product\/20439","targetHints":{"allow":["GET"]}}],"collection":[{"href":"https:\/\/mobecor.ee\/en\/wp-json\/wp\/v2\/product"}],"about":[{"href":"https:\/\/mobecor.ee\/en\/wp-json\/wp\/v2\/types\/product"}],"wp:featuredmedia":[{"embeddable":true,"href":"https:\/\/mobecor.ee\/en\/wp-json\/wp\/v2\/media\/11768"}],"wp:attachment":[{"href":"https:\/\/mobecor.ee\/en\/wp-json\/wp\/v2\/media?parent=20439"}],"wp:term":[{"taxonomy":"series","embeddable":true,"href":"https:\/\/mobecor.ee\/en\/wp-json\/wp\/v2\/series?post=20439"},{"taxonomy":"product_brand","embeddable":true,"href":"https:\/\/mobecor.ee\/en\/wp-json\/wp\/v2\/product_brand?post=20439"},{"taxonomy":"product_cat","embeddable":true,"href":"https:\/\/mobecor.ee\/en\/wp-json\/wp\/v2\/product_cat?post=20439"},{"taxonomy":"product_tag","embeddable":true,"href":"https:\/\/mobecor.ee\/en\/wp-json\/wp\/v2\/product_tag?post=20439"}],"curies":[{"name":"wp","href":"https:\/\/api.w.org\/{rel}","templated":true}]}}